{"id":10958,"date":"2023-07-04T18:16:29","date_gmt":"2023-07-04T18:16:29","guid":{"rendered":"https:\/\/munigoicoechea.go.cr\/inicio\/?page_id=10958"},"modified":"2023-12-06T19:21:34","modified_gmt":"2023-12-06T19:21:34","slug":"persona-adulta-mayor","status":"publish","type":"page","link":"https:\/\/munigoicoechea.go.cr\/inicio\/persona-adulta-mayor\/","title":{"rendered":"Persona Adulta Mayor (OPAM)"},"content":{"rendered":"\t\t<div data-elementor-type=\"wp-page\" data-elementor-id=\"10958\" class=\"elementor elementor-10958\" data-elementor-post-type=\"page\">\n\t\t\t\t\t\t<section class=\"elementor-section elementor-top-section elementor-element elementor-element-9220cf9 elementor-section-full_width elementor-section-height-default elementor-section-height-default\" data-id=\"9220cf9\" data-element_type=\"section\" data-e-type=\"section\" data-settings=\"{&quot;background_background&quot;:&quot;classic&quot;}\">\n\t\t\t\t\t\t<div class=\"elementor-container elementor-column-gap-no\">\n\t\t\t\t\t<div class=\"elementor-column elementor-col-100 elementor-top-column elementor-element elementor-element-c18db4e\" data-id=\"c18db4e\" data-element_type=\"column\" data-e-type=\"column\">\n\t\t\t<div class=\"elementor-widget-wrap elementor-element-populated\">\n\t\t\t\t\t\t<div class=\"elementor-element elementor-element-7c3dae7 elementor-widget elementor-widget-spacer\" data-id=\"7c3dae7\" data-element_type=\"widget\" data-e-type=\"widget\" data-widget_type=\"spacer.default\">\n\t\t\t\t<div class=\"elementor-widget-container\">\n\t\t\t\t\t\t\t<div class=\"elementor-spacer\">\n\t\t\t<div class=\"elementor-spacer-inner\"><\/div>\n\t\t<\/div>\n\t\t\t\t\t\t<\/div>\n\t\t\t\t<\/div>\n\t\t\t\t<div class=\"elementor-element elementor-element-66730c8 elementor-widget elementor-widget-heading\" data-id=\"66730c8\" data-element_type=\"widget\" data-e-type=\"widget\" data-widget_type=\"heading.default\">\n\t\t\t\t<div class=\"elementor-widget-container\">\n\t\t\t\t\t<h2 class=\"elementor-heading-title elementor-size-default\">Persona Adulta Mayor (OPAM)<\/h2>\t\t\t\t<\/div>\n\t\t\t\t<\/div>\n\t\t\t\t<div class=\"elementor-element elementor-element-7e5da67 elementor-widget elementor-widget-text-editor\" data-id=\"7e5da67\" data-element_type=\"widget\" data-e-type=\"widget\" data-widget_type=\"text-editor.default\">\n\t\t\t\t<div class=\"elementor-widget-container\">\n\t\t\t\t\t\t\t\t\t<p>A continuaci\u00f3n se detallan las funciones y servicios que brinda la Persona Adulta Mayor (OPAM)\u00a0para los ciudadanos.<\/p>\t\t\t\t\t\t\t\t<\/div>\n\t\t\t\t<\/div>\n\t\t\t\t<div class=\"elementor-element elementor-element-5feb1df elementor-widget elementor-widget-spacer\" data-id=\"5feb1df\" data-element_type=\"widget\" data-e-type=\"widget\" data-widget_type=\"spacer.default\">\n\t\t\t\t<div class=\"elementor-widget-container\">\n\t\t\t\t\t\t\t<div class=\"elementor-spacer\">\n\t\t\t<div class=\"elementor-spacer-inner\"><\/div>\n\t\t<\/div>\n\t\t\t\t\t\t<\/div>\n\t\t\t\t<\/div>\n\t\t\t\t\t<\/div>\n\t\t<\/div>\n\t\t\t\t\t<\/div>\n\t\t<\/section>\n\t\t\t\t<section class=\"elementor-section elementor-top-section elementor-element elementor-element-f2594d2 elementor-section-boxed elementor-section-height-default elementor-section-height-default\" data-id=\"f2594d2\" data-element_type=\"section\" data-e-type=\"section\">\n\t\t\t\t\t\t<div class=\"elementor-container elementor-column-gap-default\">\n\t\t\t\t\t<div class=\"elementor-column elementor-col-100 elementor-top-column elementor-element elementor-element-59f1839\" data-id=\"59f1839\" data-element_type=\"column\" data-e-type=\"column\">\n\t\t\t<div class=\"elementor-widget-wrap elementor-element-populated\">\n\t\t\t\t\t\t<div class=\"elementor-element elementor-element-6c9db84 elementor-widget elementor-widget-spacer\" data-id=\"6c9db84\" data-element_type=\"widget\" data-e-type=\"widget\" data-widget_type=\"spacer.default\">\n\t\t\t\t<div class=\"elementor-widget-container\">\n\t\t\t\t\t\t\t<div class=\"elementor-spacer\">\n\t\t\t<div class=\"elementor-spacer-inner\"><\/div>\n\t\t<\/div>\n\t\t\t\t\t\t<\/div>\n\t\t\t\t<\/div>\n\t\t\t\t<div class=\"elementor-element elementor-element-264e21d elementor-widget elementor-widget-text-editor\" data-id=\"264e21d\" data-element_type=\"widget\" data-e-type=\"widget\" data-widget_type=\"text-editor.default\">\n\t\t\t\t<div class=\"elementor-widget-container\">\n\t\t\t\t\t\t\t\t\t<p>El cambio demogr\u00e1fico obliga a la sociedad a pensar en un desarrollo en funci\u00f3n de las edades de la poblaci\u00f3n, pues el envejecimiento biol\u00f3gico tiene consecuencias y consideraciones sociales, econ\u00f3micas, culturales muy diferentes, dentro de tiempo y lugares espec\u00edficos y Goicoechea no es la excepci\u00f3n. <br><\/p><p>El Departamento de la Persona Adulta Mayor; contiene acciones ordinarias especializadas con disposici\u00f3n de recurso humano profesional para su atenci\u00f3n, que va desde las necesidades en materia de inserci\u00f3n social, participaci\u00f3n ciudadana, instalaci\u00f3n de capacidades, atenci\u00f3n psicoterap\u00e9utica y social.<\/p><p>Siendo Goicoechea un cant\u00f3n Pro-ODS y en concordancia con la Agenda 2030, desde la Direcci\u00f3n de Desarrollo Humano y espec\u00edficamente el Departamento de la Persona Adulta Mayor, las acciones estar\u00e1n direccionadas en los siguientes Objetivos de Desarrollo Sostenible:<br><\/p>\t\t\t\t\t\t\t\t<\/div>\n\t\t\t\t<\/div>\n\t\t\t\t<div class=\"elementor-element elementor-element-9939695 elementor-widget elementor-widget-image\" data-id=\"9939695\" data-element_type=\"widget\" data-e-type=\"widget\" data-widget_type=\"image.default\">\n\t\t\t\t<div class=\"elementor-widget-container\">\n\t\t\t\t\t\t\t\t\t\t\t\t\t\t\t<img fetchpriority=\"high\" decoding=\"async\" width=\"800\" height=\"109\" src=\"https:\/\/i0.wp.com\/munigoicoechea.go.cr\/inicio\/wp-content\/uploads\/2023\/12\/ods-lineados.jpg?fit=800%2C109&amp;ssl=1\" class=\"attachment-large size-large wp-image-11384\" alt=\"\" srcset=\"https:\/\/i0.wp.com\/munigoicoechea.go.cr\/inicio\/wp-content\/uploads\/2023\/12\/ods-lineados.jpg?w=2452&amp;ssl=1 2452w, https:\/\/i0.wp.com\/munigoicoechea.go.cr\/inicio\/wp-content\/uploads\/2023\/12\/ods-lineados.jpg?resize=300%2C41&amp;ssl=1 300w, https:\/\/i0.wp.com\/munigoicoechea.go.cr\/inicio\/wp-content\/uploads\/2023\/12\/ods-lineados.jpg?resize=1024%2C139&amp;ssl=1 1024w, https:\/\/i0.wp.com\/munigoicoechea.go.cr\/inicio\/wp-content\/uploads\/2023\/12\/ods-lineados.jpg?resize=768%2C104&amp;ssl=1 768w, https:\/\/i0.wp.com\/munigoicoechea.go.cr\/inicio\/wp-content\/uploads\/2023\/12\/ods-lineados.jpg?resize=1536%2C209&amp;ssl=1 1536w, https:\/\/i0.wp.com\/munigoicoechea.go.cr\/inicio\/wp-content\/uploads\/2023\/12\/ods-lineados.jpg?resize=2048%2C278&amp;ssl=1 2048w, https:\/\/i0.wp.com\/munigoicoechea.go.cr\/inicio\/wp-content\/uploads\/2023\/12\/ods-lineados.jpg?w=1600&amp;ssl=1 1600w, https:\/\/i0.wp.com\/munigoicoechea.go.cr\/inicio\/wp-content\/uploads\/2023\/12\/ods-lineados.jpg?w=2400&amp;ssl=1 2400w\" sizes=\"(max-width: 800px) 100vw, 800px\" \/>\t\t\t\t\t\t\t\t\t\t\t\t\t\t\t<\/div>\n\t\t\t\t<\/div>\n\t\t\t\t<div class=\"elementor-element elementor-element-08a15a4 elementor-widget elementor-widget-text-editor\" data-id=\"08a15a4\" data-element_type=\"widget\" data-e-type=\"widget\" data-widget_type=\"text-editor.default\">\n\t\t\t\t<div class=\"elementor-widget-container\">\n\t\t\t\t\t\t\t\t\t<p>Todo lo anterior, con la finalidad de atender desde la visi\u00f3n prospectiva la necesidad creciente en materia de garantizar los derechos humanos de las PAM, dado el incremento en la demanda de este grupo de poblaci\u00f3n que requiere el compromiso social e institucional para garantizar las condiciones que mejoren la calidad de vida pero sobre todo el acceso a los recursos disponibles en la sociedad como parte de las funciones jur\u00eddicas y \u00e9ticas en la gesti\u00f3n p\u00fablica, espec\u00edficamente desde los gobiernos locales.<\/p><p>Por otra parte, esta oficina se caracteriza por su compromiso con las personas adultas mayores y la capacidad para coordinar acciones interinstitucionales que permitan una atenci\u00f3n integral centrada en la persona de forma interdisciplinaria, con un enfoque inclusivo y de derechos humanos, incluyendo como pilar fundamental la participaci\u00f3n ciudadana.<\/p><p><strong>La Oficina de la Persona Adulta Mayor (OPAM)<\/strong> basa sus acciones a partir de 4 \u00e1reas estrat\u00e9gicas, brindando los siguientes servicios:<\/p><p><strong>1) Atenci\u00f3n psicol\u00f3gica y social <\/strong><\/p><p>Desde esta \u00e1rea se pretende ejecutar acciones que contribuyan al mejoramiento de la atenci\u00f3n efectiva y eficaz de la salud mental para una mejor calidad de vida y un envejecimiento saludable en la poblaci\u00f3n adulta mayor del cant\u00f3n.<\/p><p>Se brindan servicios de atenci\u00f3n psicol\u00f3gica y social de forma individual, familiar y grupal a personas adultas mayores, sus familias y\/o cuidadores-as en modalidad presencial y\/o virtual. Para esto, la OPAM cuenta con dos profesionales, una M\u00e1ster en Psicolog\u00eda Cl\u00ednica y una Licenciada en Trabajo Social. Se atienden los casos tanto de forma individual como interdisciplinariamente; seg\u00fan se requiera ya sea en la oficina o por medio de visitas domiciliares.<\/p><p><strong>2) Capacitaci\u00f3n y formaci\u00f3n<\/strong><\/p><p>Espacios de capacitaci\u00f3n y formaci\u00f3n que permitan fomentar el aprendizaje, la autonom\u00eda y la independencia en las PAM, sus familiares y cuidadores-as; por medio de charlas, cursos y capacitaciones; basados en la prevenci\u00f3n, la salud integral y en la validaci\u00f3n de los derechos de las personas adultas mayores.<\/p><p>Adem\u00e1s, se coordinan alianzas y acciones interinstitucionales para la ejecuci\u00f3n de charlas, talleres y capacitaciones impartidas por personal profesional, tal como el Programa Ciudadano de Oro de la Caja Costarricense de Seguro Social, entre otros.<\/p><p><strong>3) Gesti\u00f3n de proyectos<\/strong> <br \/>Accionar orientado a promover en las Personas Adultas Mayores el derecho a la recreaci\u00f3n, aprendizaje, esparcimiento y socializaci\u00f3n por medio de diversas estrategias y t\u00e9cnicas art\u00edsticas, l\u00fadicas y educativas.<br \/>Generando espacio de aprendizaje y esparcimiento para fomentar estilos de vida saludable y procesos de envejecimiento activo en las personas adultas mayores; tales como taller de teatro, manualidades, entre otros. <br \/>As\u00ed como, celebrar y conmemorar fechas importantes nacionales e internaciones relacionadas con las personas adultas mayores. Esto mediante actividades recreativas y culturales, presenciales y\/o virtuales.<\/p><p><strong>Se llevan a cabo los siguientes procesos:<\/strong><\/p><p>\u2022 Taller de Memoria (Estimulaci\u00f3n Mental) M\u00f3dulo I y II.<br \/>\u2022 Taller Uso Seguro del Celular Nivel I y II. <br \/>\u2022 Taller de Teatro: Grupo Hojas de Oto\u00f1o <br \/>\u2022 Taller de Manualidades, programadas desde el mes de junio y hasta diciembre, con t\u00e9cnicas mensuales. <br \/>\u2022 Conmemoraci\u00f3n del D\u00eda Contra la Violencia y Maltrato hacia la Persona Adulta Mayor, llevada a cabo el 15 de junio en conmemoraci\u00f3n del D\u00eda Internacional contra el Abuso y Maltrato en la Vejez y D\u00eda Nacional contra el Abuso, Maltrato, Marginaci\u00f3n y Negligencia hacia las Personas Adultas Mayores.<br \/>\u2022 Celebraci\u00f3n del Dia Nacional de las y los Abuelos (26 julio).<br \/>\u2022 Bailes de Oro<br \/>\u2022 PAM emprendedoras, red de personas mayores de 60 a\u00f1os, con emprendimientos de alimentaci\u00f3n y otros. Cuentan con participaci\u00f3n en los Bailes de Oro y otras actividades de la oficina. <br \/>\u2022 Semana de Oro, programaci\u00f3n de actividades durante una semana del mes; siendo una actividad diaria, algunas en horas de la ma\u00f1ana y otras en la tarde. Requiere coordinaci\u00f3n con profesionales para charlas, contrataciones de servicios, convocatorias, elaboraci\u00f3n de propuesta, afiches, expediente, entre otros. <br \/>\u2022 \u201cCiudades y Comunidades Amigables con las Personas Adultas Mayores y con Discapacidad\u201d.<br \/>\u2022 Red de Atenci\u00f3n Progresiva de Cuido.<br \/>\u2022 Red Cantonal de Lideresas de Grupos de Personas Adultas Mayores Organizados.<\/p><p><strong>Actualmente, la Oficina est\u00e1 trabajando en el desarrollo de:<\/strong><\/p><p>\u2022 Proceso de contrataci\u00f3n para el dise\u00f1o y elaboraci\u00f3n de la Pol\u00edtica Local de Envejecimiento y Vejez.<br \/>\u2022 Participaci\u00f3n en el dise\u00f1o y elaboraci\u00f3n de la propuesta \u201cCentro de Atenci\u00f3n Integral para las Personas Adultas Mayores de Goicoechea.\u201d<br \/>\u2022 Dise\u00f1o y elaboraci\u00f3n de 2 proyectos los cuales est\u00e1n en construcci\u00f3n para ser ejecutados con prontitud; enfocados en deporte y personas cuidadoras.<br \/>\u2022 Readaptaci\u00f3n y redise\u00f1o 2 de los proyectos \u201cAbuelos y abuelas Cuentacuentos y Preparaci\u00f3n a la Jubilaci\u00f3n\u201d.<br \/>\u2022 Primera etapa del Programa Internacional de Ciudades Amigables con las Personas Adultas Mayores y con Discapacidad. <br \/>\u2022 Charlas sobre derechos humanos, salud mental y afectaciones cognitivas en las personas adultas mayores.<br \/>\u2022 Ejecuci\u00f3n de talleres preventivos para la memoria en las personas adultas mayores. <br \/>\u2022 Red de emprendimientos PAM.<br \/>\u2022 Bailes de oro mensuales.<\/p><p><strong>La Oficina de la Persona Adulta Mayor implementa las distintas l\u00edneas estrat\u00e9gicas desde los siguientes posicionamientos:<\/strong><\/p><p><strong>Misi\u00f3n<\/strong><\/p><p>Brindar a las Personas Adultas Mayores del cant\u00f3n de Goicoechea una atenci\u00f3n integral centrada en la persona desde el \u00e1rea psicosocial de manera que contribuya en el mejoramiento de las condiciones de vida, propiciando estilos de vida saludables, conscientes y de derecho, a trav\u00e9s de la participaci\u00f3n social, capacitaci\u00f3n, formaci\u00f3n y gesti\u00f3n de proyectos.<\/p><p><strong>Visi\u00f3n<\/strong><\/p><p>La Oficina de la Persona Adulta Mayor se consolidar\u00e1 como una instancia que promueve y ejecuta acciones interinstitucionales, transversalizadas por los derechos humanos, con el objetivo de ser una instancia que d\u00e9 respuesta a las problem\u00e1ticas y necesidades de las personas adultas mayores del cant\u00f3n.<\/p><p><strong>Valores<\/strong><\/p><p>\u2022 Respeto<br \/>\u2022 Dignidad<br \/>\u2022 Tolerancia<br \/>\u2022 Empat\u00eda<br \/>\u2022 Compromiso<br \/>\u2022 Honestidad <br \/>\u2022 Transparencia <br \/>\u2022 Responsabilidad<\/p><p><strong>Contacto:<\/strong><br \/><br \/>2527-6600 ext. 680 o 2527-6675<\/p><p><a href=\"mailto:nancy.sanchez@munigoicoechea.go.cr\"><strong>nancy.sanchez@munigoicoechea.go.cr<\/strong><\/a><br \/><a href=\"mailto:maria.alfaro@munigoicoechea.go.cr\"><strong>maria.alfaro@munigoicoechea.go.cr<\/strong><\/a><br \/><a href=\"mailto:ruth.sequeira@munigoicoechea.go.cr\"><strong>ruth.sequeira@munigoicoechea.go.cr<\/strong><\/a><\/p>\t\t\t\t\t\t\t\t<\/div>\n\t\t\t\t<\/div>\n\t\t\t\t\t<\/div>\n\t\t<\/div>\n\t\t\t\t\t<\/div>\n\t\t<\/section>\n\t\t\t\t<section class=\"elementor-section elementor-top-section elementor-element elementor-element-6c94a8d elementor-section-boxed elementor-section-height-default elementor-section-height-default\" data-id=\"6c94a8d\" data-element_type=\"section\" data-e-type=\"section\">\n\t\t\t\t\t\t<div class=\"elementor-container elementor-column-gap-default\">\n\t\t\t\t\t<div class=\"elementor-column elementor-col-100 elementor-top-column elementor-element elementor-element-e125e05\" data-id=\"e125e05\" data-element_type=\"column\" data-e-type=\"column\">\n\t\t\t<div class=\"elementor-widget-wrap\">\n\t\t\t\t\t\t\t<\/div>\n\t\t<\/div>\n\t\t\t\t\t<\/div>\n\t\t<\/section>\n\t\t\t\t<\/div>\n\t\t","protected":false},"excerpt":{"rendered":"<p>Persona Adulta Mayor (OPAM) A continuaci\u00f3n se detallan las funciones y servicios que brinda la Persona Adulta Mayor (OPAM)\u00a0para los ciudadanos. El cambio demogr\u00e1fico obliga a la sociedad a pensar en un desarrollo en funci\u00f3n de las edades de la poblaci\u00f3n, pues el envejecimiento biol\u00f3gico tiene consecuencias y consideraciones sociales, econ\u00f3micas, culturales muy diferentes, dentro [&hellip;]<\/p>\n","protected":false},"author":2,"featured_media":0,"parent":0,"menu_order":0,"comment_status":"closed","ping_status":"closed","template":"elementor_header_footer","meta":{"_monsterinsights_skip_tracking":false,"_monsterinsights_sitenote_active":false,"_monsterinsights_sitenote_note":"","_monsterinsights_sitenote_category":0,"_joinchat":[],"footnotes":""},"class_list":["post-10958","page","type-page","status-publish","hentry"],"aioseo_notices":[],"yoast_head":"<!-- This site is optimized with the Yoast SEO plugin v27.1.1 - https:\/\/yoast.com\/product\/yoast-seo-wordpress\/ -->\n<title>Persona Adulta Mayor (OPAM) &#8211; Municipalidad de Goicoechea<\/title>\n<meta name=\"description\" content=\"Adulta Mayor OPAM\" \/>\n<meta name=\"robots\" content=\"index, follow, max-snippet:-1, max-image-preview:large, max-video-preview:-1\" \/>\n<link rel=\"canonical\" href=\"https:\/\/munigoicoechea.go.cr\/inicio\/persona-adulta-mayor\/\" \/>\n<meta property=\"og:locale\" content=\"es_ES\" \/>\n<meta property=\"og:type\" content=\"article\" \/>\n<meta property=\"og:title\" content=\"Persona Adulta Mayor (OPAM) &#8211; Municipalidad de Goicoechea\" \/>\n<meta property=\"og:description\" content=\"Adulta Mayor OPAM\" \/>\n<meta property=\"og:url\" content=\"https:\/\/munigoicoechea.go.cr\/inicio\/persona-adulta-mayor\/\" \/>\n<meta property=\"og:site_name\" content=\"Municipalidad de Goicoechea\" \/>\n<meta property=\"article:publisher\" content=\"https:\/\/www.facebook.com\/munigoicooficial\/\" \/>\n<meta property=\"article:modified_time\" content=\"2023-12-06T19:21:34+00:00\" \/>\n<meta property=\"og:image\" content=\"https:\/\/munigoicoechea.go.cr\/inicio\/wp-content\/uploads\/2023\/12\/ods-lineados-1024x139.jpg\" \/>\n<meta name=\"twitter:card\" content=\"summary_large_image\" \/>\n<meta name=\"twitter:label1\" content=\"Tiempo de lectura\" \/>\n\t<meta name=\"twitter:data1\" content=\"6 minutos\" \/>\n<script type=\"application\/ld+json\" class=\"yoast-schema-graph\">{\"@context\":\"https:\/\/schema.org\",\"@graph\":[{\"@type\":\"WebPage\",\"@id\":\"https:\/\/munigoicoechea.go.cr\/inicio\/persona-adulta-mayor\/\",\"url\":\"https:\/\/munigoicoechea.go.cr\/inicio\/persona-adulta-mayor\/\",\"name\":\"Persona Adulta Mayor (OPAM) &#8211; Municipalidad de Goicoechea\",\"isPartOf\":{\"@id\":\"https:\/\/munigoicoechea.go.cr\/inicio\/#website\"},\"primaryImageOfPage\":{\"@id\":\"https:\/\/munigoicoechea.go.cr\/inicio\/persona-adulta-mayor\/#primaryimage\"},\"image\":{\"@id\":\"https:\/\/munigoicoechea.go.cr\/inicio\/persona-adulta-mayor\/#primaryimage\"},\"thumbnailUrl\":\"https:\/\/munigoicoechea.go.cr\/inicio\/wp-content\/uploads\/2023\/12\/ods-lineados-1024x139.jpg\",\"datePublished\":\"2023-07-04T18:16:29+00:00\",\"dateModified\":\"2023-12-06T19:21:34+00:00\",\"description\":\"Adulta Mayor OPAM\",\"breadcrumb\":{\"@id\":\"https:\/\/munigoicoechea.go.cr\/inicio\/persona-adulta-mayor\/#breadcrumb\"},\"inLanguage\":\"es\",\"potentialAction\":[{\"@type\":\"ReadAction\",\"target\":[\"https:\/\/munigoicoechea.go.cr\/inicio\/persona-adulta-mayor\/\"]}]},{\"@type\":\"ImageObject\",\"inLanguage\":\"es\",\"@id\":\"https:\/\/munigoicoechea.go.cr\/inicio\/persona-adulta-mayor\/#primaryimage\",\"url\":\"https:\/\/i0.wp.com\/munigoicoechea.go.cr\/inicio\/wp-content\/uploads\/2023\/12\/ods-lineados.jpg?fit=2452%2C333&ssl=1\",\"contentUrl\":\"https:\/\/i0.wp.com\/munigoicoechea.go.cr\/inicio\/wp-content\/uploads\/2023\/12\/ods-lineados.jpg?fit=2452%2C333&ssl=1\",\"width\":2452,\"height\":333},{\"@type\":\"BreadcrumbList\",\"@id\":\"https:\/\/munigoicoechea.go.cr\/inicio\/persona-adulta-mayor\/#breadcrumb\",\"itemListElement\":[{\"@type\":\"ListItem\",\"position\":1,\"name\":\"Portada\",\"item\":\"https:\/\/munigoicoechea.go.cr\/inicio\/\"},{\"@type\":\"ListItem\",\"position\":2,\"name\":\"Persona Adulta Mayor (OPAM)\"}]},{\"@type\":\"WebSite\",\"@id\":\"https:\/\/munigoicoechea.go.cr\/inicio\/#website\",\"url\":\"https:\/\/munigoicoechea.go.cr\/inicio\/\",\"name\":\"Municipalidad de Goicoechea\",\"description\":\"\u00a1Hacemos que las cosas sucedan!\",\"publisher\":{\"@id\":\"https:\/\/munigoicoechea.go.cr\/inicio\/#organization\"},\"potentialAction\":[{\"@type\":\"SearchAction\",\"target\":{\"@type\":\"EntryPoint\",\"urlTemplate\":\"https:\/\/munigoicoechea.go.cr\/inicio\/?s={search_term_string}\"},\"query-input\":{\"@type\":\"PropertyValueSpecification\",\"valueRequired\":true,\"valueName\":\"search_term_string\"}}],\"inLanguage\":\"es\"},{\"@type\":\"Organization\",\"@id\":\"https:\/\/munigoicoechea.go.cr\/inicio\/#organization\",\"name\":\"Municipalidad de Goicoechea\",\"url\":\"https:\/\/munigoicoechea.go.cr\/inicio\/\",\"logo\":{\"@type\":\"ImageObject\",\"inLanguage\":\"es\",\"@id\":\"https:\/\/munigoicoechea.go.cr\/inicio\/#\/schema\/logo\/image\/\",\"url\":\"https:\/\/i0.wp.com\/munigoicoechea.go.cr\/inicio\/wp-content\/uploads\/2021\/09\/cropped-cropped-Logo_Oficial-300x290-1.png?fit=512%2C512&ssl=1\",\"contentUrl\":\"https:\/\/i0.wp.com\/munigoicoechea.go.cr\/inicio\/wp-content\/uploads\/2021\/09\/cropped-cropped-Logo_Oficial-300x290-1.png?fit=512%2C512&ssl=1\",\"width\":512,\"height\":512,\"caption\":\"Municipalidad de Goicoechea\"},\"image\":{\"@id\":\"https:\/\/munigoicoechea.go.cr\/inicio\/#\/schema\/logo\/image\/\"},\"sameAs\":[\"https:\/\/www.facebook.com\/munigoicooficial\/\",\"https:\/\/www.youtube.com\/channel\/UCdAVgrbooTmXJlBeYMusKiA?reload=9\"]}]}<\/script>\n<!-- \/ Yoast SEO plugin. -->","yoast_head_json":{"title":"Persona Adulta Mayor (OPAM) &#8211; Municipalidad de Goicoechea","description":"Adulta Mayor OPAM","robots":{"index":"index","follow":"follow","max-snippet":"max-snippet:-1","max-image-preview":"max-image-preview:large","max-video-preview":"max-video-preview:-1"},"canonical":"https:\/\/munigoicoechea.go.cr\/inicio\/persona-adulta-mayor\/","og_locale":"es_ES","og_type":"article","og_title":"Persona Adulta Mayor (OPAM) &#8211; Municipalidad de Goicoechea","og_description":"Adulta Mayor OPAM","og_url":"https:\/\/munigoicoechea.go.cr\/inicio\/persona-adulta-mayor\/","og_site_name":"Municipalidad de Goicoechea","article_publisher":"https:\/\/www.facebook.com\/munigoicooficial\/","article_modified_time":"2023-12-06T19:21:34+00:00","og_image":[{"url":"https:\/\/munigoicoechea.go.cr\/inicio\/wp-content\/uploads\/2023\/12\/ods-lineados-1024x139.jpg","type":"","width":"","height":""}],"twitter_card":"summary_large_image","twitter_misc":{"Tiempo de lectura":"6 minutos"},"schema":{"@context":"https:\/\/schema.org","@graph":[{"@type":"WebPage","@id":"https:\/\/munigoicoechea.go.cr\/inicio\/persona-adulta-mayor\/","url":"https:\/\/munigoicoechea.go.cr\/inicio\/persona-adulta-mayor\/","name":"Persona Adulta Mayor (OPAM) &#8211; Municipalidad de Goicoechea","isPartOf":{"@id":"https:\/\/munigoicoechea.go.cr\/inicio\/#website"},"primaryImageOfPage":{"@id":"https:\/\/munigoicoechea.go.cr\/inicio\/persona-adulta-mayor\/#primaryimage"},"image":{"@id":"https:\/\/munigoicoechea.go.cr\/inicio\/persona-adulta-mayor\/#primaryimage"},"thumbnailUrl":"https:\/\/munigoicoechea.go.cr\/inicio\/wp-content\/uploads\/2023\/12\/ods-lineados-1024x139.jpg","datePublished":"2023-07-04T18:16:29+00:00","dateModified":"2023-12-06T19:21:34+00:00","description":"Adulta Mayor OPAM","breadcrumb":{"@id":"https:\/\/munigoicoechea.go.cr\/inicio\/persona-adulta-mayor\/#breadcrumb"},"inLanguage":"es","potentialAction":[{"@type":"ReadAction","target":["https:\/\/munigoicoechea.go.cr\/inicio\/persona-adulta-mayor\/"]}]},{"@type":"ImageObject","inLanguage":"es","@id":"https:\/\/munigoicoechea.go.cr\/inicio\/persona-adulta-mayor\/#primaryimage","url":"https:\/\/i0.wp.com\/munigoicoechea.go.cr\/inicio\/wp-content\/uploads\/2023\/12\/ods-lineados.jpg?fit=2452%2C333&ssl=1","contentUrl":"https:\/\/i0.wp.com\/munigoicoechea.go.cr\/inicio\/wp-content\/uploads\/2023\/12\/ods-lineados.jpg?fit=2452%2C333&ssl=1","width":2452,"height":333},{"@type":"BreadcrumbList","@id":"https:\/\/munigoicoechea.go.cr\/inicio\/persona-adulta-mayor\/#breadcrumb","itemListElement":[{"@type":"ListItem","position":1,"name":"Portada","item":"https:\/\/munigoicoechea.go.cr\/inicio\/"},{"@type":"ListItem","position":2,"name":"Persona Adulta Mayor (OPAM)"}]},{"@type":"WebSite","@id":"https:\/\/munigoicoechea.go.cr\/inicio\/#website","url":"https:\/\/munigoicoechea.go.cr\/inicio\/","name":"Municipalidad de Goicoechea","description":"\u00a1Hacemos que las cosas sucedan!","publisher":{"@id":"https:\/\/munigoicoechea.go.cr\/inicio\/#organization"},"potentialAction":[{"@type":"SearchAction","target":{"@type":"EntryPoint","urlTemplate":"https:\/\/munigoicoechea.go.cr\/inicio\/?s={search_term_string}"},"query-input":{"@type":"PropertyValueSpecification","valueRequired":true,"valueName":"search_term_string"}}],"inLanguage":"es"},{"@type":"Organization","@id":"https:\/\/munigoicoechea.go.cr\/inicio\/#organization","name":"Municipalidad de Goicoechea","url":"https:\/\/munigoicoechea.go.cr\/inicio\/","logo":{"@type":"ImageObject","inLanguage":"es","@id":"https:\/\/munigoicoechea.go.cr\/inicio\/#\/schema\/logo\/image\/","url":"https:\/\/i0.wp.com\/munigoicoechea.go.cr\/inicio\/wp-content\/uploads\/2021\/09\/cropped-cropped-Logo_Oficial-300x290-1.png?fit=512%2C512&ssl=1","contentUrl":"https:\/\/i0.wp.com\/munigoicoechea.go.cr\/inicio\/wp-content\/uploads\/2021\/09\/cropped-cropped-Logo_Oficial-300x290-1.png?fit=512%2C512&ssl=1","width":512,"height":512,"caption":"Municipalidad de Goicoechea"},"image":{"@id":"https:\/\/munigoicoechea.go.cr\/inicio\/#\/schema\/logo\/image\/"},"sameAs":["https:\/\/www.facebook.com\/munigoicooficial\/","https:\/\/www.youtube.com\/channel\/UCdAVgrbooTmXJlBeYMusKiA?reload=9"]}]}},"jetpack_sharing_enabled":true,"_links":{"self":[{"href":"https:\/\/munigoicoechea.go.cr\/inicio\/wp-json\/wp\/v2\/pages\/10958","targetHints":{"allow":["GET"]}}],"collection":[{"href":"https:\/\/munigoicoechea.go.cr\/inicio\/wp-json\/wp\/v2\/pages"}],"about":[{"href":"https:\/\/munigoicoechea.go.cr\/inicio\/wp-json\/wp\/v2\/types\/page"}],"author":[{"embeddable":true,"href":"https:\/\/munigoicoechea.go.cr\/inicio\/wp-json\/wp\/v2\/users\/2"}],"replies":[{"embeddable":true,"href":"https:\/\/munigoicoechea.go.cr\/inicio\/wp-json\/wp\/v2\/comments?post=10958"}],"version-history":[{"count":26,"href":"https:\/\/munigoicoechea.go.cr\/inicio\/wp-json\/wp\/v2\/pages\/10958\/revisions"}],"predecessor-version":[{"id":11401,"href":"https:\/\/munigoicoechea.go.cr\/inicio\/wp-json\/wp\/v2\/pages\/10958\/revisions\/11401"}],"wp:attachment":[{"href":"https:\/\/munigoicoechea.go.cr\/inicio\/wp-json\/wp\/v2\/media?parent=10958"}],"curies":[{"name":"wp","href":"https:\/\/api.w.org\/{rel}","templated":true}]}}