{"id":12420,"date":"2024-05-29T21:13:31","date_gmt":"2024-05-29T21:13:31","guid":{"rendered":"https:\/\/munigoicoechea.go.cr\/inicio\/?page_id=12420"},"modified":"2024-05-31T16:33:25","modified_gmt":"2024-05-31T16:33:25","slug":"concejo-municipal","status":"publish","type":"page","link":"https:\/\/munigoicoechea.go.cr\/inicio\/concejo-municipal\/","title":{"rendered":"Concejo Municipal"},"content":{"rendered":"\t\t<div data-elementor-type=\"wp-page\" data-elementor-id=\"12420\" class=\"elementor elementor-12420\" data-elementor-post-type=\"page\">\n\t\t\t\t\t\t<section class=\"elementor-section elementor-top-section elementor-element elementor-element-939aff3 elementor-section-full_width elementor-section-height-default elementor-section-height-default\" data-id=\"939aff3\" data-element_type=\"section\" data-e-type=\"section\">\n\t\t\t\t\t\t<div class=\"elementor-container elementor-column-gap-no\">\n\t\t\t\t\t<div class=\"elementor-column elementor-col-100 elementor-top-column elementor-element elementor-element-8a1984d\" data-id=\"8a1984d\" data-element_type=\"column\" data-e-type=\"column\">\n\t\t\t<div class=\"elementor-widget-wrap elementor-element-populated\">\n\t\t\t\t\t\t<div class=\"elementor-element elementor-element-c7b6094 elementor-widget elementor-widget-spacer\" data-id=\"c7b6094\" data-element_type=\"widget\" data-e-type=\"widget\" data-widget_type=\"spacer.default\">\n\t\t\t\t<div class=\"elementor-widget-container\">\n\t\t\t\t\t\t\t<div class=\"elementor-spacer\">\n\t\t\t<div class=\"elementor-spacer-inner\"><\/div>\n\t\t<\/div>\n\t\t\t\t\t\t<\/div>\n\t\t\t\t<\/div>\n\t\t\t\t\t<\/div>\n\t\t<\/div>\n\t\t\t\t\t<\/div>\n\t\t<\/section>\n\t\t\t\t<section class=\"elementor-section elementor-top-section elementor-element elementor-element-3928212 elementor-section-full_width elementor-section-height-default elementor-section-height-default\" data-id=\"3928212\" data-element_type=\"section\" data-e-type=\"section\" data-settings=\"{&quot;background_background&quot;:&quot;classic&quot;}\">\n\t\t\t\t\t\t<div class=\"elementor-container elementor-column-gap-no\">\n\t\t\t\t\t<div class=\"elementor-column elementor-col-100 elementor-top-column elementor-element elementor-element-b2e8688\" data-id=\"b2e8688\" data-element_type=\"column\" data-e-type=\"column\">\n\t\t\t<div class=\"elementor-widget-wrap elementor-element-populated\">\n\t\t\t\t\t\t<div class=\"elementor-element elementor-element-64f4614 elementor-widget elementor-widget-spacer\" data-id=\"64f4614\" data-element_type=\"widget\" data-e-type=\"widget\" data-widget_type=\"spacer.default\">\n\t\t\t\t<div class=\"elementor-widget-container\">\n\t\t\t\t\t\t\t<div class=\"elementor-spacer\">\n\t\t\t<div class=\"elementor-spacer-inner\"><\/div>\n\t\t<\/div>\n\t\t\t\t\t\t<\/div>\n\t\t\t\t<\/div>\n\t\t\t\t<div class=\"elementor-element elementor-element-e72fc1e elementor-widget elementor-widget-heading\" data-id=\"e72fc1e\" data-element_type=\"widget\" data-e-type=\"widget\" data-widget_type=\"heading.default\">\n\t\t\t\t<div class=\"elementor-widget-container\">\n\t\t\t\t\t<h2 class=\"elementor-heading-title elementor-size-default\">Concejo Municipal<\/h2>\t\t\t\t<\/div>\n\t\t\t\t<\/div>\n\t\t\t\t<div class=\"elementor-element elementor-element-1433c0d elementor-widget elementor-widget-text-editor\" data-id=\"1433c0d\" data-element_type=\"widget\" data-e-type=\"widget\" data-widget_type=\"text-editor.default\">\n\t\t\t\t<div class=\"elementor-widget-container\">\n\t\t\t\t\t\t\t\t\t<p>El Concejo Municipal en Costa Rica es el \u00f3rgano legislativo local. Su funci\u00f3n es supervisar la administraci\u00f3n municipal, aprobar presupuestos y normativas, y representar a la comunidad en la toma de decisiones.<\/p>\t\t\t\t\t\t\t\t<\/div>\n\t\t\t\t<\/div>\n\t\t\t\t<div class=\"elementor-element elementor-element-e926612 elementor-widget elementor-widget-spacer\" data-id=\"e926612\" data-element_type=\"widget\" data-e-type=\"widget\" data-widget_type=\"spacer.default\">\n\t\t\t\t<div class=\"elementor-widget-container\">\n\t\t\t\t\t\t\t<div class=\"elementor-spacer\">\n\t\t\t<div class=\"elementor-spacer-inner\"><\/div>\n\t\t<\/div>\n\t\t\t\t\t\t<\/div>\n\t\t\t\t<\/div>\n\t\t\t\t\t<\/div>\n\t\t<\/div>\n\t\t\t\t\t<\/div>\n\t\t<\/section>\n\t\t\t\t<section class=\"elementor-section elementor-top-section elementor-element elementor-element-57d946b elementor-section-boxed elementor-section-height-default elementor-section-height-default\" data-id=\"57d946b\" data-element_type=\"section\" data-e-type=\"section\">\n\t\t\t\t\t\t<div class=\"elementor-container elementor-column-gap-default\">\n\t\t\t\t\t<div class=\"elementor-column elementor-col-100 elementor-top-column elementor-element elementor-element-c85720c\" data-id=\"c85720c\" data-element_type=\"column\" data-e-type=\"column\">\n\t\t\t<div class=\"elementor-widget-wrap elementor-element-populated\">\n\t\t\t\t\t\t<div class=\"elementor-element elementor-element-fa27b88 elementor-widget elementor-widget-spacer\" data-id=\"fa27b88\" data-element_type=\"widget\" data-e-type=\"widget\" data-widget_type=\"spacer.default\">\n\t\t\t\t<div class=\"elementor-widget-container\">\n\t\t\t\t\t\t\t<div class=\"elementor-spacer\">\n\t\t\t<div class=\"elementor-spacer-inner\"><\/div>\n\t\t<\/div>\n\t\t\t\t\t\t<\/div>\n\t\t\t\t<\/div>\n\t\t\t\t<div class=\"elementor-element elementor-element-9a9f083 elementor-widget elementor-widget-accordion\" data-id=\"9a9f083\" data-element_type=\"widget\" data-e-type=\"widget\" data-widget_type=\"accordion.default\">\n\t\t\t\t<div class=\"elementor-widget-container\">\n\t\t\t\t\t\t\t<div class=\"elementor-accordion\">\n\t\t\t\t\t\t\t<div class=\"elementor-accordion-item\">\n\t\t\t\t\t<div id=\"elementor-tab-title-1621\" class=\"elementor-tab-title\" data-tab=\"1\" role=\"button\" aria-controls=\"elementor-tab-content-1621\" aria-expanded=\"false\">\n\t\t\t\t\t\t\t\t\t\t\t\t\t<span class=\"elementor-accordion-icon elementor-accordion-icon-left\" aria-hidden=\"true\">\n\t\t\t\t\t\t\t\t\t\t\t\t\t\t\t<span class=\"elementor-accordion-icon-closed\"><i class=\"fas fa-plus\"><\/i><\/span>\n\t\t\t\t\t\t\t\t<span class=\"elementor-accordion-icon-opened\"><i class=\"fas fa-minus\"><\/i><\/span>\n\t\t\t\t\t\t\t\t\t\t\t\t\t\t<\/span>\n\t\t\t\t\t\t\t\t\t\t\t\t<a class=\"elementor-accordion-title\" tabindex=\"0\">Regidores Propietarios<\/a>\n\t\t\t\t\t<\/div>\n\t\t\t\t\t<div id=\"elementor-tab-content-1621\" class=\"elementor-tab-content elementor-clearfix\" data-tab=\"1\" role=\"region\" aria-labelledby=\"elementor-tab-title-1621\"><p>Gloriana Diorela Carmona Seravalli &#8211; Frente Amplio <strong>(presidenta del Concejo Municipal)<\/strong>, <a href=\"mailto:carmonagloriana@gmail.com\">carmonagloriana@gmail.com\u00a0<\/a><br \/>Carlos Luis Murillo Rodr\u00edguez &#8211; Partido Unidad Social Cristiana <strong>(vicepresidente del Concejo Municipal)<\/strong>, <a href=\"mailto:carlos.murillo@munigoicoechea.go.cr\">carlos.murillo@munigoicoechea.go.cr<\/a><br \/>Rafael \u00c1ngel Vargas Brenes &#8211; Partido Liberaci\u00f3n Nacional, <a href=\"mailto:fellovargasb@hotmail.com\">fellovargasb@hotmail.com<\/a><br \/>Carmen Mar\u00eda Mart\u00ednez Barahona &#8211; Partido Liberaci\u00f3n Nacional, <a href=\"mailto:carmenmartinez2509@hotmail.com\">carmenmartinez2509@hotmail.com<\/a><br \/>Grettel Virginia Amador Rojas &#8211; Partido Unidad Social Cristiana, <a href=\"mailto:gamador14@gmail.com\">gamador14@gmail.com<\/a>\u00a0<br \/>Melissa Valdivia Z\u00fa\u00f1iga &#8211; Cambio Ciudadano,\u00a0 <a href=\"mailto:melissa.valdivia@munigoicoechea.go.cr\">melissa.valdivia@munigoicoechea.go.cr<\/a><br \/>Luis Carlos Barquero Araya &#8211; Cambio Ciudadano, <a href=\"mailto:barqueroaraya@hotmail.com\">barqueroaraya@hotmail.com<\/a><br \/>William Fallas Bogar\u00edn &#8211; Unidos Podemos, <a href=\"mailto:williamfallasbogarin19@gmail.com\">williamfallasbogarin19@gmail.com<\/a>\u00a0<br \/>Mar\u00eda Lorena Ortiz Salazar &#8211; Partido Progreso Social Democr\u00e1tico, <a href=\"mailto:loreortiz2602@gmail.com\">loreortiz2602@gmail.com<\/a><\/p><\/div>\n\t\t\t\t<\/div>\n\t\t\t\t\t\t\t<div class=\"elementor-accordion-item\">\n\t\t\t\t\t<div id=\"elementor-tab-title-1622\" class=\"elementor-tab-title\" data-tab=\"2\" role=\"button\" aria-controls=\"elementor-tab-content-1622\" aria-expanded=\"false\">\n\t\t\t\t\t\t\t\t\t\t\t\t\t<span class=\"elementor-accordion-icon elementor-accordion-icon-left\" aria-hidden=\"true\">\n\t\t\t\t\t\t\t\t\t\t\t\t\t\t\t<span class=\"elementor-accordion-icon-closed\"><i class=\"fas fa-plus\"><\/i><\/span>\n\t\t\t\t\t\t\t\t<span class=\"elementor-accordion-icon-opened\"><i class=\"fas fa-minus\"><\/i><\/span>\n\t\t\t\t\t\t\t\t\t\t\t\t\t\t<\/span>\n\t\t\t\t\t\t\t\t\t\t\t\t<a class=\"elementor-accordion-title\" tabindex=\"0\">Regidores Suplentes<\/a>\n\t\t\t\t\t<\/div>\n\t\t\t\t\t<div id=\"elementor-tab-content-1622\" class=\"elementor-tab-content elementor-clearfix\" data-tab=\"2\" role=\"region\" aria-labelledby=\"elementor-tab-title-1622\"><p>Carolina Arauz Dur\u00e1n &#8211; Partido Liberaci\u00f3n Nacional, <a href=\"mailto:carolina.arauz@munigoicoechea.go.cr\">carolina.arauz@munigoicoechea.go.cr<\/a><br \/>Christian Mu\u00f1oz Rojas &#8211; Partido Liberaci\u00f3n Nacional, <a href=\"mailto:chrismrojas2015@gmail.com\">chrismrojas2015@gmail.com<\/a><br \/>Rosaura Castell\u00f3n Navarro &#8211; Cambio Ciudadano, <a href=\"mailto:rossycastellon@gmail.com\">rossycastellon@gmail.com<\/a><br \/>Sixto Araya Araya &#8211; Cambio Ciudadano,\u00a0 <a href=\"mailto:sixtoaraya@gmail.com\">sixtoaraya@gmail.com\u00a0<\/a><br \/>Emilio Jos\u00e9 Fallas Sand\u00ed &#8211; Partido Unidad Social Cristiana, <a href=\"mailto:emiliofallas@gmail.com\">emiliofallas@gmail.com\u00a0<\/a><br \/>Marisol Campos Arias &#8211; Partido Unidad Social Cristiana, <a href=\"mailto:camposarias.marisol@gmail.com\">camposarias.marisol@gmail.com<\/a><br \/>Alex Gerardo Z\u00fa\u00f1iga Mu\u00f1oz &#8211; Unidos Podemos, <a href=\"mailto:zunigaalex265@gmail.com\">zunigaalex265@gmail.com<\/a><br \/>Gabriela Jim\u00e9nez Araya &#8211; Partido Progreso Social Democr\u00e1tico, <a href=\"mailto:gabrielajimenezaraya@gmail.com\">gabrielajimenezaraya@gmail.com<\/a><br \/>Johanna Arlete Oviedo Mora &#8211; Frente Amplio, <a href=\"mailto:ja-om@hotmail.com\">ja-om@hotmail.com<\/a><\/p><\/div>\n\t\t\t\t<\/div>\n\t\t\t\t\t\t\t<div class=\"elementor-accordion-item\">\n\t\t\t\t\t<div id=\"elementor-tab-title-1623\" class=\"elementor-tab-title\" data-tab=\"3\" role=\"button\" aria-controls=\"elementor-tab-content-1623\" aria-expanded=\"false\">\n\t\t\t\t\t\t\t\t\t\t\t\t\t<span class=\"elementor-accordion-icon elementor-accordion-icon-left\" aria-hidden=\"true\">\n\t\t\t\t\t\t\t\t\t\t\t\t\t\t\t<span class=\"elementor-accordion-icon-closed\"><i class=\"fas fa-plus\"><\/i><\/span>\n\t\t\t\t\t\t\t\t<span class=\"elementor-accordion-icon-opened\"><i class=\"fas fa-minus\"><\/i><\/span>\n\t\t\t\t\t\t\t\t\t\t\t\t\t\t<\/span>\n\t\t\t\t\t\t\t\t\t\t\t\t<a class=\"elementor-accordion-title\" tabindex=\"0\">S\u00edndicos Propietarios<\/a>\n\t\t\t\t\t<\/div>\n\t\t\t\t\t<div id=\"elementor-tab-content-1623\" class=\"elementor-tab-content elementor-clearfix\" data-tab=\"3\" role=\"region\" aria-labelledby=\"elementor-tab-title-1623\"><p>Gerardo Chaves Loria (Guadalupe), <a href=\"mailto:gchavez1364@gmail.com\">gchavez1364@gmail.com<\/a><br \/>Kevin Jos\u00e9 Mora M\u00e9ndez (San Francisco), <a href=\"mailto:kevin.mora@munigoicoechea.go.cr\">kevin.mora@munigoicoechea.go.cr<\/a><br \/>Flor del R\u00edo Rivera Pineda (Calle Blancos), <a href=\"mailto:flor.rivera.pineda55@gmail.com\">flor.rivera.pineda55@gmail.com<\/a>\u00a0<br \/>Juvenal de Jes\u00fas Coto Montero (Mata de Pl\u00e1tano), <a href=\"mailto:jcoto1888@hotmail.com\">jcoto1888@hotmail.com<\/a><br \/>Estiven Jos\u00e9 Arias Garro (Ip\u00eds), <a href=\"mailto:s_te_ven@live.com\">s_te_ven@live.com<\/a><br \/>Andrea Valerio Montero (Rancho Redondo), <a href=\"mailto:andrea.valerio@munigoicoechea.go.cr\">andrea.valerio@munigoicoechea.go.cr<\/a><br \/>Iris Vera Vargas Soto (Purral), <a href=\"mailto:iris.vargas@munigoicoechea.go.cr\">iris.vargas@munigoicoechea.go.cr<\/a><\/p><\/div>\n\t\t\t\t<\/div>\n\t\t\t\t\t\t\t<div class=\"elementor-accordion-item\">\n\t\t\t\t\t<div id=\"elementor-tab-title-1624\" class=\"elementor-tab-title\" data-tab=\"4\" role=\"button\" aria-controls=\"elementor-tab-content-1624\" aria-expanded=\"false\">\n\t\t\t\t\t\t\t\t\t\t\t\t\t<span class=\"elementor-accordion-icon elementor-accordion-icon-left\" aria-hidden=\"true\">\n\t\t\t\t\t\t\t\t\t\t\t\t\t\t\t<span class=\"elementor-accordion-icon-closed\"><i class=\"fas fa-plus\"><\/i><\/span>\n\t\t\t\t\t\t\t\t<span class=\"elementor-accordion-icon-opened\"><i class=\"fas fa-minus\"><\/i><\/span>\n\t\t\t\t\t\t\t\t\t\t\t\t\t\t<\/span>\n\t\t\t\t\t\t\t\t\t\t\t\t<a class=\"elementor-accordion-title\" tabindex=\"0\">S\u00edndicos Suplentes<\/a>\n\t\t\t\t\t<\/div>\n\t\t\t\t\t<div id=\"elementor-tab-content-1624\" class=\"elementor-tab-content elementor-clearfix\" data-tab=\"4\" role=\"region\" aria-labelledby=\"elementor-tab-title-1624\"><p>Luz Marina Bonilla Madrigal (Guadalupe), <a href=\"mailto:luz.bonilla@munigoicoechea.go.cr\">luz.bonilla@munigoicoechea.go.cr<\/a><br \/>Jessica Vanessa Valverde Cruz (San Francisco), <a href=\"mailto:jessicavalver22@gmail.com\">jessicavalver22@gmail.com<\/a><br \/>Minor Gerardo Mu\u00f1oz Vargas (Calle Blancos), <a href=\"mailto:munozvargasminor@gmail.com\">munozvargasminor@gmail.com\u00a0<\/a><br \/>Flor del Carmen Parra Jim\u00e9nez (Mata de Pl\u00e1tano), <a href=\"mailto:fparraj@hotmail.com\">fparraj@hotmail.com<\/a>\u00a0<br \/>Yamileth Serrano Alvarado (Ip\u00eds), <a href=\"mailto:yamise1227@gmail.com\">yamise1227@gmail.com<\/a><br \/>Jose Guillermo Uma\u00f1a Fallas (Rancho Redondo), <a href=\"mailto:memoumaf@gmail.com\">memoumaf@gmail.com<\/a><br \/>Anibal Picado Castillo (Purral), <a href=\"mailto:apicado@ice.go.cr\">apicado@ice.go.cr<\/a><\/p><\/div>\n\t\t\t\t<\/div>\n\t\t\t\t\t\t\t\t<\/div>\n\t\t\t\t\t\t<\/div>\n\t\t\t\t<\/div>\n\t\t\t\t<div class=\"elementor-element elementor-element-23ab362 elementor-widget elementor-widget-html\" data-id=\"23ab362\" data-element_type=\"widget\" data-e-type=\"widget\" data-widget_type=\"html.default\">\n\t\t\t\t<div class=\"elementor-widget-container\">\n\t\t\t\t\t<script>\njQuery(document).ready(function($) {\nvar delay = 100; setTimeout(function() {\n$('.elementor-tab-title').removeClass('elementor-active');\n $('.elementor-tab-content').css('display', 'none'); }, delay);\n});\n<\/script>\t\t\t\t<\/div>\n\t\t\t\t<\/div>\n\t\t\t\t\t<\/div>\n\t\t<\/div>\n\t\t\t\t\t<\/div>\n\t\t<\/section>\n\t\t\t\t<\/div>\n\t\t","protected":false},"excerpt":{"rendered":"<p>Concejo Municipal El Concejo Municipal en Costa Rica es el \u00f3rgano legislativo local. Su funci\u00f3n es supervisar la administraci\u00f3n municipal, aprobar presupuestos y normativas, y representar a la comunidad en la toma de decisiones. Regidores Propietarios Gloriana Diorela Carmona Seravalli &#8211; Frente Amplio (presidenta del Concejo Municipal), carmonagloriana@gmail.com\u00a0Carlos Luis Murillo Rodr\u00edguez &#8211; Partido Unidad Social [&hellip;]<\/p>\n","protected":false},"author":2,"featured_media":0,"parent":0,"menu_order":0,"comment_status":"closed","ping_status":"closed","template":"elementor_header_footer","meta":{"_monsterinsights_skip_tracking":false,"_monsterinsights_sitenote_active":false,"_monsterinsights_sitenote_note":"","_monsterinsights_sitenote_category":0,"_joinchat":[],"footnotes":""},"class_list":["post-12420","page","type-page","status-publish","hentry"],"aioseo_notices":[],"yoast_head":"<!-- This site is optimized with the Yoast SEO plugin v27.1.1 - https:\/\/yoast.com\/product\/yoast-seo-wordpress\/ -->\n<title>Concejo Municipal &#8211; Municipalidad de Goicoechea<\/title>\n<meta name=\"robots\" content=\"index, follow, max-snippet:-1, max-image-preview:large, max-video-preview:-1\" \/>\n<link rel=\"canonical\" href=\"https:\/\/munigoicoechea.go.cr\/inicio\/concejo-municipal\/\" \/>\n<meta property=\"og:locale\" content=\"es_ES\" \/>\n<meta property=\"og:type\" content=\"article\" \/>\n<meta property=\"og:title\" content=\"Concejo Municipal &#8211; Municipalidad de Goicoechea\" \/>\n<meta property=\"og:description\" content=\"Concejo Municipal El Concejo Municipal en Costa Rica es el \u00f3rgano legislativo local. Su funci\u00f3n es supervisar la administraci\u00f3n municipal, aprobar presupuestos y normativas, y representar a la comunidad en la toma de decisiones. Regidores Propietarios Gloriana Diorela Carmona Seravalli &#8211; Frente Amplio (presidenta del Concejo Municipal), carmonagloriana@gmail.com\u00a0Carlos Luis Murillo Rodr\u00edguez &#8211; Partido Unidad Social [&hellip;]\" \/>\n<meta property=\"og:url\" content=\"https:\/\/munigoicoechea.go.cr\/inicio\/concejo-municipal\/\" \/>\n<meta property=\"og:site_name\" content=\"Municipalidad de Goicoechea\" \/>\n<meta property=\"article:publisher\" content=\"https:\/\/www.facebook.com\/munigoicooficial\/\" \/>\n<meta property=\"article:modified_time\" content=\"2024-05-31T16:33:25+00:00\" \/>\n<meta name=\"twitter:card\" content=\"summary_large_image\" \/>\n<meta name=\"twitter:label1\" content=\"Tiempo de lectura\" \/>\n\t<meta name=\"twitter:data1\" content=\"2 minutos\" \/>\n<script type=\"application\/ld+json\" class=\"yoast-schema-graph\">{\"@context\":\"https:\/\/schema.org\",\"@graph\":[{\"@type\":\"WebPage\",\"@id\":\"https:\/\/munigoicoechea.go.cr\/inicio\/concejo-municipal\/\",\"url\":\"https:\/\/munigoicoechea.go.cr\/inicio\/concejo-municipal\/\",\"name\":\"Concejo Municipal &#8211; Municipalidad de Goicoechea\",\"isPartOf\":{\"@id\":\"https:\/\/munigoicoechea.go.cr\/inicio\/#website\"},\"datePublished\":\"2024-05-29T21:13:31+00:00\",\"dateModified\":\"2024-05-31T16:33:25+00:00\",\"breadcrumb\":{\"@id\":\"https:\/\/munigoicoechea.go.cr\/inicio\/concejo-municipal\/#breadcrumb\"},\"inLanguage\":\"es\",\"potentialAction\":[{\"@type\":\"ReadAction\",\"target\":[\"https:\/\/munigoicoechea.go.cr\/inicio\/concejo-municipal\/\"]}]},{\"@type\":\"BreadcrumbList\",\"@id\":\"https:\/\/munigoicoechea.go.cr\/inicio\/concejo-municipal\/#breadcrumb\",\"itemListElement\":[{\"@type\":\"ListItem\",\"position\":1,\"name\":\"Portada\",\"item\":\"https:\/\/munigoicoechea.go.cr\/inicio\/\"},{\"@type\":\"ListItem\",\"position\":2,\"name\":\"Concejo Municipal\"}]},{\"@type\":\"WebSite\",\"@id\":\"https:\/\/munigoicoechea.go.cr\/inicio\/#website\",\"url\":\"https:\/\/munigoicoechea.go.cr\/inicio\/\",\"name\":\"Municipalidad de Goicoechea\",\"description\":\"\u00a1Hacemos que las cosas sucedan!\",\"publisher\":{\"@id\":\"https:\/\/munigoicoechea.go.cr\/inicio\/#organization\"},\"potentialAction\":[{\"@type\":\"SearchAction\",\"target\":{\"@type\":\"EntryPoint\",\"urlTemplate\":\"https:\/\/munigoicoechea.go.cr\/inicio\/?s={search_term_string}\"},\"query-input\":{\"@type\":\"PropertyValueSpecification\",\"valueRequired\":true,\"valueName\":\"search_term_string\"}}],\"inLanguage\":\"es\"},{\"@type\":\"Organization\",\"@id\":\"https:\/\/munigoicoechea.go.cr\/inicio\/#organization\",\"name\":\"Municipalidad de Goicoechea\",\"url\":\"https:\/\/munigoicoechea.go.cr\/inicio\/\",\"logo\":{\"@type\":\"ImageObject\",\"inLanguage\":\"es\",\"@id\":\"https:\/\/munigoicoechea.go.cr\/inicio\/#\/schema\/logo\/image\/\",\"url\":\"https:\/\/i0.wp.com\/munigoicoechea.go.cr\/inicio\/wp-content\/uploads\/2021\/09\/cropped-cropped-Logo_Oficial-300x290-1.png?fit=512%2C512&ssl=1\",\"contentUrl\":\"https:\/\/i0.wp.com\/munigoicoechea.go.cr\/inicio\/wp-content\/uploads\/2021\/09\/cropped-cropped-Logo_Oficial-300x290-1.png?fit=512%2C512&ssl=1\",\"width\":512,\"height\":512,\"caption\":\"Municipalidad de Goicoechea\"},\"image\":{\"@id\":\"https:\/\/munigoicoechea.go.cr\/inicio\/#\/schema\/logo\/image\/\"},\"sameAs\":[\"https:\/\/www.facebook.com\/munigoicooficial\/\",\"https:\/\/www.youtube.com\/channel\/UCdAVgrbooTmXJlBeYMusKiA?reload=9\"]}]}<\/script>\n<!-- \/ Yoast SEO plugin. -->","yoast_head_json":{"title":"Concejo Municipal &#8211; Municipalidad de Goicoechea","robots":{"index":"index","follow":"follow","max-snippet":"max-snippet:-1","max-image-preview":"max-image-preview:large","max-video-preview":"max-video-preview:-1"},"canonical":"https:\/\/munigoicoechea.go.cr\/inicio\/concejo-municipal\/","og_locale":"es_ES","og_type":"article","og_title":"Concejo Municipal &#8211; Municipalidad de Goicoechea","og_description":"Concejo Municipal El Concejo Municipal en Costa Rica es el \u00f3rgano legislativo local. Su funci\u00f3n es supervisar la administraci\u00f3n municipal, aprobar presupuestos y normativas, y representar a la comunidad en la toma de decisiones. Regidores Propietarios Gloriana Diorela Carmona Seravalli &#8211; Frente Amplio (presidenta del Concejo Municipal), carmonagloriana@gmail.com\u00a0Carlos Luis Murillo Rodr\u00edguez &#8211; Partido Unidad Social [&hellip;]","og_url":"https:\/\/munigoicoechea.go.cr\/inicio\/concejo-municipal\/","og_site_name":"Municipalidad de Goicoechea","article_publisher":"https:\/\/www.facebook.com\/munigoicooficial\/","article_modified_time":"2024-05-31T16:33:25+00:00","twitter_card":"summary_large_image","twitter_misc":{"Tiempo de lectura":"2 minutos"},"schema":{"@context":"https:\/\/schema.org","@graph":[{"@type":"WebPage","@id":"https:\/\/munigoicoechea.go.cr\/inicio\/concejo-municipal\/","url":"https:\/\/munigoicoechea.go.cr\/inicio\/concejo-municipal\/","name":"Concejo Municipal &#8211; Municipalidad de Goicoechea","isPartOf":{"@id":"https:\/\/munigoicoechea.go.cr\/inicio\/#website"},"datePublished":"2024-05-29T21:13:31+00:00","dateModified":"2024-05-31T16:33:25+00:00","breadcrumb":{"@id":"https:\/\/munigoicoechea.go.cr\/inicio\/concejo-municipal\/#breadcrumb"},"inLanguage":"es","potentialAction":[{"@type":"ReadAction","target":["https:\/\/munigoicoechea.go.cr\/inicio\/concejo-municipal\/"]}]},{"@type":"BreadcrumbList","@id":"https:\/\/munigoicoechea.go.cr\/inicio\/concejo-municipal\/#breadcrumb","itemListElement":[{"@type":"ListItem","position":1,"name":"Portada","item":"https:\/\/munigoicoechea.go.cr\/inicio\/"},{"@type":"ListItem","position":2,"name":"Concejo Municipal"}]},{"@type":"WebSite","@id":"https:\/\/munigoicoechea.go.cr\/inicio\/#website","url":"https:\/\/munigoicoechea.go.cr\/inicio\/","name":"Municipalidad de Goicoechea","description":"\u00a1Hacemos que las cosas sucedan!","publisher":{"@id":"https:\/\/munigoicoechea.go.cr\/inicio\/#organization"},"potentialAction":[{"@type":"SearchAction","target":{"@type":"EntryPoint","urlTemplate":"https:\/\/munigoicoechea.go.cr\/inicio\/?s={search_term_string}"},"query-input":{"@type":"PropertyValueSpecification","valueRequired":true,"valueName":"search_term_string"}}],"inLanguage":"es"},{"@type":"Organization","@id":"https:\/\/munigoicoechea.go.cr\/inicio\/#organization","name":"Municipalidad de Goicoechea","url":"https:\/\/munigoicoechea.go.cr\/inicio\/","logo":{"@type":"ImageObject","inLanguage":"es","@id":"https:\/\/munigoicoechea.go.cr\/inicio\/#\/schema\/logo\/image\/","url":"https:\/\/i0.wp.com\/munigoicoechea.go.cr\/inicio\/wp-content\/uploads\/2021\/09\/cropped-cropped-Logo_Oficial-300x290-1.png?fit=512%2C512&ssl=1","contentUrl":"https:\/\/i0.wp.com\/munigoicoechea.go.cr\/inicio\/wp-content\/uploads\/2021\/09\/cropped-cropped-Logo_Oficial-300x290-1.png?fit=512%2C512&ssl=1","width":512,"height":512,"caption":"Municipalidad de Goicoechea"},"image":{"@id":"https:\/\/munigoicoechea.go.cr\/inicio\/#\/schema\/logo\/image\/"},"sameAs":["https:\/\/www.facebook.com\/munigoicooficial\/","https:\/\/www.youtube.com\/channel\/UCdAVgrbooTmXJlBeYMusKiA?reload=9"]}]}},"jetpack_sharing_enabled":true,"_links":{"self":[{"href":"https:\/\/munigoicoechea.go.cr\/inicio\/wp-json\/wp\/v2\/pages\/12420","targetHints":{"allow":["GET"]}}],"collection":[{"href":"https:\/\/munigoicoechea.go.cr\/inicio\/wp-json\/wp\/v2\/pages"}],"about":[{"href":"https:\/\/munigoicoechea.go.cr\/inicio\/wp-json\/wp\/v2\/types\/page"}],"author":[{"embeddable":true,"href":"https:\/\/munigoicoechea.go.cr\/inicio\/wp-json\/wp\/v2\/users\/2"}],"replies":[{"embeddable":true,"href":"https:\/\/munigoicoechea.go.cr\/inicio\/wp-json\/wp\/v2\/comments?post=12420"}],"version-history":[{"count":25,"href":"https:\/\/munigoicoechea.go.cr\/inicio\/wp-json\/wp\/v2\/pages\/12420\/revisions"}],"predecessor-version":[{"id":12453,"href":"https:\/\/munigoicoechea.go.cr\/inicio\/wp-json\/wp\/v2\/pages\/12420\/revisions\/12453"}],"wp:attachment":[{"href":"https:\/\/munigoicoechea.go.cr\/inicio\/wp-json\/wp\/v2\/media?parent=12420"}],"curies":[{"name":"wp","href":"https:\/\/api.w.org\/{rel}","templated":true}]}}