{"id":4465,"date":"2021-08-30T22:54:29","date_gmt":"2021-08-30T22:54:29","guid":{"rendered":"https:\/\/munigoicoechea.go.cr\/inicio\/?page_id=4465"},"modified":"2022-06-08T19:00:45","modified_gmt":"2022-06-08T19:00:45","slug":"contactenos","status":"publish","type":"page","link":"https:\/\/munigoicoechea.go.cr\/inicio\/contactenos\/","title":{"rendered":"Cont\u00e1ctenos"},"content":{"rendered":"\t\t<div data-elementor-type=\"wp-page\" data-elementor-id=\"4465\" class=\"elementor elementor-4465\" data-elementor-post-type=\"page\">\n\t\t\t\t\t\t<section class=\"elementor-section elementor-top-section elementor-element elementor-element-637e9a2 elementor-section-full_width elementor-section-height-default elementor-section-height-default\" data-id=\"637e9a2\" data-element_type=\"section\" data-e-type=\"section\">\n\t\t\t\t\t\t<div class=\"elementor-container elementor-column-gap-no\">\n\t\t\t\t\t<div class=\"elementor-column elementor-col-100 elementor-top-column elementor-element elementor-element-b8298ef\" data-id=\"b8298ef\" data-element_type=\"column\" data-e-type=\"column\">\n\t\t\t<div class=\"elementor-widget-wrap elementor-element-populated\">\n\t\t\t\t\t\t<div class=\"elementor-element elementor-element-73a6ae2 elementor-widget elementor-widget-spacer\" data-id=\"73a6ae2\" data-element_type=\"widget\" data-e-type=\"widget\" data-widget_type=\"spacer.default\">\n\t\t\t\t<div class=\"elementor-widget-container\">\n\t\t\t\t\t\t\t<div class=\"elementor-spacer\">\n\t\t\t<div class=\"elementor-spacer-inner\"><\/div>\n\t\t<\/div>\n\t\t\t\t\t\t<\/div>\n\t\t\t\t<\/div>\n\t\t\t\t\t<\/div>\n\t\t<\/div>\n\t\t\t\t\t<\/div>\n\t\t<\/section>\n\t\t\t\t<section class=\"elementor-section elementor-top-section elementor-element elementor-element-31d45f6 elementor-section-full_width elementor-hidden-mobile elementor-section-height-default elementor-section-height-default\" data-id=\"31d45f6\" data-element_type=\"section\" data-e-type=\"section\" data-settings=\"{&quot;background_background&quot;:&quot;classic&quot;}\">\n\t\t\t\t\t\t<div class=\"elementor-container elementor-column-gap-no\">\n\t\t\t\t\t<div class=\"elementor-column elementor-col-50 elementor-top-column elementor-element elementor-element-31ac418\" data-id=\"31ac418\" data-element_type=\"column\" data-e-type=\"column\" data-settings=\"{&quot;background_background&quot;:&quot;classic&quot;}\">\n\t\t\t<div class=\"elementor-widget-wrap elementor-element-populated\">\n\t\t\t\t\t\t<div class=\"elementor-element elementor-element-0973371 elementor-widget elementor-widget-spacer\" data-id=\"0973371\" data-element_type=\"widget\" data-e-type=\"widget\" data-widget_type=\"spacer.default\">\n\t\t\t\t<div class=\"elementor-widget-container\">\n\t\t\t\t\t\t\t<div class=\"elementor-spacer\">\n\t\t\t<div class=\"elementor-spacer-inner\"><\/div>\n\t\t<\/div>\n\t\t\t\t\t\t<\/div>\n\t\t\t\t<\/div>\n\t\t\t\t<div class=\"elementor-element elementor-element-4286ec0 elementor-widget elementor-widget-heading\" data-id=\"4286ec0\" data-element_type=\"widget\" data-e-type=\"widget\" data-widget_type=\"heading.default\">\n\t\t\t\t<div class=\"elementor-widget-container\">\n\t\t\t\t\t<h2 class=\"elementor-heading-title elementor-size-large\">Municipalidad de Goicoechea<\/h2>\t\t\t\t<\/div>\n\t\t\t\t<\/div>\n\t\t\t\t<div class=\"elementor-element elementor-element-e50895a elementor-widget elementor-widget-spacer\" data-id=\"e50895a\" data-element_type=\"widget\" data-e-type=\"widget\" data-widget_type=\"spacer.default\">\n\t\t\t\t<div class=\"elementor-widget-container\">\n\t\t\t\t\t\t\t<div class=\"elementor-spacer\">\n\t\t\t<div class=\"elementor-spacer-inner\"><\/div>\n\t\t<\/div>\n\t\t\t\t\t\t<\/div>\n\t\t\t\t<\/div>\n\t\t\t\t<div class=\"elementor-element elementor-element-f11f8c6 elementor-icon-list--layout-traditional elementor-list-item-link-full_width elementor-widget elementor-widget-icon-list\" data-id=\"f11f8c6\" data-element_type=\"widget\" data-e-type=\"widget\" data-widget_type=\"icon-list.default\">\n\t\t\t\t<div class=\"elementor-widget-container\">\n\t\t\t\t\t\t\t<ul class=\"elementor-icon-list-items\">\n\t\t\t\t\t\t\t<li class=\"elementor-icon-list-item\">\n\t\t\t\t\t\t\t\t\t\t\t<span class=\"elementor-icon-list-icon\">\n\t\t\t\t\t\t\t<i aria-hidden=\"true\" class=\"fas fa-phone-alt\"><\/i>\t\t\t\t\t\t<\/span>\n\t\t\t\t\t\t\t\t\t\t<span class=\"elementor-icon-list-text\">(506) 2527 - 6600<\/span>\n\t\t\t\t\t\t\t\t\t<\/li>\n\t\t\t\t\t\t\t\t<li class=\"elementor-icon-list-item\">\n\t\t\t\t\t\t\t\t\t\t\t<a href=\"mailto:alcaldia@munigoicoechea.go.cr\">\n\n\t\t\t\t\t\t\t\t\t\t\t\t<span class=\"elementor-icon-list-icon\">\n\t\t\t\t\t\t\t<i aria-hidden=\"true\" class=\"fas fa-envelope\"><\/i>\t\t\t\t\t\t<\/span>\n\t\t\t\t\t\t\t\t\t\t<span class=\"elementor-icon-list-text\">alcaldia@munigoicoechea.go.cr<\/span>\n\t\t\t\t\t\t\t\t\t\t\t<\/a>\n\t\t\t\t\t\t\t\t\t<\/li>\n\t\t\t\t\t\t\t\t<li class=\"elementor-icon-list-item\">\n\t\t\t\t\t\t\t\t\t\t\t<span class=\"elementor-icon-list-icon\">\n\t\t\t\t\t\t\t<i aria-hidden=\"true\" class=\"fas fa-map-marker-alt\"><\/i>\t\t\t\t\t\t<\/span>\n\t\t\t\t\t\t\t\t\t\t<span class=\"elementor-icon-list-text\">San Jos\u00e9, Guadalupe. Contiguo a Maxipal\u00ed<\/span>\n\t\t\t\t\t\t\t\t\t<\/li>\n\t\t\t\t\t\t<\/ul>\n\t\t\t\t\t\t<\/div>\n\t\t\t\t<\/div>\n\t\t\t\t<div class=\"elementor-element elementor-element-1856a4d elementor-widget elementor-widget-text-editor\" data-id=\"1856a4d\" data-element_type=\"widget\" data-e-type=\"widget\" data-widget_type=\"text-editor.default\">\n\t\t\t\t<div class=\"elementor-widget-container\">\n\t\t\t\t\t\t\t\t\t<h4><span style=\"font-family: helvetica, arial, sans-serif;\"><strong>Horario de atenci\u00f3n:<\/strong><\/span><\/h4><p>Lunes a Viernes de 7:30 a.m. a 4:00 p.m.<\/p><p>Horario de atenci\u00f3n &#8211; \u00c1rea de Cajas:<\/p><p>Lunes a Viernes de 7:30 a.m. a 4:00 p.m. jornada continua<\/p><p>S\u00e1bados: 7:30 a.m. a 12:00 m.d. en el Campo Ferial<\/p>\t\t\t\t\t\t\t\t<\/div>\n\t\t\t\t<\/div>\n\t\t\t\t\t<\/div>\n\t\t<\/div>\n\t\t\t\t<div class=\"elementor-column elementor-col-50 elementor-top-column elementor-element elementor-element-77bb34e\" data-id=\"77bb34e\" data-element_type=\"column\" data-e-type=\"column\" data-settings=\"{&quot;background_background&quot;:&quot;classic&quot;}\">\n\t\t\t<div class=\"elementor-widget-wrap elementor-element-populated\">\n\t\t\t\t\t\t<div class=\"elementor-element elementor-element-855e30e elementor-widget elementor-widget-heading\" data-id=\"855e30e\" data-element_type=\"widget\" data-e-type=\"widget\" data-widget_type=\"heading.default\">\n\t\t\t\t<div class=\"elementor-widget-container\">\n\t\t\t\t\t<h2 class=\"elementor-heading-title elementor-size-default\">\n\u00a1CONSTRUIMOS JUNTOS\nUN MEJOR CANT\u00d3N!<\/h2>\t\t\t\t<\/div>\n\t\t\t\t<\/div>\n\t\t\t\t<section class=\"elementor-section elementor-inner-section elementor-element elementor-element-1c5d083 elementor-section-boxed elementor-section-height-default elementor-section-height-default\" data-id=\"1c5d083\" data-element_type=\"section\" data-e-type=\"section\">\n\t\t\t\t\t\t<div class=\"elementor-container elementor-column-gap-default\">\n\t\t\t\t\t<div class=\"elementor-column elementor-col-50 elementor-inner-column elementor-element elementor-element-ec87ac6\" data-id=\"ec87ac6\" data-element_type=\"column\" data-e-type=\"column\">\n\t\t\t<div class=\"elementor-widget-wrap elementor-element-populated\">\n\t\t\t\t\t\t<div class=\"elementor-element elementor-element-27f0e5b elementor-widget elementor-widget-heading\" data-id=\"27f0e5b\" data-element_type=\"widget\" data-e-type=\"widget\" data-widget_type=\"heading.default\">\n\t\t\t\t<div class=\"elementor-widget-container\">\n\t\t\t\t\t<h5 class=\"elementor-heading-title elementor-size-default\">S\u00cdGUENOS<\/h5>\t\t\t\t<\/div>\n\t\t\t\t<\/div>\n\t\t\t\t\t<\/div>\n\t\t<\/div>\n\t\t\t\t<div class=\"elementor-column elementor-col-50 elementor-inner-column elementor-element elementor-element-15a3fdc\" data-id=\"15a3fdc\" data-element_type=\"column\" data-e-type=\"column\">\n\t\t\t<div class=\"elementor-widget-wrap elementor-element-populated\">\n\t\t\t\t\t\t<div class=\"elementor-element elementor-element-fc50023 elementor-shape-circle e-grid-align-left elementor-grid-0 elementor-widget elementor-widget-social-icons\" data-id=\"fc50023\" data-element_type=\"widget\" data-e-type=\"widget\" data-widget_type=\"social-icons.default\">\n\t\t\t\t<div class=\"elementor-widget-container\">\n\t\t\t\t\t\t\t<div class=\"elementor-social-icons-wrapper elementor-grid\" role=\"list\">\n\t\t\t\t\t\t\t<span class=\"elementor-grid-item\" role=\"listitem\">\n\t\t\t\t\t<a class=\"elementor-icon elementor-social-icon elementor-social-icon-facebook elementor-repeater-item-40aef2b\" target=\"_blank\">\n\t\t\t\t\t\t<span class=\"elementor-screen-only\">Facebook<\/span>\n\t\t\t\t\t\t<i aria-hidden=\"true\" class=\"fab fa-facebook\"><\/i>\t\t\t\t\t<\/a>\n\t\t\t\t<\/span>\n\t\t\t\t\t\t\t<span class=\"elementor-grid-item\" role=\"listitem\">\n\t\t\t\t\t<a class=\"elementor-icon elementor-social-icon elementor-social-icon-youtube elementor-repeater-item-535e854\" target=\"_blank\">\n\t\t\t\t\t\t<span class=\"elementor-screen-only\">Youtube<\/span>\n\t\t\t\t\t\t<i aria-hidden=\"true\" class=\"fab fa-youtube\"><\/i>\t\t\t\t\t<\/a>\n\t\t\t\t<\/span>\n\t\t\t\t\t<\/div>\n\t\t\t\t\t\t<\/div>\n\t\t\t\t<\/div>\n\t\t\t\t\t<\/div>\n\t\t<\/div>\n\t\t\t\t\t<\/div>\n\t\t<\/section>\n\t\t\t\t\t<\/div>\n\t\t<\/div>\n\t\t\t\t\t<\/div>\n\t\t<\/section>\n\t\t\t\t<section class=\"elementor-section elementor-top-section elementor-element elementor-element-f33ffdc elementor-section-full_width elementor-section-height-default elementor-section-height-default\" data-id=\"f33ffdc\" data-element_type=\"section\" data-e-type=\"section\">\n\t\t\t\t\t\t<div class=\"elementor-container elementor-column-gap-no\">\n\t\t\t\t\t<div class=\"elementor-column elementor-col-50 elementor-top-column elementor-element elementor-element-21e5cca elementor-hidden-desktop elementor-hidden-tablet\" data-id=\"21e5cca\" data-element_type=\"column\" data-e-type=\"column\" data-settings=\"{&quot;background_background&quot;:&quot;classic&quot;}\">\n\t\t\t<div class=\"elementor-widget-wrap elementor-element-populated\">\n\t\t\t\t\t\t<div class=\"elementor-element elementor-element-8be12eb elementor-widget elementor-widget-spacer\" data-id=\"8be12eb\" data-element_type=\"widget\" data-e-type=\"widget\" data-widget_type=\"spacer.default\">\n\t\t\t\t<div class=\"elementor-widget-container\">\n\t\t\t\t\t\t\t<div class=\"elementor-spacer\">\n\t\t\t<div class=\"elementor-spacer-inner\"><\/div>\n\t\t<\/div>\n\t\t\t\t\t\t<\/div>\n\t\t\t\t<\/div>\n\t\t\t\t<div class=\"elementor-element elementor-element-c1c5ead elementor-widget elementor-widget-heading\" data-id=\"c1c5ead\" data-element_type=\"widget\" data-e-type=\"widget\" data-widget_type=\"heading.default\">\n\t\t\t\t<div class=\"elementor-widget-container\">\n\t\t\t\t\t<h2 class=\"elementor-heading-title elementor-size-large\">Municipalidad de Goicoechea<\/h2>\t\t\t\t<\/div>\n\t\t\t\t<\/div>\n\t\t\t\t<div class=\"elementor-element elementor-element-14e7e6b elementor-widget elementor-widget-spacer\" data-id=\"14e7e6b\" data-element_type=\"widget\" data-e-type=\"widget\" data-widget_type=\"spacer.default\">\n\t\t\t\t<div class=\"elementor-widget-container\">\n\t\t\t\t\t\t\t<div class=\"elementor-spacer\">\n\t\t\t<div class=\"elementor-spacer-inner\"><\/div>\n\t\t<\/div>\n\t\t\t\t\t\t<\/div>\n\t\t\t\t<\/div>\n\t\t\t\t<div class=\"elementor-element elementor-element-0b8e3fb elementor-mobile-align-center elementor-icon-list--layout-traditional elementor-list-item-link-full_width elementor-widget elementor-widget-icon-list\" data-id=\"0b8e3fb\" data-element_type=\"widget\" data-e-type=\"widget\" data-widget_type=\"icon-list.default\">\n\t\t\t\t<div class=\"elementor-widget-container\">\n\t\t\t\t\t\t\t<ul class=\"elementor-icon-list-items\">\n\t\t\t\t\t\t\t<li class=\"elementor-icon-list-item\">\n\t\t\t\t\t\t\t\t\t\t\t<span class=\"elementor-icon-list-icon\">\n\t\t\t\t\t\t\t<i aria-hidden=\"true\" class=\"fas fa-phone-alt\"><\/i>\t\t\t\t\t\t<\/span>\n\t\t\t\t\t\t\t\t\t\t<span class=\"elementor-icon-list-text\">(506) 2527 - 6600<\/span>\n\t\t\t\t\t\t\t\t\t<\/li>\n\t\t\t\t\t\t\t\t<li class=\"elementor-icon-list-item\">\n\t\t\t\t\t\t\t\t\t\t\t<a href=\"mailto:alcaldia@munigoicoechea.go.cr\">\n\n\t\t\t\t\t\t\t\t\t\t\t\t<span class=\"elementor-icon-list-icon\">\n\t\t\t\t\t\t\t<i aria-hidden=\"true\" class=\"fas fa-envelope\"><\/i>\t\t\t\t\t\t<\/span>\n\t\t\t\t\t\t\t\t\t\t<span class=\"elementor-icon-list-text\">alcaldia@munigoicoechea.go.cr<\/span>\n\t\t\t\t\t\t\t\t\t\t\t<\/a>\n\t\t\t\t\t\t\t\t\t<\/li>\n\t\t\t\t\t\t\t\t<li class=\"elementor-icon-list-item\">\n\t\t\t\t\t\t\t\t\t\t\t<span class=\"elementor-icon-list-icon\">\n\t\t\t\t\t\t\t<i aria-hidden=\"true\" class=\"fas fa-map-marker-alt\"><\/i>\t\t\t\t\t\t<\/span>\n\t\t\t\t\t\t\t\t\t\t<span class=\"elementor-icon-list-text\">San Jos\u00e9, Guadalupe. Contiguo a Maxipal\u00ed<\/span>\n\t\t\t\t\t\t\t\t\t<\/li>\n\t\t\t\t\t\t<\/ul>\n\t\t\t\t\t\t<\/div>\n\t\t\t\t<\/div>\n\t\t\t\t<div class=\"elementor-element elementor-element-3988e24 elementor-widget elementor-widget-text-editor\" data-id=\"3988e24\" data-element_type=\"widget\" data-e-type=\"widget\" data-widget_type=\"text-editor.default\">\n\t\t\t\t<div class=\"elementor-widget-container\">\n\t\t\t\t\t\t\t\t\t<h4><span style=\"font-family: helvetica, arial, sans-serif;\"><strong>Horario de atenci\u00f3n:<\/strong><\/span><\/h4><p>Lunes a Viernes de 7:30 a.m. a 4:00 p.m.<\/p><p>Horario de atenci\u00f3n &#8211; \u00c1rea de Cajas:<\/p><p>Lunes a Viernes de 7:30 a.m. a 4:00 p.m. jornada continua<\/p><p>S\u00e1bados: 7:30 a.m. a 12:00 m.d. en el Campo Ferial<\/p>\t\t\t\t\t\t\t\t<\/div>\n\t\t\t\t<\/div>\n\t\t\t\t\t<\/div>\n\t\t<\/div>\n\t\t\t\t<div class=\"elementor-column elementor-col-50 elementor-top-column elementor-element elementor-element-07654a6 elementor-hidden-desktop elementor-hidden-tablet\" data-id=\"07654a6\" data-element_type=\"column\" data-e-type=\"column\" data-settings=\"{&quot;background_background&quot;:&quot;classic&quot;}\">\n\t\t\t<div class=\"elementor-widget-wrap elementor-element-populated\">\n\t\t\t\t\t\t<div class=\"elementor-element elementor-element-61af16f elementor-widget elementor-widget-spacer\" data-id=\"61af16f\" data-element_type=\"widget\" data-e-type=\"widget\" data-widget_type=\"spacer.default\">\n\t\t\t\t<div class=\"elementor-widget-container\">\n\t\t\t\t\t\t\t<div class=\"elementor-spacer\">\n\t\t\t<div class=\"elementor-spacer-inner\"><\/div>\n\t\t<\/div>\n\t\t\t\t\t\t<\/div>\n\t\t\t\t<\/div>\n\t\t\t\t<div class=\"elementor-element elementor-element-0697307 elementor-widget elementor-widget-heading\" data-id=\"0697307\" data-element_type=\"widget\" data-e-type=\"widget\" data-widget_type=\"heading.default\">\n\t\t\t\t<div class=\"elementor-widget-container\">\n\t\t\t\t\t<h2 class=\"elementor-heading-title elementor-size-default\">\n\u00a1CONSTRUIMOS JUNTOS\nUN MEJOR CANT\u00d3N!<\/h2>\t\t\t\t<\/div>\n\t\t\t\t<\/div>\n\t\t\t\t<div class=\"elementor-element elementor-element-e3848ea elementor-widget elementor-widget-spacer\" data-id=\"e3848ea\" data-element_type=\"widget\" data-e-type=\"widget\" data-widget_type=\"spacer.default\">\n\t\t\t\t<div class=\"elementor-widget-container\">\n\t\t\t\t\t\t\t<div class=\"elementor-spacer\">\n\t\t\t<div class=\"elementor-spacer-inner\"><\/div>\n\t\t<\/div>\n\t\t\t\t\t\t<\/div>\n\t\t\t\t<\/div>\n\t\t\t\t\t<\/div>\n\t\t<\/div>\n\t\t\t\t\t<\/div>\n\t\t<\/section>\n\t\t\t\t<section class=\"elementor-section elementor-top-section elementor-element elementor-element-76159fb elementor-section-boxed elementor-section-height-default elementor-section-height-default\" data-id=\"76159fb\" data-element_type=\"section\" data-e-type=\"section\">\n\t\t\t\t\t\t<div class=\"elementor-container elementor-column-gap-default\">\n\t\t\t\t\t<div class=\"elementor-column elementor-col-100 elementor-top-column elementor-element elementor-element-e28c4e5\" data-id=\"e28c4e5\" data-element_type=\"column\" data-e-type=\"column\">\n\t\t\t<div class=\"elementor-widget-wrap elementor-element-populated\">\n\t\t\t\t\t\t<div class=\"elementor-element elementor-element-b609064 elementor-widget elementor-widget-spacer\" data-id=\"b609064\" data-element_type=\"widget\" data-e-type=\"widget\" data-widget_type=\"spacer.default\">\n\t\t\t\t<div class=\"elementor-widget-container\">\n\t\t\t\t\t\t\t<div class=\"elementor-spacer\">\n\t\t\t<div class=\"elementor-spacer-inner\"><\/div>\n\t\t<\/div>\n\t\t\t\t\t\t<\/div>\n\t\t\t\t<\/div>\n\t\t\t\t\t<\/div>\n\t\t<\/div>\n\t\t\t\t\t<\/div>\n\t\t<\/section>\n\t\t\t\t<\/div>\n\t\t","protected":false},"excerpt":{"rendered":"<p>Municipalidad de Goicoechea (506) 2527 &#8211; 6600 alcaldia@munigoicoechea.go.cr San Jos\u00e9, Guadalupe. Contiguo a Maxipal\u00ed Horario de atenci\u00f3n: Lunes a Viernes de 7:30 a.m. a 4:00 p.m. Horario de atenci\u00f3n &#8211; \u00c1rea de Cajas: Lunes a Viernes de 7:30 a.m. a 4:00 p.m. jornada continua S\u00e1bados: 7:30 a.m. a 12:00 m.d. en el Campo Ferial \u00a1CONSTRUIMOS [&hellip;]<\/p>\n","protected":false},"author":2,"featured_media":0,"parent":0,"menu_order":0,"comment_status":"closed","ping_status":"closed","template":"elementor_header_footer","meta":{"_monsterinsights_skip_tracking":false,"_monsterinsights_sitenote_active":false,"_monsterinsights_sitenote_note":"","_monsterinsights_sitenote_category":0,"_joinchat":[],"footnotes":""},"class_list":["post-4465","page","type-page","status-publish","hentry"],"aioseo_notices":[],"yoast_head":"<!-- This site is optimized with the Yoast SEO plugin v27.1.1 - https:\/\/yoast.com\/product\/yoast-seo-wordpress\/ -->\n<title>Cont\u00e1ctenos &#8211; Municipalidad de Goicoechea<\/title>\n<meta name=\"robots\" content=\"index, follow, max-snippet:-1, max-image-preview:large, max-video-preview:-1\" \/>\n<link rel=\"canonical\" href=\"https:\/\/munigoicoechea.go.cr\/inicio\/contactenos\/\" \/>\n<meta property=\"og:locale\" content=\"es_ES\" \/>\n<meta property=\"og:type\" content=\"article\" \/>\n<meta property=\"og:title\" content=\"Cont\u00e1ctenos &#8211; Municipalidad de Goicoechea\" \/>\n<meta property=\"og:description\" content=\"Municipalidad de Goicoechea (506) 2527 &#8211; 6600 alcaldia@munigoicoechea.go.cr San Jos\u00e9, Guadalupe. Contiguo a Maxipal\u00ed Horario de atenci\u00f3n: Lunes a Viernes de 7:30 a.m. a 4:00 p.m. Horario de atenci\u00f3n &#8211; \u00c1rea de Cajas: Lunes a Viernes de 7:30 a.m. a 4:00 p.m. jornada continua S\u00e1bados: 7:30 a.m. a 12:00 m.d. en el Campo Ferial \u00a1CONSTRUIMOS [&hellip;]\" \/>\n<meta property=\"og:url\" content=\"https:\/\/munigoicoechea.go.cr\/inicio\/contactenos\/\" \/>\n<meta property=\"og:site_name\" content=\"Municipalidad de Goicoechea\" \/>\n<meta property=\"article:publisher\" content=\"https:\/\/www.facebook.com\/munigoicooficial\/\" \/>\n<meta property=\"article:modified_time\" content=\"2022-06-08T19:00:45+00:00\" \/>\n<meta name=\"twitter:card\" content=\"summary_large_image\" \/>\n<meta name=\"twitter:label1\" content=\"Tiempo de lectura\" \/>\n\t<meta name=\"twitter:data1\" content=\"1 minuto\" \/>\n<script type=\"application\/ld+json\" class=\"yoast-schema-graph\">{\"@context\":\"https:\/\/schema.org\",\"@graph\":[{\"@type\":\"WebPage\",\"@id\":\"https:\/\/munigoicoechea.go.cr\/inicio\/contactenos\/\",\"url\":\"https:\/\/munigoicoechea.go.cr\/inicio\/contactenos\/\",\"name\":\"Cont\u00e1ctenos &#8211; Municipalidad de Goicoechea\",\"isPartOf\":{\"@id\":\"https:\/\/munigoicoechea.go.cr\/inicio\/#website\"},\"datePublished\":\"2021-08-30T22:54:29+00:00\",\"dateModified\":\"2022-06-08T19:00:45+00:00\",\"breadcrumb\":{\"@id\":\"https:\/\/munigoicoechea.go.cr\/inicio\/contactenos\/#breadcrumb\"},\"inLanguage\":\"es\",\"potentialAction\":[{\"@type\":\"ReadAction\",\"target\":[\"https:\/\/munigoicoechea.go.cr\/inicio\/contactenos\/\"]}]},{\"@type\":\"BreadcrumbList\",\"@id\":\"https:\/\/munigoicoechea.go.cr\/inicio\/contactenos\/#breadcrumb\",\"itemListElement\":[{\"@type\":\"ListItem\",\"position\":1,\"name\":\"Portada\",\"item\":\"https:\/\/munigoicoechea.go.cr\/inicio\/\"},{\"@type\":\"ListItem\",\"position\":2,\"name\":\"Cont\u00e1ctenos\"}]},{\"@type\":\"WebSite\",\"@id\":\"https:\/\/munigoicoechea.go.cr\/inicio\/#website\",\"url\":\"https:\/\/munigoicoechea.go.cr\/inicio\/\",\"name\":\"Municipalidad de Goicoechea\",\"description\":\"\u00a1Hacemos que las cosas sucedan!\",\"publisher\":{\"@id\":\"https:\/\/munigoicoechea.go.cr\/inicio\/#organization\"},\"potentialAction\":[{\"@type\":\"SearchAction\",\"target\":{\"@type\":\"EntryPoint\",\"urlTemplate\":\"https:\/\/munigoicoechea.go.cr\/inicio\/?s={search_term_string}\"},\"query-input\":{\"@type\":\"PropertyValueSpecification\",\"valueRequired\":true,\"valueName\":\"search_term_string\"}}],\"inLanguage\":\"es\"},{\"@type\":\"Organization\",\"@id\":\"https:\/\/munigoicoechea.go.cr\/inicio\/#organization\",\"name\":\"Municipalidad de Goicoechea\",\"url\":\"https:\/\/munigoicoechea.go.cr\/inicio\/\",\"logo\":{\"@type\":\"ImageObject\",\"inLanguage\":\"es\",\"@id\":\"https:\/\/munigoicoechea.go.cr\/inicio\/#\/schema\/logo\/image\/\",\"url\":\"https:\/\/i0.wp.com\/munigoicoechea.go.cr\/inicio\/wp-content\/uploads\/2021\/09\/cropped-cropped-Logo_Oficial-300x290-1.png?fit=512%2C512&ssl=1\",\"contentUrl\":\"https:\/\/i0.wp.com\/munigoicoechea.go.cr\/inicio\/wp-content\/uploads\/2021\/09\/cropped-cropped-Logo_Oficial-300x290-1.png?fit=512%2C512&ssl=1\",\"width\":512,\"height\":512,\"caption\":\"Municipalidad de Goicoechea\"},\"image\":{\"@id\":\"https:\/\/munigoicoechea.go.cr\/inicio\/#\/schema\/logo\/image\/\"},\"sameAs\":[\"https:\/\/www.facebook.com\/munigoicooficial\/\",\"https:\/\/www.youtube.com\/channel\/UCdAVgrbooTmXJlBeYMusKiA?reload=9\"]}]}<\/script>\n<!-- \/ Yoast SEO plugin. -->","yoast_head_json":{"title":"Cont\u00e1ctenos &#8211; Municipalidad de Goicoechea","robots":{"index":"index","follow":"follow","max-snippet":"max-snippet:-1","max-image-preview":"max-image-preview:large","max-video-preview":"max-video-preview:-1"},"canonical":"https:\/\/munigoicoechea.go.cr\/inicio\/contactenos\/","og_locale":"es_ES","og_type":"article","og_title":"Cont\u00e1ctenos &#8211; Municipalidad de Goicoechea","og_description":"Municipalidad de Goicoechea (506) 2527 &#8211; 6600 alcaldia@munigoicoechea.go.cr San Jos\u00e9, Guadalupe. Contiguo a Maxipal\u00ed Horario de atenci\u00f3n: Lunes a Viernes de 7:30 a.m. a 4:00 p.m. Horario de atenci\u00f3n &#8211; \u00c1rea de Cajas: Lunes a Viernes de 7:30 a.m. a 4:00 p.m. jornada continua S\u00e1bados: 7:30 a.m. a 12:00 m.d. en el Campo Ferial \u00a1CONSTRUIMOS [&hellip;]","og_url":"https:\/\/munigoicoechea.go.cr\/inicio\/contactenos\/","og_site_name":"Municipalidad de Goicoechea","article_publisher":"https:\/\/www.facebook.com\/munigoicooficial\/","article_modified_time":"2022-06-08T19:00:45+00:00","twitter_card":"summary_large_image","twitter_misc":{"Tiempo de lectura":"1 minuto"},"schema":{"@context":"https:\/\/schema.org","@graph":[{"@type":"WebPage","@id":"https:\/\/munigoicoechea.go.cr\/inicio\/contactenos\/","url":"https:\/\/munigoicoechea.go.cr\/inicio\/contactenos\/","name":"Cont\u00e1ctenos &#8211; Municipalidad de Goicoechea","isPartOf":{"@id":"https:\/\/munigoicoechea.go.cr\/inicio\/#website"},"datePublished":"2021-08-30T22:54:29+00:00","dateModified":"2022-06-08T19:00:45+00:00","breadcrumb":{"@id":"https:\/\/munigoicoechea.go.cr\/inicio\/contactenos\/#breadcrumb"},"inLanguage":"es","potentialAction":[{"@type":"ReadAction","target":["https:\/\/munigoicoechea.go.cr\/inicio\/contactenos\/"]}]},{"@type":"BreadcrumbList","@id":"https:\/\/munigoicoechea.go.cr\/inicio\/contactenos\/#breadcrumb","itemListElement":[{"@type":"ListItem","position":1,"name":"Portada","item":"https:\/\/munigoicoechea.go.cr\/inicio\/"},{"@type":"ListItem","position":2,"name":"Cont\u00e1ctenos"}]},{"@type":"WebSite","@id":"https:\/\/munigoicoechea.go.cr\/inicio\/#website","url":"https:\/\/munigoicoechea.go.cr\/inicio\/","name":"Municipalidad de Goicoechea","description":"\u00a1Hacemos que las cosas sucedan!","publisher":{"@id":"https:\/\/munigoicoechea.go.cr\/inicio\/#organization"},"potentialAction":[{"@type":"SearchAction","target":{"@type":"EntryPoint","urlTemplate":"https:\/\/munigoicoechea.go.cr\/inicio\/?s={search_term_string}"},"query-input":{"@type":"PropertyValueSpecification","valueRequired":true,"valueName":"search_term_string"}}],"inLanguage":"es"},{"@type":"Organization","@id":"https:\/\/munigoicoechea.go.cr\/inicio\/#organization","name":"Municipalidad de Goicoechea","url":"https:\/\/munigoicoechea.go.cr\/inicio\/","logo":{"@type":"ImageObject","inLanguage":"es","@id":"https:\/\/munigoicoechea.go.cr\/inicio\/#\/schema\/logo\/image\/","url":"https:\/\/i0.wp.com\/munigoicoechea.go.cr\/inicio\/wp-content\/uploads\/2021\/09\/cropped-cropped-Logo_Oficial-300x290-1.png?fit=512%2C512&ssl=1","contentUrl":"https:\/\/i0.wp.com\/munigoicoechea.go.cr\/inicio\/wp-content\/uploads\/2021\/09\/cropped-cropped-Logo_Oficial-300x290-1.png?fit=512%2C512&ssl=1","width":512,"height":512,"caption":"Municipalidad de Goicoechea"},"image":{"@id":"https:\/\/munigoicoechea.go.cr\/inicio\/#\/schema\/logo\/image\/"},"sameAs":["https:\/\/www.facebook.com\/munigoicooficial\/","https:\/\/www.youtube.com\/channel\/UCdAVgrbooTmXJlBeYMusKiA?reload=9"]}]}},"jetpack_sharing_enabled":true,"_links":{"self":[{"href":"https:\/\/munigoicoechea.go.cr\/inicio\/wp-json\/wp\/v2\/pages\/4465","targetHints":{"allow":["GET"]}}],"collection":[{"href":"https:\/\/munigoicoechea.go.cr\/inicio\/wp-json\/wp\/v2\/pages"}],"about":[{"href":"https:\/\/munigoicoechea.go.cr\/inicio\/wp-json\/wp\/v2\/types\/page"}],"author":[{"embeddable":true,"href":"https:\/\/munigoicoechea.go.cr\/inicio\/wp-json\/wp\/v2\/users\/2"}],"replies":[{"embeddable":true,"href":"https:\/\/munigoicoechea.go.cr\/inicio\/wp-json\/wp\/v2\/comments?post=4465"}],"version-history":[{"count":68,"href":"https:\/\/munigoicoechea.go.cr\/inicio\/wp-json\/wp\/v2\/pages\/4465\/revisions"}],"predecessor-version":[{"id":9076,"href":"https:\/\/munigoicoechea.go.cr\/inicio\/wp-json\/wp\/v2\/pages\/4465\/revisions\/9076"}],"wp:attachment":[{"href":"https:\/\/munigoicoechea.go.cr\/inicio\/wp-json\/wp\/v2\/media?parent=4465"}],"curies":[{"name":"wp","href":"https:\/\/api.w.org\/{rel}","templated":true}]}}