{"id":4484,"date":"2021-08-31T00:51:06","date_gmt":"2021-08-31T00:51:06","guid":{"rendered":"https:\/\/munigoicoechea.go.cr\/inicio\/?page_id=4484"},"modified":"2025-07-11T16:57:33","modified_gmt":"2025-07-11T16:57:33","slug":"ambiente-y-residuos","status":"publish","type":"page","link":"https:\/\/munigoicoechea.go.cr\/inicio\/ambiente-y-residuos\/","title":{"rendered":"Gesti\u00f3n Ambiental"},"content":{"rendered":"\t\t<div data-elementor-type=\"wp-page\" data-elementor-id=\"4484\" class=\"elementor elementor-4484\" data-elementor-post-type=\"page\">\n\t\t\t\t\t\t<section class=\"elementor-section elementor-top-section elementor-element elementor-element-91386f9 elementor-section-full_width elementor-section-height-default elementor-section-height-default\" data-id=\"91386f9\" data-element_type=\"section\" data-e-type=\"section\">\n\t\t\t\t\t\t<div class=\"elementor-container elementor-column-gap-no\">\n\t\t\t\t\t<div class=\"elementor-column elementor-col-100 elementor-top-column elementor-element elementor-element-8ad51a1\" data-id=\"8ad51a1\" data-element_type=\"column\" data-e-type=\"column\">\n\t\t\t<div class=\"elementor-widget-wrap elementor-element-populated\">\n\t\t\t\t\t\t<div class=\"elementor-element elementor-element-438a2d4 elementor-widget elementor-widget-spacer\" data-id=\"438a2d4\" data-element_type=\"widget\" data-e-type=\"widget\" data-widget_type=\"spacer.default\">\n\t\t\t\t<div class=\"elementor-widget-container\">\n\t\t\t\t\t\t\t<div class=\"elementor-spacer\">\n\t\t\t<div class=\"elementor-spacer-inner\"><\/div>\n\t\t<\/div>\n\t\t\t\t\t\t<\/div>\n\t\t\t\t<\/div>\n\t\t\t\t\t<\/div>\n\t\t<\/div>\n\t\t\t\t\t<\/div>\n\t\t<\/section>\n\t\t\t\t<section class=\"elementor-section elementor-top-section elementor-element elementor-element-c32cbf8 elementor-section-full_width elementor-section-height-default elementor-section-height-default\" data-id=\"c32cbf8\" data-element_type=\"section\" data-e-type=\"section\">\n\t\t\t\t\t\t\t<div class=\"elementor-background-overlay\"><\/div>\n\t\t\t\t\t\t\t<div class=\"elementor-container elementor-column-gap-no\">\n\t\t\t\t\t<div class=\"elementor-column elementor-col-100 elementor-top-column elementor-element elementor-element-b9ab17e\" data-id=\"b9ab17e\" data-element_type=\"column\" data-e-type=\"column\">\n\t\t\t<div class=\"elementor-widget-wrap elementor-element-populated\">\n\t\t\t\t\t\t<div class=\"elementor-element elementor-element-3ec3ede elementor-widget elementor-widget-spacer\" data-id=\"3ec3ede\" data-element_type=\"widget\" data-e-type=\"widget\" data-widget_type=\"spacer.default\">\n\t\t\t\t<div class=\"elementor-widget-container\">\n\t\t\t\t\t\t\t<div class=\"elementor-spacer\">\n\t\t\t<div class=\"elementor-spacer-inner\"><\/div>\n\t\t<\/div>\n\t\t\t\t\t\t<\/div>\n\t\t\t\t<\/div>\n\t\t\t\t<div class=\"elementor-element elementor-element-eb54097 elementor-widget elementor-widget-heading\" data-id=\"eb54097\" data-element_type=\"widget\" data-e-type=\"widget\" data-widget_type=\"heading.default\">\n\t\t\t\t<div class=\"elementor-widget-container\">\n\t\t\t\t\t<h2 class=\"elementor-heading-title elementor-size-default\">Ambiente y Residuos<\/h2>\t\t\t\t<\/div>\n\t\t\t\t<\/div>\n\t\t\t\t<div class=\"elementor-element elementor-element-2fee365 elementor-widget elementor-widget-text-editor\" data-id=\"2fee365\" data-element_type=\"widget\" data-e-type=\"widget\" data-widget_type=\"text-editor.default\">\n\t\t\t\t<div class=\"elementor-widget-container\">\n\t\t\t\t\t\t\t\t\t<p>A continuaci\u00f3n se detalla informaci\u00f3n relevante y de inter\u00e9s social para los ciudadanos.<\/p>\t\t\t\t\t\t\t\t<\/div>\n\t\t\t\t<\/div>\n\t\t\t\t<div class=\"elementor-element elementor-element-68706ab elementor-widget elementor-widget-spacer\" data-id=\"68706ab\" data-element_type=\"widget\" data-e-type=\"widget\" data-widget_type=\"spacer.default\">\n\t\t\t\t<div class=\"elementor-widget-container\">\n\t\t\t\t\t\t\t<div class=\"elementor-spacer\">\n\t\t\t<div class=\"elementor-spacer-inner\"><\/div>\n\t\t<\/div>\n\t\t\t\t\t\t<\/div>\n\t\t\t\t<\/div>\n\t\t\t\t\t<\/div>\n\t\t<\/div>\n\t\t\t\t\t<\/div>\n\t\t<\/section>\n\t\t\t\t<section class=\"elementor-section elementor-top-section elementor-element elementor-element-affb84c elementor-section-boxed elementor-section-height-default elementor-section-height-default\" data-id=\"affb84c\" data-element_type=\"section\" data-e-type=\"section\">\n\t\t\t\t\t\t<div class=\"elementor-container elementor-column-gap-default\">\n\t\t\t\t\t<div class=\"elementor-column elementor-col-50 elementor-top-column elementor-element elementor-element-6d1ab00\" data-id=\"6d1ab00\" data-element_type=\"column\" data-e-type=\"column\">\n\t\t\t<div class=\"elementor-widget-wrap elementor-element-populated\">\n\t\t\t\t\t\t<div class=\"elementor-element elementor-element-93fffcc elementor-widget elementor-widget-spacer\" data-id=\"93fffcc\" data-element_type=\"widget\" data-e-type=\"widget\" data-widget_type=\"spacer.default\">\n\t\t\t\t<div class=\"elementor-widget-container\">\n\t\t\t\t\t\t\t<div class=\"elementor-spacer\">\n\t\t\t<div class=\"elementor-spacer-inner\"><\/div>\n\t\t<\/div>\n\t\t\t\t\t\t<\/div>\n\t\t\t\t<\/div>\n\t\t\t\t<div class=\"elementor-element elementor-element-d12036d elementor-nav-menu--dropdown-tablet elementor-nav-menu__text-align-aside elementor-widget elementor-widget-nav-menu\" data-id=\"d12036d\" data-element_type=\"widget\" data-e-type=\"widget\" data-settings=\"{&quot;layout&quot;:&quot;vertical&quot;,&quot;submenu_icon&quot;:{&quot;value&quot;:&quot;&lt;i class=\\&quot;fas fa-caret-down\\&quot; aria-hidden=\\&quot;true\\&quot;&gt;&lt;\\\/i&gt;&quot;,&quot;library&quot;:&quot;fa-solid&quot;}}\" data-widget_type=\"nav-menu.default\">\n\t\t\t\t<div class=\"elementor-widget-container\">\n\t\t\t\t\t\t\t\t<nav aria-label=\"Men\u00fa\" class=\"elementor-nav-menu--main elementor-nav-menu__container elementor-nav-menu--layout-vertical e--pointer-none\">\n\t\t\t\t<ul id=\"menu-1-d12036d\" class=\"elementor-nav-menu sm-vertical\"><li class=\"menu-item menu-item-type-post_type menu-item-object-page menu-item-6967\"><a href=\"https:\/\/munigoicoechea.go.cr\/inicio\/ambiente-y-residuos\/\" class=\"elementor-item\">Gesti\u00f3n Ambiental<\/a><\/li>\n<li class=\"menu-item menu-item-type-post_type menu-item-object-page menu-item-6883\"><a href=\"https:\/\/munigoicoechea.go.cr\/inicio\/rutas-de-basura\/\" class=\"elementor-item\">Rutas de basura<\/a><\/li>\n<li class=\"menu-item menu-item-type-post_type menu-item-object-page menu-item-6942\"><a href=\"https:\/\/munigoicoechea.go.cr\/inicio\/reciclaje\/\" class=\"elementor-item\">Reciclaje<\/a><\/li>\n<li class=\"menu-item menu-item-type-post_type menu-item-object-page menu-item-10638\"><a href=\"https:\/\/munigoicoechea.go.cr\/inicio\/mapas-rutas-residuos-no-tradicionales\/\" class=\"elementor-item\">Mapas de rutas de recolecci\u00f3n de residuos no tradicionales<\/a><\/li>\n<\/ul>\t\t\t<\/nav>\n\t\t\t\t\t\t<nav class=\"elementor-nav-menu--dropdown elementor-nav-menu__container\" aria-hidden=\"true\">\n\t\t\t\t<ul id=\"menu-2-d12036d\" class=\"elementor-nav-menu sm-vertical\"><li class=\"menu-item menu-item-type-post_type menu-item-object-page menu-item-6967\"><a href=\"https:\/\/munigoicoechea.go.cr\/inicio\/ambiente-y-residuos\/\" class=\"elementor-item\" tabindex=\"-1\">Gesti\u00f3n Ambiental<\/a><\/li>\n<li class=\"menu-item menu-item-type-post_type menu-item-object-page menu-item-6883\"><a href=\"https:\/\/munigoicoechea.go.cr\/inicio\/rutas-de-basura\/\" class=\"elementor-item\" tabindex=\"-1\">Rutas de basura<\/a><\/li>\n<li class=\"menu-item menu-item-type-post_type menu-item-object-page menu-item-6942\"><a href=\"https:\/\/munigoicoechea.go.cr\/inicio\/reciclaje\/\" class=\"elementor-item\" tabindex=\"-1\">Reciclaje<\/a><\/li>\n<li class=\"menu-item menu-item-type-post_type menu-item-object-page menu-item-10638\"><a href=\"https:\/\/munigoicoechea.go.cr\/inicio\/mapas-rutas-residuos-no-tradicionales\/\" class=\"elementor-item\" tabindex=\"-1\">Mapas de rutas de recolecci\u00f3n de residuos no tradicionales<\/a><\/li>\n<\/ul>\t\t\t<\/nav>\n\t\t\t\t\t\t<\/div>\n\t\t\t\t<\/div>\n\t\t\t\t\t<\/div>\n\t\t<\/div>\n\t\t\t\t<div class=\"elementor-column elementor-col-50 elementor-top-column elementor-element elementor-element-a9dc26d\" data-id=\"a9dc26d\" data-element_type=\"column\" data-e-type=\"column\">\n\t\t\t<div class=\"elementor-widget-wrap elementor-element-populated\">\n\t\t\t\t\t\t<div class=\"elementor-element elementor-element-121faad elementor-widget elementor-widget-spacer\" data-id=\"121faad\" data-element_type=\"widget\" data-e-type=\"widget\" data-widget_type=\"spacer.default\">\n\t\t\t\t<div class=\"elementor-widget-container\">\n\t\t\t\t\t\t\t<div class=\"elementor-spacer\">\n\t\t\t<div class=\"elementor-spacer-inner\"><\/div>\n\t\t<\/div>\n\t\t\t\t\t\t<\/div>\n\t\t\t\t<\/div>\n\t\t\t\t<div class=\"elementor-element elementor-element-9ad7567 elementor-widget elementor-widget-text-editor\" data-id=\"9ad7567\" data-element_type=\"widget\" data-e-type=\"widget\" data-widget_type=\"text-editor.default\">\n\t\t\t\t<div class=\"elementor-widget-container\">\n\t\t\t\t\t\t\t\t\t<h3 style=\"margin: 0.1667em 0em 0em;\"><span style=\"font-size: 14pt;\"><strong><span style=\"font-family: arial, helvetica, sans-serif; color: #003366;\">Residuos<\/span><span style=\"font-family: arial, helvetica, sans-serif; color: #003366;\"> Ordinarios<\/span><\/strong><\/span><\/h3><p style=\"margin-right: 0px; margin-bottom: 10px; margin-left: 0px; padding: 0px; color: #2f2c2d; font-size: 15px;\"><span style=\"font-size: 12pt;\">Residuos no valorizables, no peligrosos y sin alternativas viables de recuperaci\u00f3n como cart\u00f3n sucio, papel sucio y\/o engrasado, papel carb\u00f3n, papel aluminio, residuos del barrido, tela, servilletas usadas y residuos de los servicios sanitarios, restos de alimentos de origen animal o vegetal<\/span><\/p><h3 style=\"margin: 0.1667em 0em 0em;\"><span style=\"color: #003366; font-size: 14pt;\"><strong><span style=\"font-family: arial, helvetica, sans-serif;\">Residuos NO Tradicionales<\/span><\/strong><\/span><\/h3><p style=\"margin-right: 0px; margin-bottom: 10px; margin-left: 0px; padding: 0px; color: #2f2c2d; font-size: 15px;\"><span style=\"font-size: 12pt;\">Se incluyen aquellos residuos que, por su composici\u00f3n, necesidades de transporte, condiciones de almacenaje, volumen o por una combinaci\u00f3n de esos, requieren una recolecci\u00f3n especial.<\/span><\/p><p style=\"margin-right: 0px; margin-bottom: 10px; margin-left: 0px; padding: 0px; color: #2f2c2d; font-size: 15px;\"><span style=\"font-size: 12pt;\"><span style=\"margin: 0px; padding: 0px; font-weight: bold;\">Ejemplo:\u00a0<\/span>llantas, bater\u00edas, colchones, madera, muebles, entre otros.<\/span><\/p><p style=\"margin-right: 0px; margin-bottom: 10px; margin-left: 0px; padding: 0px; color: #2f2c2d; font-size: 15px; font-family: 'Open Sans', sans-serif;\"><span style=\"font-size: 12pt;\">El\u00a0<span style=\"margin: 0px; padding: 0px; font-weight: bold;\">horario\u00a0<\/span>de recolecci\u00f3n inicia desde las 5 a. m. y los residuos deben estar en frente de su casa.<\/span><\/p><p><a href=\"https:\/\/munigoicoechea.go.cr\/inicio\/wp-content\/uploads\/2024\/05\/politicaambiental-goicoechea.pdf\"><span style=\"color: #333399;\"><strong><em>DESCARGUE AQU\u00cd LA POL\u00cdTICA AMBIENTAL DE GOICOECHEA<\/em><\/strong><\/span><\/a><\/p><p><em><strong><a href=\"https:\/\/munigoicoechea.go.cr\/inicio\/wp-content\/uploads\/2025\/07\/PMGIRS-Goicoechea-2025-2030-Version-02.pdf\" target=\"_blank\" rel=\"noopener\">DESCARGUE AQU\u00cd PLAN MUNICIPAL DE GESTI\u00d3N INTEGRAL DE RESIDUOS S\u00d3LIDOS PARA APROBACI\u00d3N<\/a><\/strong><\/em><\/p><h3 style=\"margin: 0.1667em 0em 0em;\"><span style=\"font-size: 14pt; color: #003366;\"><strong><span style=\"font-family: arial, helvetica, sans-serif;\"><b>Formulario de observaciones PMGIRS<\/b><\/span><\/strong><\/span><\/h3><p style=\"margin-right: 0px; margin-bottom: 10px; margin-left: 0px; padding: 0px; color: #2f2c2d; font-size: 15px;\"><span style=\"font-size: 12pt;\"><span style=\"font-family: arial, helvetica, sans-serif; color: #000000;\">Se <\/span><span style=\"color: #d5dade;\"><span style=\"font-family: arial, helvetica, sans-serif; color: #000000;\">Le invitamos a descargar el formulario y completarlo con sus observaciones acerca del Plan Municipal de Gesti\u00f3n Integral de Residuos S\u00f3lidos, puede llevarlo impreso el d\u00eda de la Audiencia P\u00fablica, o bien enviarlo al correo<\/span>\u00a0<strong><a href=\"mailto:gustavo.herrera@munigoicoechea.go.cr\">gustavo.herrera@munigoicoechea.go.cr<\/a><\/strong><\/span><\/span><\/p><p><strong><a href=\"https:\/\/munigoicoechea.go.cr\/inicio\/wp-content\/uploads\/2025\/07\/Formulario-observaciones-PMGIRSGO-2025-2030.docx\">DESCARGUE AQU\u00cd FORMULARIO DE OBSERVACIONES<\/a><\/strong><\/p><p><span style=\"font-size: 14pt; font-family: arial, helvetica, sans-serif; color: #333333; line-height: 29.5741px; margin: 0px 0px 10px !important; padding: 0px !important;\"><b>Informaci\u00f3n de contacto<\/b><\/span><\/p><h2 style=\"margin: 0.1667em 0em 0em; font-family: 'Titillium Web', sans-serif; line-height: 1.1; font-size: 26px; break-after: avoid; padding: 0px !important; color: #003e69 !important;\"><span style=\"margin: 0px; padding: 0px; font-weight: bold; font-size: 12pt; font-family: arial, helvetica, sans-serif;\">Direcci\u00f3n de Servicios<\/span><\/h2><h2 style=\"margin: 0.1667em 0em 0em; font-family: 'Titillium Web', sans-serif; line-height: 1.1; font-size: 26px; break-after: avoid; padding: 0px !important; color: #003e69 !important;\"><span style=\"margin: 0px; padding: 0px; font-weight: bold; font-size: 12pt; font-family: arial, helvetica, sans-serif;\">Tel\u00e9fono:\u00a0<\/span><span style=\"font-family: arial, helvetica, sans-serif; font-size: 12pt;\">2527-6655<\/span><\/h2><h2 style=\"margin: 0.1667em 0em 0em; font-family: 'Titillium Web', sans-serif; line-height: 1.1; font-size: 26px; break-after: avoid; padding: 0px !important; color: #003e69 !important;\"><span style=\"font-size: 12pt; font-family: arial, helvetica, sans-serif;\"><span style=\"margin: 0px; padding: 0px; font-weight: bold;\">Correo:<\/span><\/span><\/h2><p><a href=\"mailto:ronald.cespedes@munigoicoechea.go.cr\">ronald.cespedes@munigoicoechea.go.cr<\/a><\/p><p><a href=\"mailto:heriberto.solis@munigoicoechea.go.cr\">heriberto.solis@munigoicoechea.go.cr<\/a><\/p>\t\t\t\t\t\t\t\t<\/div>\n\t\t\t\t<\/div>\n\t\t\t\t\t<\/div>\n\t\t<\/div>\n\t\t\t\t\t<\/div>\n\t\t<\/section>\n\t\t\t\t<\/div>\n\t\t","protected":false},"excerpt":{"rendered":"<p>Ambiente y Residuos A continuaci\u00f3n se detalla informaci\u00f3n relevante y de inter\u00e9s social para los ciudadanos. Residuos Ordinarios Residuos no valorizables, no peligrosos y sin alternativas viables de recuperaci\u00f3n como cart\u00f3n sucio, papel sucio y\/o engrasado, papel carb\u00f3n, papel aluminio, residuos del barrido, tela, servilletas usadas y residuos de los servicios sanitarios, restos de alimentos [&hellip;]<\/p>\n","protected":false},"author":2,"featured_media":0,"parent":0,"menu_order":0,"comment_status":"closed","ping_status":"closed","template":"elementor_header_footer","meta":{"_monsterinsights_skip_tracking":false,"_monsterinsights_sitenote_active":false,"_monsterinsights_sitenote_note":"","_monsterinsights_sitenote_category":0,"_joinchat":[],"footnotes":""},"class_list":["post-4484","page","type-page","status-publish","hentry"],"aioseo_notices":[],"yoast_head":"<!-- This site is optimized with the Yoast SEO plugin v27.1.1 - https:\/\/yoast.com\/product\/yoast-seo-wordpress\/ -->\n<title>Gesti\u00f3n Ambiental &#8211; Municipalidad de Goicoechea<\/title>\n<meta name=\"robots\" content=\"index, follow, max-snippet:-1, max-image-preview:large, max-video-preview:-1\" \/>\n<link rel=\"canonical\" href=\"https:\/\/munigoicoechea.go.cr\/inicio\/ambiente-y-residuos\/\" \/>\n<meta property=\"og:locale\" content=\"es_ES\" \/>\n<meta property=\"og:type\" content=\"article\" \/>\n<meta property=\"og:title\" content=\"Gesti\u00f3n Ambiental &#8211; Municipalidad de Goicoechea\" \/>\n<meta property=\"og:description\" content=\"Ambiente y Residuos A continuaci\u00f3n se detalla informaci\u00f3n relevante y de inter\u00e9s social para los ciudadanos. Residuos Ordinarios Residuos no valorizables, no peligrosos y sin alternativas viables de recuperaci\u00f3n como cart\u00f3n sucio, papel sucio y\/o engrasado, papel carb\u00f3n, papel aluminio, residuos del barrido, tela, servilletas usadas y residuos de los servicios sanitarios, restos de alimentos [&hellip;]\" \/>\n<meta property=\"og:url\" content=\"https:\/\/munigoicoechea.go.cr\/inicio\/ambiente-y-residuos\/\" \/>\n<meta property=\"og:site_name\" content=\"Municipalidad de Goicoechea\" \/>\n<meta property=\"article:publisher\" content=\"https:\/\/www.facebook.com\/munigoicooficial\/\" \/>\n<meta property=\"article:modified_time\" content=\"2025-07-11T16:57:33+00:00\" \/>\n<meta name=\"twitter:card\" content=\"summary_large_image\" \/>\n<meta name=\"twitter:label1\" content=\"Tiempo de lectura\" \/>\n\t<meta name=\"twitter:data1\" content=\"2 minutos\" \/>\n<script type=\"application\/ld+json\" class=\"yoast-schema-graph\">{\"@context\":\"https:\/\/schema.org\",\"@graph\":[{\"@type\":\"WebPage\",\"@id\":\"https:\/\/munigoicoechea.go.cr\/inicio\/ambiente-y-residuos\/\",\"url\":\"https:\/\/munigoicoechea.go.cr\/inicio\/ambiente-y-residuos\/\",\"name\":\"Gesti\u00f3n Ambiental &#8211; Municipalidad de Goicoechea\",\"isPartOf\":{\"@id\":\"https:\/\/munigoicoechea.go.cr\/inicio\/#website\"},\"datePublished\":\"2021-08-31T00:51:06+00:00\",\"dateModified\":\"2025-07-11T16:57:33+00:00\",\"breadcrumb\":{\"@id\":\"https:\/\/munigoicoechea.go.cr\/inicio\/ambiente-y-residuos\/#breadcrumb\"},\"inLanguage\":\"es\",\"potentialAction\":[{\"@type\":\"ReadAction\",\"target\":[\"https:\/\/munigoicoechea.go.cr\/inicio\/ambiente-y-residuos\/\"]}]},{\"@type\":\"BreadcrumbList\",\"@id\":\"https:\/\/munigoicoechea.go.cr\/inicio\/ambiente-y-residuos\/#breadcrumb\",\"itemListElement\":[{\"@type\":\"ListItem\",\"position\":1,\"name\":\"Portada\",\"item\":\"https:\/\/munigoicoechea.go.cr\/inicio\/\"},{\"@type\":\"ListItem\",\"position\":2,\"name\":\"Gesti\u00f3n Ambiental\"}]},{\"@type\":\"WebSite\",\"@id\":\"https:\/\/munigoicoechea.go.cr\/inicio\/#website\",\"url\":\"https:\/\/munigoicoechea.go.cr\/inicio\/\",\"name\":\"Municipalidad de Goicoechea\",\"description\":\"\u00a1Hacemos que las cosas sucedan!\",\"publisher\":{\"@id\":\"https:\/\/munigoicoechea.go.cr\/inicio\/#organization\"},\"potentialAction\":[{\"@type\":\"SearchAction\",\"target\":{\"@type\":\"EntryPoint\",\"urlTemplate\":\"https:\/\/munigoicoechea.go.cr\/inicio\/?s={search_term_string}\"},\"query-input\":{\"@type\":\"PropertyValueSpecification\",\"valueRequired\":true,\"valueName\":\"search_term_string\"}}],\"inLanguage\":\"es\"},{\"@type\":\"Organization\",\"@id\":\"https:\/\/munigoicoechea.go.cr\/inicio\/#organization\",\"name\":\"Municipalidad de Goicoechea\",\"url\":\"https:\/\/munigoicoechea.go.cr\/inicio\/\",\"logo\":{\"@type\":\"ImageObject\",\"inLanguage\":\"es\",\"@id\":\"https:\/\/munigoicoechea.go.cr\/inicio\/#\/schema\/logo\/image\/\",\"url\":\"https:\/\/i0.wp.com\/munigoicoechea.go.cr\/inicio\/wp-content\/uploads\/2021\/09\/cropped-cropped-Logo_Oficial-300x290-1.png?fit=512%2C512&ssl=1\",\"contentUrl\":\"https:\/\/i0.wp.com\/munigoicoechea.go.cr\/inicio\/wp-content\/uploads\/2021\/09\/cropped-cropped-Logo_Oficial-300x290-1.png?fit=512%2C512&ssl=1\",\"width\":512,\"height\":512,\"caption\":\"Municipalidad de Goicoechea\"},\"image\":{\"@id\":\"https:\/\/munigoicoechea.go.cr\/inicio\/#\/schema\/logo\/image\/\"},\"sameAs\":[\"https:\/\/www.facebook.com\/munigoicooficial\/\",\"https:\/\/www.youtube.com\/channel\/UCdAVgrbooTmXJlBeYMusKiA?reload=9\"]}]}<\/script>\n<!-- \/ Yoast SEO plugin. -->","yoast_head_json":{"title":"Gesti\u00f3n Ambiental &#8211; Municipalidad de Goicoechea","robots":{"index":"index","follow":"follow","max-snippet":"max-snippet:-1","max-image-preview":"max-image-preview:large","max-video-preview":"max-video-preview:-1"},"canonical":"https:\/\/munigoicoechea.go.cr\/inicio\/ambiente-y-residuos\/","og_locale":"es_ES","og_type":"article","og_title":"Gesti\u00f3n Ambiental &#8211; Municipalidad de Goicoechea","og_description":"Ambiente y Residuos A continuaci\u00f3n se detalla informaci\u00f3n relevante y de inter\u00e9s social para los ciudadanos. Residuos Ordinarios Residuos no valorizables, no peligrosos y sin alternativas viables de recuperaci\u00f3n como cart\u00f3n sucio, papel sucio y\/o engrasado, papel carb\u00f3n, papel aluminio, residuos del barrido, tela, servilletas usadas y residuos de los servicios sanitarios, restos de alimentos [&hellip;]","og_url":"https:\/\/munigoicoechea.go.cr\/inicio\/ambiente-y-residuos\/","og_site_name":"Municipalidad de Goicoechea","article_publisher":"https:\/\/www.facebook.com\/munigoicooficial\/","article_modified_time":"2025-07-11T16:57:33+00:00","twitter_card":"summary_large_image","twitter_misc":{"Tiempo de lectura":"2 minutos"},"schema":{"@context":"https:\/\/schema.org","@graph":[{"@type":"WebPage","@id":"https:\/\/munigoicoechea.go.cr\/inicio\/ambiente-y-residuos\/","url":"https:\/\/munigoicoechea.go.cr\/inicio\/ambiente-y-residuos\/","name":"Gesti\u00f3n Ambiental &#8211; Municipalidad de Goicoechea","isPartOf":{"@id":"https:\/\/munigoicoechea.go.cr\/inicio\/#website"},"datePublished":"2021-08-31T00:51:06+00:00","dateModified":"2025-07-11T16:57:33+00:00","breadcrumb":{"@id":"https:\/\/munigoicoechea.go.cr\/inicio\/ambiente-y-residuos\/#breadcrumb"},"inLanguage":"es","potentialAction":[{"@type":"ReadAction","target":["https:\/\/munigoicoechea.go.cr\/inicio\/ambiente-y-residuos\/"]}]},{"@type":"BreadcrumbList","@id":"https:\/\/munigoicoechea.go.cr\/inicio\/ambiente-y-residuos\/#breadcrumb","itemListElement":[{"@type":"ListItem","position":1,"name":"Portada","item":"https:\/\/munigoicoechea.go.cr\/inicio\/"},{"@type":"ListItem","position":2,"name":"Gesti\u00f3n Ambiental"}]},{"@type":"WebSite","@id":"https:\/\/munigoicoechea.go.cr\/inicio\/#website","url":"https:\/\/munigoicoechea.go.cr\/inicio\/","name":"Municipalidad de Goicoechea","description":"\u00a1Hacemos que las cosas sucedan!","publisher":{"@id":"https:\/\/munigoicoechea.go.cr\/inicio\/#organization"},"potentialAction":[{"@type":"SearchAction","target":{"@type":"EntryPoint","urlTemplate":"https:\/\/munigoicoechea.go.cr\/inicio\/?s={search_term_string}"},"query-input":{"@type":"PropertyValueSpecification","valueRequired":true,"valueName":"search_term_string"}}],"inLanguage":"es"},{"@type":"Organization","@id":"https:\/\/munigoicoechea.go.cr\/inicio\/#organization","name":"Municipalidad de Goicoechea","url":"https:\/\/munigoicoechea.go.cr\/inicio\/","logo":{"@type":"ImageObject","inLanguage":"es","@id":"https:\/\/munigoicoechea.go.cr\/inicio\/#\/schema\/logo\/image\/","url":"https:\/\/i0.wp.com\/munigoicoechea.go.cr\/inicio\/wp-content\/uploads\/2021\/09\/cropped-cropped-Logo_Oficial-300x290-1.png?fit=512%2C512&ssl=1","contentUrl":"https:\/\/i0.wp.com\/munigoicoechea.go.cr\/inicio\/wp-content\/uploads\/2021\/09\/cropped-cropped-Logo_Oficial-300x290-1.png?fit=512%2C512&ssl=1","width":512,"height":512,"caption":"Municipalidad de Goicoechea"},"image":{"@id":"https:\/\/munigoicoechea.go.cr\/inicio\/#\/schema\/logo\/image\/"},"sameAs":["https:\/\/www.facebook.com\/munigoicooficial\/","https:\/\/www.youtube.com\/channel\/UCdAVgrbooTmXJlBeYMusKiA?reload=9"]}]}},"jetpack_sharing_enabled":true,"_links":{"self":[{"href":"https:\/\/munigoicoechea.go.cr\/inicio\/wp-json\/wp\/v2\/pages\/4484","targetHints":{"allow":["GET"]}}],"collection":[{"href":"https:\/\/munigoicoechea.go.cr\/inicio\/wp-json\/wp\/v2\/pages"}],"about":[{"href":"https:\/\/munigoicoechea.go.cr\/inicio\/wp-json\/wp\/v2\/types\/page"}],"author":[{"embeddable":true,"href":"https:\/\/munigoicoechea.go.cr\/inicio\/wp-json\/wp\/v2\/users\/2"}],"replies":[{"embeddable":true,"href":"https:\/\/munigoicoechea.go.cr\/inicio\/wp-json\/wp\/v2\/comments?post=4484"}],"version-history":[{"count":107,"href":"https:\/\/munigoicoechea.go.cr\/inicio\/wp-json\/wp\/v2\/pages\/4484\/revisions"}],"predecessor-version":[{"id":13164,"href":"https:\/\/munigoicoechea.go.cr\/inicio\/wp-json\/wp\/v2\/pages\/4484\/revisions\/13164"}],"wp:attachment":[{"href":"https:\/\/munigoicoechea.go.cr\/inicio\/wp-json\/wp\/v2\/media?parent=4484"}],"curies":[{"name":"wp","href":"https:\/\/api.w.org\/{rel}","templated":true}]}}