{"id":4639,"date":"2021-08-31T02:19:24","date_gmt":"2021-08-31T02:19:24","guid":{"rendered":"https:\/\/munigoicoechea.go.cr\/inicio\/?page_id=4639"},"modified":"2024-11-15T13:51:13","modified_gmt":"2024-11-15T13:51:13","slug":"cobros-licencias-y-patentes","status":"publish","type":"page","link":"https:\/\/munigoicoechea.go.cr\/inicio\/cobros-licencias-y-patentes\/","title":{"rendered":"Cobros, Licencias y Patentes"},"content":{"rendered":"\t\t<div data-elementor-type=\"wp-page\" data-elementor-id=\"4639\" class=\"elementor elementor-4639\" data-elementor-post-type=\"page\">\n\t\t\t\t\t\t<section class=\"elementor-section elementor-top-section elementor-element elementor-element-939aff3 elementor-section-full_width elementor-section-height-default elementor-section-height-default\" data-id=\"939aff3\" data-element_type=\"section\" data-e-type=\"section\">\n\t\t\t\t\t\t<div class=\"elementor-container elementor-column-gap-no\">\n\t\t\t\t\t<div class=\"elementor-column elementor-col-100 elementor-top-column elementor-element elementor-element-8a1984d\" data-id=\"8a1984d\" data-element_type=\"column\" data-e-type=\"column\">\n\t\t\t<div class=\"elementor-widget-wrap elementor-element-populated\">\n\t\t\t\t\t\t<div class=\"elementor-element elementor-element-c7b6094 elementor-widget elementor-widget-spacer\" data-id=\"c7b6094\" data-element_type=\"widget\" data-e-type=\"widget\" data-widget_type=\"spacer.default\">\n\t\t\t\t<div class=\"elementor-widget-container\">\n\t\t\t\t\t\t\t<div class=\"elementor-spacer\">\n\t\t\t<div class=\"elementor-spacer-inner\"><\/div>\n\t\t<\/div>\n\t\t\t\t\t\t<\/div>\n\t\t\t\t<\/div>\n\t\t\t\t\t<\/div>\n\t\t<\/div>\n\t\t\t\t\t<\/div>\n\t\t<\/section>\n\t\t\t\t<section class=\"elementor-section elementor-top-section elementor-element elementor-element-3928212 elementor-section-full_width elementor-section-height-default elementor-section-height-default\" data-id=\"3928212\" data-element_type=\"section\" data-e-type=\"section\" data-settings=\"{&quot;background_background&quot;:&quot;classic&quot;}\">\n\t\t\t\t\t\t<div class=\"elementor-container elementor-column-gap-no\">\n\t\t\t\t\t<div class=\"elementor-column elementor-col-100 elementor-top-column elementor-element elementor-element-b2e8688\" data-id=\"b2e8688\" data-element_type=\"column\" data-e-type=\"column\">\n\t\t\t<div class=\"elementor-widget-wrap elementor-element-populated\">\n\t\t\t\t\t\t<div class=\"elementor-element elementor-element-64f4614 elementor-widget elementor-widget-spacer\" data-id=\"64f4614\" data-element_type=\"widget\" data-e-type=\"widget\" data-widget_type=\"spacer.default\">\n\t\t\t\t<div class=\"elementor-widget-container\">\n\t\t\t\t\t\t\t<div class=\"elementor-spacer\">\n\t\t\t<div class=\"elementor-spacer-inner\"><\/div>\n\t\t<\/div>\n\t\t\t\t\t\t<\/div>\n\t\t\t\t<\/div>\n\t\t\t\t<div class=\"elementor-element elementor-element-e72fc1e elementor-widget elementor-widget-heading\" data-id=\"e72fc1e\" data-element_type=\"widget\" data-e-type=\"widget\" data-widget_type=\"heading.default\">\n\t\t\t\t<div class=\"elementor-widget-container\">\n\t\t\t\t\t<h2 class=\"elementor-heading-title elementor-size-default\">Cobros, Licencias y Patentes<\/h2>\t\t\t\t<\/div>\n\t\t\t\t<\/div>\n\t\t\t\t<div class=\"elementor-element elementor-element-1433c0d elementor-widget elementor-widget-text-editor\" data-id=\"1433c0d\" data-element_type=\"widget\" data-e-type=\"widget\" data-widget_type=\"text-editor.default\">\n\t\t\t\t<div class=\"elementor-widget-container\">\n\t\t\t\t\t\t\t\t\t<p>A continuaci\u00f3n se detallan los requisitos y \/o tr\u00e1mites de cobros, patentes y licencias, los mismos deben ser gestionados seg\u00fan las indicaciones.<\/p>\t\t\t\t\t\t\t\t<\/div>\n\t\t\t\t<\/div>\n\t\t\t\t<div class=\"elementor-element elementor-element-e926612 elementor-widget elementor-widget-spacer\" data-id=\"e926612\" data-element_type=\"widget\" data-e-type=\"widget\" data-widget_type=\"spacer.default\">\n\t\t\t\t<div class=\"elementor-widget-container\">\n\t\t\t\t\t\t\t<div class=\"elementor-spacer\">\n\t\t\t<div class=\"elementor-spacer-inner\"><\/div>\n\t\t<\/div>\n\t\t\t\t\t\t<\/div>\n\t\t\t\t<\/div>\n\t\t\t\t\t<\/div>\n\t\t<\/div>\n\t\t\t\t\t<\/div>\n\t\t<\/section>\n\t\t\t\t<section class=\"elementor-section elementor-top-section elementor-element elementor-element-57d946b elementor-section-boxed elementor-section-height-default elementor-section-height-default\" data-id=\"57d946b\" data-element_type=\"section\" data-e-type=\"section\">\n\t\t\t\t\t\t<div class=\"elementor-container elementor-column-gap-default\">\n\t\t\t\t\t<div class=\"elementor-column elementor-col-100 elementor-top-column elementor-element elementor-element-c85720c\" data-id=\"c85720c\" data-element_type=\"column\" data-e-type=\"column\">\n\t\t\t<div class=\"elementor-widget-wrap elementor-element-populated\">\n\t\t\t\t\t\t<div class=\"elementor-element elementor-element-fa27b88 elementor-widget elementor-widget-spacer\" data-id=\"fa27b88\" data-element_type=\"widget\" data-e-type=\"widget\" data-widget_type=\"spacer.default\">\n\t\t\t\t<div class=\"elementor-widget-container\">\n\t\t\t\t\t\t\t<div class=\"elementor-spacer\">\n\t\t\t<div class=\"elementor-spacer-inner\"><\/div>\n\t\t<\/div>\n\t\t\t\t\t\t<\/div>\n\t\t\t\t<\/div>\n\t\t\t\t<div class=\"elementor-element elementor-element-d1caf29 elementor-widget elementor-widget-text-editor\" data-id=\"d1caf29\" data-element_type=\"widget\" data-e-type=\"widget\" data-widget_type=\"text-editor.default\">\n\t\t\t\t<div class=\"elementor-widget-container\">\n\t\t\t\t\t\t\t\t\t<p>Si desea incluir su negocio con servicio a domicilio, haga clic <strong><a href=\"https:\/\/munigoicoechea.go.cr\/wp-content\/uploads\/2020\/12\/boleta-establecimiento-comercial-con-servicio-a-domicilio.pdf\" target=\"_blank\" rel=\"noopener\">aqu\u00ed<\/a><\/strong>, descargue el formulario e impr\u00edmalo. Ll\u00e9nelo y env\u00edelo a la direcci\u00f3n: <a href=\"mailto:silvia.taborda@munigoicoechea.go.cr\" target=\"_blank\" rel=\"noopener\">silvia.taborda@munigoicoechea.go.cr<\/a><\/p><p><a href=\"https:\/\/munigoicoechea.go.cr\/inicio\/wp-content\/uploads\/2024\/11\/LISTADO-ANULAR-CONVENIOS.pdf\"><strong>LISTA DE ANULACI\u00d3N DE CONVENIOS DE PAGO &#8211; OCTUBRE 2024<\/strong><\/a><\/p><p><span style=\"font-size: 14pt; color: #1c3d77;\"><strong>OTORGAMIENTO DE LICENCIAS HABILITANTES PARA LA VENTA DE BEBIDAS CON CONTENIDO ALCOH\u00d3LICO<\/strong><\/span><\/p><p><strong><a href=\"https:\/\/munigoicoechea.go.cr\/wp-content\/uploads\/2020\/12\/licencia-bebidas-alcholicas-1.pdf\" target=\"_blank\" rel=\"noopener\">Leer reglamento aqu\u00ed<\/a><br \/><\/strong><\/p><p><span style=\"font-size: 14pt;\"><strong><a href=\"https:\/\/munigoicoechea.go.cr\/inicio\/wp-content\/uploads\/2022\/01\/Requisitos-para-solicitud-de-licencia-para-expendio-de-bebidas-con-contenido-alcoholico.pdf\"><span style=\"font-family: 'Arial',sans-serif;\">Descargue AQU\u00cd la lista de requisitos para obtenci\u00f3n de la licencia para expendio de bebidas con contenido alcoh\u00f3lico<\/span><\/a><\/strong><\/span><\/p><ul><li>Para solicitar Licencias para el Expendio de Bebidas con Contenido Alcoh\u00f3lico se requiere <strong>una distancia m\u00ednima de 400 metros<\/strong> de centros educativos p\u00fablicos o privados, centros infantiles de nutrici\u00f3n, instalaciones donde se realicen actividades religiosas que cuenten con permiso de funcionamiento, centros de atenci\u00f3n para adultos mayores, hospitales, cl\u00ednicas y Eb\u00e1is<strong> para bares y licoreras.<\/strong> Para restaurantes, la distancia es de 100 metros.<\/li><li>La carta de solicitud de la licencia para expendio de bebidas con contenido alcoh\u00f3lico junto con los requisitos los entregar\u00e1 en la ventanilla de Cobros, ubicada en el primer piso del Palacio Municipal, de lunes a viernes de 7:30 a. m. a 4 p. m. o bien remitirlos v\u00eda correo electr\u00f3nico a la direcci\u00f3n: <a href=\"mailto:cobros.patentes@munigoicoechea.go.cr\">cobros.patentes@munigoicoechea.go.cr.<\/a> La solicitud ser\u00e1 aceptada \u00fanicamente si es firmada digitalmente, de lo contrario solo ser\u00e1n recibidos de manera impresa en la ventanilla de atenci\u00f3n.<\/li><li>Dicha restricci\u00f3n de distancia no aplica si el local se encuentra en un <strong>centro comercial.<\/strong><\/li><li><strong>Para salas de juegos<\/strong> son 80 metros de distancia m\u00ednima de las actividades antes mencionadas.<\/li><\/ul><p><span style=\"font-size: 12pt;\"><strong>Tr\u00e1mites:<\/strong><\/span><\/p><ul><li>Cobros.<\/li><li>Arreglos de pago.<\/li><li>Compromisos de pago.<\/li><li>Licencias de licores.<\/li><li>Patentes Comerciales.<\/li><\/ul><p><strong>Se les insta estar al d\u00eda en sus impuestos municipales para as\u00ed evitar procesos judiciales, de lo contrario puede presentarse a este Departamento a solicitar un arreglo en su pendiente.<\/strong><\/p><p><strong>Requisitos para hacer arreglo de pago:<\/strong><\/p><ul><li>Aportar el 25% de la deuda total.<\/li><li>Copia de la c\u00e9dula.<\/li><li>Presentarse el interesado a formalizar.<\/li><li>Si el interesado no se puede presentar debe enviar a una persona con carta de autorizaci\u00f3n y\u00a0 copia de la c\u00e9dula del interesado y de la persona autorizada.<\/li><li>Si la cuenta esta a nombre de una sociedad debe aportar todo lo antes indicado m\u00e1s personer\u00eda del representante legal y presentarse el mismo a firmar el arreglo.<\/li><li>Para las cuentas que son muy altas y el monto no les da para arreglo de pago ya que el plazo m\u00e1s largo del sistema son 99 meses y a\u00fan asi algunas personas les queda la cuota muy alta. Es necesario que realicen una carta solicitando estudio del caso y se le puede otorgar un compromiso de pago donde mes a mes deben abonar una cuota y mantener los trimestres nuevos al d\u00eda.<\/li><\/ul><p><strong>Contacto<\/strong><br \/>Tel\u00e9fono: 2527-66-33 \/ 2527-66-87 \/ 2527-6653<br \/>Correo: <a href=\"mailto:cobros.patentes@munigoicoechea.go.cr\">cobros.patentes@munigoicoechea.go.cr<\/a><\/p>\t\t\t\t\t\t\t\t<\/div>\n\t\t\t\t<\/div>\n\t\t\t\t\t<\/div>\n\t\t<\/div>\n\t\t\t\t\t<\/div>\n\t\t<\/section>\n\t\t\t\t<\/div>\n\t\t","protected":false},"excerpt":{"rendered":"<p>Cobros, Licencias y Patentes A continuaci\u00f3n se detallan los requisitos y \/o tr\u00e1mites de cobros, patentes y licencias, los mismos deben ser gestionados seg\u00fan las indicaciones. Si desea incluir su negocio con servicio a domicilio, haga clic aqu\u00ed, descargue el formulario e impr\u00edmalo. Ll\u00e9nelo y env\u00edelo a la direcci\u00f3n: silvia.taborda@munigoicoechea.go.cr LISTA DE ANULACI\u00d3N DE CONVENIOS [&hellip;]<\/p>\n","protected":false},"author":2,"featured_media":0,"parent":0,"menu_order":0,"comment_status":"closed","ping_status":"closed","template":"elementor_header_footer","meta":{"_monsterinsights_skip_tracking":false,"_monsterinsights_sitenote_active":false,"_monsterinsights_sitenote_note":"","_monsterinsights_sitenote_category":0,"_joinchat":[],"footnotes":""},"class_list":["post-4639","page","type-page","status-publish","hentry"],"aioseo_notices":[],"yoast_head":"<!-- This site is optimized with the Yoast SEO plugin v27.1.1 - https:\/\/yoast.com\/product\/yoast-seo-wordpress\/ -->\n<title>Cobros, Licencias y Patentes &#8211; Municipalidad de Goicoechea<\/title>\n<meta name=\"robots\" content=\"index, follow, max-snippet:-1, max-image-preview:large, max-video-preview:-1\" \/>\n<link rel=\"canonical\" href=\"https:\/\/munigoicoechea.go.cr\/inicio\/cobros-licencias-y-patentes\/\" \/>\n<meta property=\"og:locale\" content=\"es_ES\" \/>\n<meta property=\"og:type\" content=\"article\" \/>\n<meta property=\"og:title\" content=\"Cobros, Licencias y Patentes &#8211; Municipalidad de Goicoechea\" \/>\n<meta property=\"og:description\" content=\"Cobros, Licencias y Patentes A continuaci\u00f3n se detallan los requisitos y \/o tr\u00e1mites de cobros, patentes y licencias, los mismos deben ser gestionados seg\u00fan las indicaciones. Si desea incluir su negocio con servicio a domicilio, haga clic aqu\u00ed, descargue el formulario e impr\u00edmalo. Ll\u00e9nelo y env\u00edelo a la direcci\u00f3n: silvia.taborda@munigoicoechea.go.cr LISTA DE ANULACI\u00d3N DE CONVENIOS [&hellip;]\" \/>\n<meta property=\"og:url\" content=\"https:\/\/munigoicoechea.go.cr\/inicio\/cobros-licencias-y-patentes\/\" \/>\n<meta property=\"og:site_name\" content=\"Municipalidad de Goicoechea\" \/>\n<meta property=\"article:publisher\" content=\"https:\/\/www.facebook.com\/munigoicooficial\/\" \/>\n<meta property=\"article:modified_time\" content=\"2024-11-15T13:51:13+00:00\" \/>\n<meta name=\"twitter:card\" content=\"summary_large_image\" \/>\n<meta name=\"twitter:label1\" content=\"Tiempo de lectura\" \/>\n\t<meta name=\"twitter:data1\" content=\"3 minutos\" \/>\n<script type=\"application\/ld+json\" class=\"yoast-schema-graph\">{\"@context\":\"https:\/\/schema.org\",\"@graph\":[{\"@type\":\"WebPage\",\"@id\":\"https:\/\/munigoicoechea.go.cr\/inicio\/cobros-licencias-y-patentes\/\",\"url\":\"https:\/\/munigoicoechea.go.cr\/inicio\/cobros-licencias-y-patentes\/\",\"name\":\"Cobros, Licencias y Patentes &#8211; Municipalidad de Goicoechea\",\"isPartOf\":{\"@id\":\"https:\/\/munigoicoechea.go.cr\/inicio\/#website\"},\"datePublished\":\"2021-08-31T02:19:24+00:00\",\"dateModified\":\"2024-11-15T13:51:13+00:00\",\"breadcrumb\":{\"@id\":\"https:\/\/munigoicoechea.go.cr\/inicio\/cobros-licencias-y-patentes\/#breadcrumb\"},\"inLanguage\":\"es\",\"potentialAction\":[{\"@type\":\"ReadAction\",\"target\":[\"https:\/\/munigoicoechea.go.cr\/inicio\/cobros-licencias-y-patentes\/\"]}]},{\"@type\":\"BreadcrumbList\",\"@id\":\"https:\/\/munigoicoechea.go.cr\/inicio\/cobros-licencias-y-patentes\/#breadcrumb\",\"itemListElement\":[{\"@type\":\"ListItem\",\"position\":1,\"name\":\"Portada\",\"item\":\"https:\/\/munigoicoechea.go.cr\/inicio\/\"},{\"@type\":\"ListItem\",\"position\":2,\"name\":\"Cobros, Licencias y Patentes\"}]},{\"@type\":\"WebSite\",\"@id\":\"https:\/\/munigoicoechea.go.cr\/inicio\/#website\",\"url\":\"https:\/\/munigoicoechea.go.cr\/inicio\/\",\"name\":\"Municipalidad de Goicoechea\",\"description\":\"\u00a1Hacemos que las cosas sucedan!\",\"publisher\":{\"@id\":\"https:\/\/munigoicoechea.go.cr\/inicio\/#organization\"},\"potentialAction\":[{\"@type\":\"SearchAction\",\"target\":{\"@type\":\"EntryPoint\",\"urlTemplate\":\"https:\/\/munigoicoechea.go.cr\/inicio\/?s={search_term_string}\"},\"query-input\":{\"@type\":\"PropertyValueSpecification\",\"valueRequired\":true,\"valueName\":\"search_term_string\"}}],\"inLanguage\":\"es\"},{\"@type\":\"Organization\",\"@id\":\"https:\/\/munigoicoechea.go.cr\/inicio\/#organization\",\"name\":\"Municipalidad de Goicoechea\",\"url\":\"https:\/\/munigoicoechea.go.cr\/inicio\/\",\"logo\":{\"@type\":\"ImageObject\",\"inLanguage\":\"es\",\"@id\":\"https:\/\/munigoicoechea.go.cr\/inicio\/#\/schema\/logo\/image\/\",\"url\":\"https:\/\/i0.wp.com\/munigoicoechea.go.cr\/inicio\/wp-content\/uploads\/2021\/09\/cropped-cropped-Logo_Oficial-300x290-1.png?fit=512%2C512&ssl=1\",\"contentUrl\":\"https:\/\/i0.wp.com\/munigoicoechea.go.cr\/inicio\/wp-content\/uploads\/2021\/09\/cropped-cropped-Logo_Oficial-300x290-1.png?fit=512%2C512&ssl=1\",\"width\":512,\"height\":512,\"caption\":\"Municipalidad de Goicoechea\"},\"image\":{\"@id\":\"https:\/\/munigoicoechea.go.cr\/inicio\/#\/schema\/logo\/image\/\"},\"sameAs\":[\"https:\/\/www.facebook.com\/munigoicooficial\/\",\"https:\/\/www.youtube.com\/channel\/UCdAVgrbooTmXJlBeYMusKiA?reload=9\"]}]}<\/script>\n<!-- \/ Yoast SEO plugin. -->","yoast_head_json":{"title":"Cobros, Licencias y Patentes &#8211; Municipalidad de Goicoechea","robots":{"index":"index","follow":"follow","max-snippet":"max-snippet:-1","max-image-preview":"max-image-preview:large","max-video-preview":"max-video-preview:-1"},"canonical":"https:\/\/munigoicoechea.go.cr\/inicio\/cobros-licencias-y-patentes\/","og_locale":"es_ES","og_type":"article","og_title":"Cobros, Licencias y Patentes &#8211; Municipalidad de Goicoechea","og_description":"Cobros, Licencias y Patentes A continuaci\u00f3n se detallan los requisitos y \/o tr\u00e1mites de cobros, patentes y licencias, los mismos deben ser gestionados seg\u00fan las indicaciones. Si desea incluir su negocio con servicio a domicilio, haga clic aqu\u00ed, descargue el formulario e impr\u00edmalo. Ll\u00e9nelo y env\u00edelo a la direcci\u00f3n: silvia.taborda@munigoicoechea.go.cr LISTA DE ANULACI\u00d3N DE CONVENIOS [&hellip;]","og_url":"https:\/\/munigoicoechea.go.cr\/inicio\/cobros-licencias-y-patentes\/","og_site_name":"Municipalidad de Goicoechea","article_publisher":"https:\/\/www.facebook.com\/munigoicooficial\/","article_modified_time":"2024-11-15T13:51:13+00:00","twitter_card":"summary_large_image","twitter_misc":{"Tiempo de lectura":"3 minutos"},"schema":{"@context":"https:\/\/schema.org","@graph":[{"@type":"WebPage","@id":"https:\/\/munigoicoechea.go.cr\/inicio\/cobros-licencias-y-patentes\/","url":"https:\/\/munigoicoechea.go.cr\/inicio\/cobros-licencias-y-patentes\/","name":"Cobros, Licencias y Patentes &#8211; Municipalidad de Goicoechea","isPartOf":{"@id":"https:\/\/munigoicoechea.go.cr\/inicio\/#website"},"datePublished":"2021-08-31T02:19:24+00:00","dateModified":"2024-11-15T13:51:13+00:00","breadcrumb":{"@id":"https:\/\/munigoicoechea.go.cr\/inicio\/cobros-licencias-y-patentes\/#breadcrumb"},"inLanguage":"es","potentialAction":[{"@type":"ReadAction","target":["https:\/\/munigoicoechea.go.cr\/inicio\/cobros-licencias-y-patentes\/"]}]},{"@type":"BreadcrumbList","@id":"https:\/\/munigoicoechea.go.cr\/inicio\/cobros-licencias-y-patentes\/#breadcrumb","itemListElement":[{"@type":"ListItem","position":1,"name":"Portada","item":"https:\/\/munigoicoechea.go.cr\/inicio\/"},{"@type":"ListItem","position":2,"name":"Cobros, Licencias y Patentes"}]},{"@type":"WebSite","@id":"https:\/\/munigoicoechea.go.cr\/inicio\/#website","url":"https:\/\/munigoicoechea.go.cr\/inicio\/","name":"Municipalidad de Goicoechea","description":"\u00a1Hacemos que las cosas sucedan!","publisher":{"@id":"https:\/\/munigoicoechea.go.cr\/inicio\/#organization"},"potentialAction":[{"@type":"SearchAction","target":{"@type":"EntryPoint","urlTemplate":"https:\/\/munigoicoechea.go.cr\/inicio\/?s={search_term_string}"},"query-input":{"@type":"PropertyValueSpecification","valueRequired":true,"valueName":"search_term_string"}}],"inLanguage":"es"},{"@type":"Organization","@id":"https:\/\/munigoicoechea.go.cr\/inicio\/#organization","name":"Municipalidad de Goicoechea","url":"https:\/\/munigoicoechea.go.cr\/inicio\/","logo":{"@type":"ImageObject","inLanguage":"es","@id":"https:\/\/munigoicoechea.go.cr\/inicio\/#\/schema\/logo\/image\/","url":"https:\/\/i0.wp.com\/munigoicoechea.go.cr\/inicio\/wp-content\/uploads\/2021\/09\/cropped-cropped-Logo_Oficial-300x290-1.png?fit=512%2C512&ssl=1","contentUrl":"https:\/\/i0.wp.com\/munigoicoechea.go.cr\/inicio\/wp-content\/uploads\/2021\/09\/cropped-cropped-Logo_Oficial-300x290-1.png?fit=512%2C512&ssl=1","width":512,"height":512,"caption":"Municipalidad de Goicoechea"},"image":{"@id":"https:\/\/munigoicoechea.go.cr\/inicio\/#\/schema\/logo\/image\/"},"sameAs":["https:\/\/www.facebook.com\/munigoicooficial\/","https:\/\/www.youtube.com\/channel\/UCdAVgrbooTmXJlBeYMusKiA?reload=9"]}]}},"jetpack_sharing_enabled":true,"_links":{"self":[{"href":"https:\/\/munigoicoechea.go.cr\/inicio\/wp-json\/wp\/v2\/pages\/4639","targetHints":{"allow":["GET"]}}],"collection":[{"href":"https:\/\/munigoicoechea.go.cr\/inicio\/wp-json\/wp\/v2\/pages"}],"about":[{"href":"https:\/\/munigoicoechea.go.cr\/inicio\/wp-json\/wp\/v2\/types\/page"}],"author":[{"embeddable":true,"href":"https:\/\/munigoicoechea.go.cr\/inicio\/wp-json\/wp\/v2\/users\/2"}],"replies":[{"embeddable":true,"href":"https:\/\/munigoicoechea.go.cr\/inicio\/wp-json\/wp\/v2\/comments?post=4639"}],"version-history":[{"count":107,"href":"https:\/\/munigoicoechea.go.cr\/inicio\/wp-json\/wp\/v2\/pages\/4639\/revisions"}],"predecessor-version":[{"id":12917,"href":"https:\/\/munigoicoechea.go.cr\/inicio\/wp-json\/wp\/v2\/pages\/4639\/revisions\/12917"}],"wp:attachment":[{"href":"https:\/\/munigoicoechea.go.cr\/inicio\/wp-json\/wp\/v2\/media?parent=4639"}],"curies":[{"name":"wp","href":"https:\/\/api.w.org\/{rel}","templated":true}]}}