{"id":5739,"date":"2021-09-02T18:12:05","date_gmt":"2021-09-02T18:12:05","guid":{"rendered":"https:\/\/munigoicoechea.go.cr\/inicio\/?page_id=5739"},"modified":"2024-10-07T18:55:36","modified_gmt":"2024-10-07T18:55:36","slug":"guia-telefonica","status":"publish","type":"page","link":"https:\/\/munigoicoechea.go.cr\/inicio\/guia-telefonica\/","title":{"rendered":"Gu\u00eda Telef\u00f3nica"},"content":{"rendered":"\t\t<div data-elementor-type=\"wp-page\" data-elementor-id=\"5739\" class=\"elementor elementor-5739\" data-elementor-post-type=\"page\">\n\t\t\t\t\t\t<section class=\"elementor-section elementor-top-section elementor-element elementor-element-aad8f63 elementor-section-full_width elementor-section-height-default elementor-section-height-default\" data-id=\"aad8f63\" data-element_type=\"section\" data-e-type=\"section\">\n\t\t\t\t\t\t<div class=\"elementor-container elementor-column-gap-no\">\n\t\t\t\t\t<div class=\"elementor-column elementor-col-100 elementor-top-column elementor-element elementor-element-ededcd5\" data-id=\"ededcd5\" data-element_type=\"column\" data-e-type=\"column\">\n\t\t\t<div class=\"elementor-widget-wrap elementor-element-populated\">\n\t\t\t\t\t\t<div class=\"elementor-element elementor-element-4b33f35 elementor-widget elementor-widget-spacer\" data-id=\"4b33f35\" data-element_type=\"widget\" data-e-type=\"widget\" data-widget_type=\"spacer.default\">\n\t\t\t\t<div class=\"elementor-widget-container\">\n\t\t\t\t\t\t\t<div class=\"elementor-spacer\">\n\t\t\t<div class=\"elementor-spacer-inner\"><\/div>\n\t\t<\/div>\n\t\t\t\t\t\t<\/div>\n\t\t\t\t<\/div>\n\t\t\t\t\t<\/div>\n\t\t<\/div>\n\t\t\t\t\t<\/div>\n\t\t<\/section>\n\t\t\t\t<section class=\"elementor-section elementor-top-section elementor-element elementor-element-5246dc1 elementor-section-full_width elementor-section-height-default elementor-section-height-default\" data-id=\"5246dc1\" data-element_type=\"section\" data-e-type=\"section\" data-settings=\"{&quot;background_background&quot;:&quot;classic&quot;}\">\n\t\t\t\t\t\t<div class=\"elementor-container elementor-column-gap-no\">\n\t\t\t\t\t<div class=\"elementor-column elementor-col-100 elementor-top-column elementor-element elementor-element-aeaa269\" data-id=\"aeaa269\" data-element_type=\"column\" data-e-type=\"column\">\n\t\t\t<div class=\"elementor-widget-wrap elementor-element-populated\">\n\t\t\t\t\t\t<div class=\"elementor-element elementor-element-2ba2a09 elementor-widget elementor-widget-spacer\" data-id=\"2ba2a09\" data-element_type=\"widget\" data-e-type=\"widget\" data-widget_type=\"spacer.default\">\n\t\t\t\t<div class=\"elementor-widget-container\">\n\t\t\t\t\t\t\t<div class=\"elementor-spacer\">\n\t\t\t<div class=\"elementor-spacer-inner\"><\/div>\n\t\t<\/div>\n\t\t\t\t\t\t<\/div>\n\t\t\t\t<\/div>\n\t\t\t\t<div class=\"elementor-element elementor-element-49fdbe9 elementor-widget elementor-widget-image\" data-id=\"49fdbe9\" data-element_type=\"widget\" data-e-type=\"widget\" data-widget_type=\"image.default\">\n\t\t\t\t<div class=\"elementor-widget-container\">\n\t\t\t\t\t\t\t\t\t\t\t\t\t\t\t<img decoding=\"async\" width=\"101\" height=\"101\" src=\"https:\/\/i0.wp.com\/munigoicoechea.go.cr\/inicio\/wp-content\/uploads\/2021\/09\/DIRECTORIO-100PX-15.png?fit=101%2C101&amp;ssl=1\" class=\"attachment-medium size-medium wp-image-5770\" alt=\"Icono Directorio\" \/>\t\t\t\t\t\t\t\t\t\t\t\t\t\t\t<\/div>\n\t\t\t\t<\/div>\n\t\t\t\t<div class=\"elementor-element elementor-element-9ae1cc5 elementor-widget elementor-widget-heading\" data-id=\"9ae1cc5\" data-element_type=\"widget\" data-e-type=\"widget\" data-widget_type=\"heading.default\">\n\t\t\t\t<div class=\"elementor-widget-container\">\n\t\t\t\t\t<h2 class=\"elementor-heading-title elementor-size-default\">Gu\u00eda Telef\u00f3nica<\/h2>\t\t\t\t<\/div>\n\t\t\t\t<\/div>\n\t\t\t\t<div class=\"elementor-element elementor-element-8923cd4 elementor-widget elementor-widget-text-editor\" data-id=\"8923cd4\" data-element_type=\"widget\" data-e-type=\"widget\" data-widget_type=\"text-editor.default\">\n\t\t\t\t<div class=\"elementor-widget-container\">\n\t\t\t\t\t\t\t\t\t<p style=\"text-align: center;\">Aqu\u00ed encontrar\u00e1s el contacto de cada una de nuestras direcciones.<\/p>\t\t\t\t\t\t\t\t<\/div>\n\t\t\t\t<\/div>\n\t\t\t\t<div class=\"elementor-element elementor-element-77c1533 elementor-widget elementor-widget-spacer\" data-id=\"77c1533\" data-element_type=\"widget\" data-e-type=\"widget\" data-widget_type=\"spacer.default\">\n\t\t\t\t<div class=\"elementor-widget-container\">\n\t\t\t\t\t\t\t<div class=\"elementor-spacer\">\n\t\t\t<div class=\"elementor-spacer-inner\"><\/div>\n\t\t<\/div>\n\t\t\t\t\t\t<\/div>\n\t\t\t\t<\/div>\n\t\t\t\t\t<\/div>\n\t\t<\/div>\n\t\t\t\t\t<\/div>\n\t\t<\/section>\n\t\t\t\t<section class=\"elementor-section elementor-top-section elementor-element elementor-element-b958d1c elementor-section-boxed elementor-section-height-default elementor-section-height-default\" data-id=\"b958d1c\" data-element_type=\"section\" data-e-type=\"section\">\n\t\t\t\t\t\t<div class=\"elementor-container elementor-column-gap-default\">\n\t\t\t\t\t<div class=\"elementor-column elementor-col-100 elementor-top-column elementor-element elementor-element-f02ead2\" data-id=\"f02ead2\" data-element_type=\"column\" data-e-type=\"column\">\n\t\t\t<div class=\"elementor-widget-wrap elementor-element-populated\">\n\t\t\t\t\t\t<div class=\"elementor-element elementor-element-e61bf8d elementor-widget elementor-widget-spacer\" data-id=\"e61bf8d\" data-element_type=\"widget\" data-e-type=\"widget\" data-widget_type=\"spacer.default\">\n\t\t\t\t<div class=\"elementor-widget-container\">\n\t\t\t\t\t\t\t<div class=\"elementor-spacer\">\n\t\t\t<div class=\"elementor-spacer-inner\"><\/div>\n\t\t<\/div>\n\t\t\t\t\t\t<\/div>\n\t\t\t\t<\/div>\n\t\t\t\t<div class=\"elementor-element elementor-element-e6fb2ab elementor-widget elementor-widget-text-editor\" data-id=\"e6fb2ab\" data-element_type=\"widget\" data-e-type=\"widget\" data-widget_type=\"text-editor.default\">\n\t\t\t\t<div class=\"elementor-widget-container\">\n\t\t\t\t\t\t\t\t\t<table style=\"border-collapse: collapse; width: 88.542195%; height: 570px;\"><tbody><tr style=\"height: 36px;\"><td style=\"width: 35.387733%; text-align: center; height: 36px;\"><span style=\"font-family: verdana, geneva, sans-serif;\"><strong><span style=\"font-size: 18pt;\">Oficina<\/span><\/strong><\/span><\/td><td style=\"width: 31.420466%; text-align: center; height: 36px;\"><span style=\"font-family: verdana, geneva, sans-serif;\">\u00a0<strong><span style=\"font-size: 18pt;\">Tel\u00e9fono<\/span><\/strong><\/span><\/td><td style=\"width: 94.528254%; text-align: center; height: 36px;\"><span style=\"font-family: verdana, geneva, sans-serif;\">\u00a0<\/span><\/td><\/tr><tr style=\"height: 21px;\"><td style=\"width: 35.387733%; height: 21px;\">Alcald\u00eda Municipal\u00a0<\/td><td style=\"width: 31.420466%; text-align: center; height: 21px;\">2527-6619<\/td><td style=\"width: 94.528254%; text-align: center; height: 21px;\">\u00a0<\/td><\/tr><tr style=\"height: 24px;\"><td style=\"width: 35.387733%; height: 24px;\">Archivo Central<\/td><td style=\"width: 31.420466%; height: 24px;\">2527-6643<\/td><td style=\"width: 94.528254%; height: 24px;\"><a href=\"mailto:katherine.zuniga@munigoicoechea.go.cr\">\u00a0<\/a><\/td><\/tr><tr style=\"height: 24px;\"><td style=\"width: 35.387733%; height: 24px;\">Auditor\u00eda<\/td><td style=\"width: 31.420466%; height: 24px;\">2527-6618 \/ 2527-6631 \/ 2527-6688<\/td><td style=\"width: 94.528254%; height: 24px;\">\u00a0<\/td><\/tr><tr style=\"height: 24px;\"><td style=\"width: 35.387733%; height: 24px;\">Contabilidad\u00a0<\/td><td style=\"width: 31.420466%; height: 24px;\">2527-6630<\/td><td style=\"width: 94.528254%; height: 24px;\">\u00a0<\/td><\/tr><tr style=\"height: 24px;\"><td style=\"width: 35.387733%; height: 24px;\">Contralor\u00eda de Servicios<\/td><td style=\"width: 31.420466%; height: 24px;\">2527-6651<\/td><td style=\"width: 94.528254%; height: 24px;\">\u00a0<\/td><\/tr><tr style=\"height: 24px;\"><td style=\"width: 35.387733%; height: 24px;\">Departamento de Catastro<\/td><td style=\"width: 31.420466%; height: 24px;\">2527-6637<\/td><td style=\"width: 94.528254%; height: 24px;\">\u00a0<\/td><\/tr><tr style=\"height: 24px;\"><td style=\"width: 35.387733%; height: 24px;\">Departamento de Cobros, Licencias y Patentes<\/td><td style=\"width: 31.420466%; height: 24px;\">2527-6633 \/ 2527-6687<\/td><td style=\"width: 94.528254%; height: 24px;\">\u00a0<\/td><\/tr><tr style=\"height: 24px;\"><td style=\"width: 35.387733%; height: 24px;\">Departamento de C\u00f3mputo<\/td><td style=\"width: 31.420466%; height: 24px;\">2527-66-29<\/td><td style=\"width: 94.528254%; height: 24px;\">\u00a0<\/td><\/tr><tr style=\"height: 24px;\"><td style=\"width: 35.387733%; height: 24px;\">Departamento de Comunicaci\u00f3n<\/td><td style=\"width: 31.420466%; height: 24px;\">2527-6600 ext 179<\/td><td style=\"width: 94.528254%; height: 24px;\">\u00a0<\/td><\/tr><\/tbody><\/table><table style=\"border-collapse: collapse; width: 73.378413%; height: 333px;\"><tbody><tr style=\"height: 24px;\"><td style=\"width: 32.246183%; height: 24px;\">Departamento de Proveedur\u00eda<\/td><td style=\"width: 26.701853%; height: 24px;\">2527-6613<\/td><td style=\"width: 9.353746%; height: 24px;\">\u00a0<\/td><\/tr><tr style=\"height: 24px;\"><td style=\"width: 32.246183%; height: 24px;\">Departamento de Recursos Humanos<\/td><td style=\"width: 26.701853%; height: 24px;\">2527-6638<\/td><td style=\"width: 9.353746%; height: 24px;\">\u00a0<\/td><\/tr><tr style=\"height: 52px;\"><td style=\"width: 32.246183%; height: 52px;\"><p>Departamento de Tesorer\u00eda<\/p><\/td><td style=\"width: 26.701853%; height: 52px;\">2527-6632\/ 2527-6612<\/td><td style=\"width: 9.353746%; height: 52px;\">\u00a0<\/td><\/tr><tr style=\"height: 24px;\"><td style=\"width: 32.246183%; height: 24px;\">Direcci\u00f3n Administrativa<\/td><td style=\"width: 26.701853%; height: 24px;\">2527-6617<\/td><td style=\"width: 9.353746%; height: 24px;\">\u00a0<\/td><\/tr><tr style=\"height: 24px;\"><td style=\"width: 32.246183%; height: 24px;\">Direcci\u00f3n de Ambiente<\/td><td style=\"width: 26.701853%; height: 24px;\">2527-6655<\/td><td style=\"width: 9.353746%; height: 24px;\">\u00a0<\/td><\/tr><tr style=\"height: 41px;\"><td style=\"width: 32.246183%; height: 41px;\">Direcci\u00f3n de Desarrollo Humano<\/td><td style=\"width: 26.701853%; height: 41px;\">2527-6678<\/td><td style=\"width: 9.353746%; height: 41px;\">\u00a0<\/td><\/tr><tr style=\"height: 24px;\"><td style=\"width: 32.246183%; height: 24px;\">Direcci\u00f3n de Ingenier\u00eda<\/td><td style=\"width: 26.701853%; height: 24px;\">2527-6646 \/ 2527-6650<\/td><td style=\"width: 9.353746%; height: 24px;\">\u00a0<\/td><\/tr><tr style=\"height: 24px;\"><td style=\"width: 32.246183%; height: 24px;\">Direcci\u00f3n Jur\u00eddica<\/td><td style=\"width: 26.701853%; height: 24px;\">2527-6641<\/td><td style=\"width: 9.353746%; height: 24px;\">\u00a0<\/td><\/tr><tr style=\"height: 24px;\"><td style=\"width: 32.246183%; height: 24px;\">Estacionamiento y terminales<\/td><td style=\"width: 26.701853%; height: 24px;\">2527-6600\u00a0\u00a0<\/td><td style=\"width: 9.353746%; height: 24px;\">\u00a0<\/td><\/tr><tr style=\"height: 48px;\"><td style=\"width: 32.246183%; height: 48px;\">Oficina de Gesti\u00f3n Cultural<\/td><td style=\"width: 26.701853%; height: 48px;\">2527-6662<\/td><td style=\"width: 9.353746%; height: 48px;\">\u00a0<\/td><\/tr><tr style=\"height: 24px;\"><td style=\"width: 32.246183%; height: 24px;\"><p>Oficina de Diversidad<\/p><\/td><td style=\"width: 26.701853%; height: 24px;\">2527-6679<\/td><td style=\"width: 9.353746%; height: 24px;\">\u00a0<\/td><\/tr><\/tbody><\/table><table style=\"border-collapse: collapse; width: 61.594629%; height: 643px;\"><tbody><tr style=\"height: 48px;\"><td style=\"width: 31.548373%; height: 48px;\">Oficina de la Mujer<\/td><td style=\"width: 66.405112%; height: 48px;\">2527-6670<\/td><td style=\"width: 9.55396%; height: 48px;\">\u00a0<\/td><\/tr><tr style=\"height: 72px;\"><td style=\"width: 31.548373%; height: 56px;\">Oficina de Ni\u00f1ez y Adolescencia<\/td><td style=\"width: 66.405112%; height: 56px;\">2527-6673<\/td><td style=\"width: 9.55396%; height: 56px;\">\u00a0<\/td><\/tr><tr style=\"height: 48px;\"><td style=\"width: 31.548373%; height: 48px;\">Plantel Municipal<\/td><td style=\"width: 66.405112%; height: 48px;\">2527-6668<\/td><td style=\"width: 9.55396%; height: 48px;\">\u00a0<\/td><\/tr><tr style=\"height: 48px;\"><td style=\"width: 31.548373%; height: 71px;\">Plataforma de Servicios<\/td><td style=\"width: 66.405112%; height: 71px;\">2527-6647<\/td><td style=\"width: 9.55396%; height: 71px;\">\u00a0<\/td><\/tr><tr style=\"height: 96px;\"><td style=\"width: 31.548373%; height: 10px;\">Secretar\u00eda Municipal<\/td><td style=\"width: 66.405112%; height: 10px;\">2527-6620 \/ 2527-6656<\/td><td style=\"width: 9.55396%; height: 10px;\">\u00a0<\/td><\/tr><tr style=\"height: 144px;\"><td style=\"width: 31.548373%; height: 10px;\">Unidad T\u00e9cnica de Gesti\u00f3n Vial<\/td><td style=\"width: 66.405112%; height: 10px;\">2527-6680 \/ 2527-6600 ext. 322<\/td><td style=\"width: 9.55396%; height: 10px;\">\u00a0<\/td><\/tr><tr style=\"height: 96px;\"><td style=\"width: 31.548373%; height: 10px;\">Vicealcald\u00eda<\/td><td style=\"width: 66.405112%; height: 10px;\">2527-6600 ext. 152\u00a0<\/td><td style=\"width: 9.55396%; height: 10px;\">\u00a0<\/td><\/tr><\/tbody><\/table>\t\t\t\t\t\t\t\t<\/div>\n\t\t\t\t<\/div>\n\t\t\t\t\t<\/div>\n\t\t<\/div>\n\t\t\t\t\t<\/div>\n\t\t<\/section>\n\t\t\t\t<\/div>\n\t\t","protected":false},"excerpt":{"rendered":"<p>Gu\u00eda Telef\u00f3nica Aqu\u00ed encontrar\u00e1s el contacto de cada una de nuestras direcciones. Oficina \u00a0Tel\u00e9fono \u00a0 Alcald\u00eda Municipal\u00a0 2527-6619 \u00a0 Archivo Central 2527-6643 \u00a0 Auditor\u00eda 2527-6618 \/ 2527-6631 \/ 2527-6688 \u00a0 Contabilidad\u00a0 2527-6630 \u00a0 Contralor\u00eda de Servicios 2527-6651 \u00a0 Departamento de Catastro 2527-6637 \u00a0 Departamento de Cobros, Licencias y Patentes 2527-6633 \/ 2527-6687 \u00a0 Departamento de [&hellip;]<\/p>\n","protected":false},"author":2,"featured_media":0,"parent":0,"menu_order":0,"comment_status":"closed","ping_status":"closed","template":"elementor_header_footer","meta":{"_monsterinsights_skip_tracking":false,"_monsterinsights_sitenote_active":false,"_monsterinsights_sitenote_note":"","_monsterinsights_sitenote_category":0,"_joinchat":[],"footnotes":""},"class_list":["post-5739","page","type-page","status-publish","hentry"],"aioseo_notices":[],"yoast_head":"<!-- This site is optimized with the Yoast SEO plugin v27.1.1 - https:\/\/yoast.com\/product\/yoast-seo-wordpress\/ -->\n<title>Gu\u00eda Telef\u00f3nica &#8211; Municipalidad de Goicoechea<\/title>\n<meta name=\"robots\" content=\"index, follow, max-snippet:-1, max-image-preview:large, max-video-preview:-1\" \/>\n<link rel=\"canonical\" href=\"https:\/\/munigoicoechea.go.cr\/inicio\/guia-telefonica\/\" \/>\n<meta property=\"og:locale\" content=\"es_ES\" \/>\n<meta property=\"og:type\" content=\"article\" \/>\n<meta property=\"og:title\" content=\"Gu\u00eda Telef\u00f3nica &#8211; Municipalidad de Goicoechea\" \/>\n<meta property=\"og:description\" content=\"Gu\u00eda Telef\u00f3nica Aqu\u00ed encontrar\u00e1s el contacto de cada una de nuestras direcciones. Oficina \u00a0Tel\u00e9fono \u00a0 Alcald\u00eda Municipal\u00a0 2527-6619 \u00a0 Archivo Central 2527-6643 \u00a0 Auditor\u00eda 2527-6618 \/ 2527-6631 \/ 2527-6688 \u00a0 Contabilidad\u00a0 2527-6630 \u00a0 Contralor\u00eda de Servicios 2527-6651 \u00a0 Departamento de Catastro 2527-6637 \u00a0 Departamento de Cobros, Licencias y Patentes 2527-6633 \/ 2527-6687 \u00a0 Departamento de [&hellip;]\" \/>\n<meta property=\"og:url\" content=\"https:\/\/munigoicoechea.go.cr\/inicio\/guia-telefonica\/\" \/>\n<meta property=\"og:site_name\" content=\"Municipalidad de Goicoechea\" \/>\n<meta property=\"article:publisher\" content=\"https:\/\/www.facebook.com\/munigoicooficial\/\" \/>\n<meta property=\"article:modified_time\" content=\"2024-10-07T18:55:36+00:00\" \/>\n<meta property=\"og:image\" content=\"https:\/\/munigoicoechea.go.cr\/inicio\/wp-content\/uploads\/2021\/09\/DIRECTORIO-100PX-15.png\" \/>\n<meta name=\"twitter:card\" content=\"summary_large_image\" \/>\n<meta name=\"twitter:label1\" content=\"Tiempo de lectura\" \/>\n\t<meta name=\"twitter:data1\" content=\"1 minuto\" \/>\n<script type=\"application\/ld+json\" class=\"yoast-schema-graph\">{\"@context\":\"https:\/\/schema.org\",\"@graph\":[{\"@type\":\"WebPage\",\"@id\":\"https:\/\/munigoicoechea.go.cr\/inicio\/guia-telefonica\/\",\"url\":\"https:\/\/munigoicoechea.go.cr\/inicio\/guia-telefonica\/\",\"name\":\"Gu\u00eda Telef\u00f3nica &#8211; Municipalidad de Goicoechea\",\"isPartOf\":{\"@id\":\"https:\/\/munigoicoechea.go.cr\/inicio\/#website\"},\"primaryImageOfPage\":{\"@id\":\"https:\/\/munigoicoechea.go.cr\/inicio\/guia-telefonica\/#primaryimage\"},\"image\":{\"@id\":\"https:\/\/munigoicoechea.go.cr\/inicio\/guia-telefonica\/#primaryimage\"},\"thumbnailUrl\":\"https:\/\/munigoicoechea.go.cr\/inicio\/wp-content\/uploads\/2021\/09\/DIRECTORIO-100PX-15.png\",\"datePublished\":\"2021-09-02T18:12:05+00:00\",\"dateModified\":\"2024-10-07T18:55:36+00:00\",\"breadcrumb\":{\"@id\":\"https:\/\/munigoicoechea.go.cr\/inicio\/guia-telefonica\/#breadcrumb\"},\"inLanguage\":\"es\",\"potentialAction\":[{\"@type\":\"ReadAction\",\"target\":[\"https:\/\/munigoicoechea.go.cr\/inicio\/guia-telefonica\/\"]}]},{\"@type\":\"ImageObject\",\"inLanguage\":\"es\",\"@id\":\"https:\/\/munigoicoechea.go.cr\/inicio\/guia-telefonica\/#primaryimage\",\"url\":\"https:\/\/i0.wp.com\/munigoicoechea.go.cr\/inicio\/wp-content\/uploads\/2021\/09\/DIRECTORIO-100PX-15.png?fit=101%2C101&ssl=1\",\"contentUrl\":\"https:\/\/i0.wp.com\/munigoicoechea.go.cr\/inicio\/wp-content\/uploads\/2021\/09\/DIRECTORIO-100PX-15.png?fit=101%2C101&ssl=1\",\"width\":101,\"height\":101,\"caption\":\"Icono Directorio\"},{\"@type\":\"BreadcrumbList\",\"@id\":\"https:\/\/munigoicoechea.go.cr\/inicio\/guia-telefonica\/#breadcrumb\",\"itemListElement\":[{\"@type\":\"ListItem\",\"position\":1,\"name\":\"Portada\",\"item\":\"https:\/\/munigoicoechea.go.cr\/inicio\/\"},{\"@type\":\"ListItem\",\"position\":2,\"name\":\"Gu\u00eda Telef\u00f3nica\"}]},{\"@type\":\"WebSite\",\"@id\":\"https:\/\/munigoicoechea.go.cr\/inicio\/#website\",\"url\":\"https:\/\/munigoicoechea.go.cr\/inicio\/\",\"name\":\"Municipalidad de Goicoechea\",\"description\":\"\u00a1Hacemos que las cosas sucedan!\",\"publisher\":{\"@id\":\"https:\/\/munigoicoechea.go.cr\/inicio\/#organization\"},\"potentialAction\":[{\"@type\":\"SearchAction\",\"target\":{\"@type\":\"EntryPoint\",\"urlTemplate\":\"https:\/\/munigoicoechea.go.cr\/inicio\/?s={search_term_string}\"},\"query-input\":{\"@type\":\"PropertyValueSpecification\",\"valueRequired\":true,\"valueName\":\"search_term_string\"}}],\"inLanguage\":\"es\"},{\"@type\":\"Organization\",\"@id\":\"https:\/\/munigoicoechea.go.cr\/inicio\/#organization\",\"name\":\"Municipalidad de Goicoechea\",\"url\":\"https:\/\/munigoicoechea.go.cr\/inicio\/\",\"logo\":{\"@type\":\"ImageObject\",\"inLanguage\":\"es\",\"@id\":\"https:\/\/munigoicoechea.go.cr\/inicio\/#\/schema\/logo\/image\/\",\"url\":\"https:\/\/i0.wp.com\/munigoicoechea.go.cr\/inicio\/wp-content\/uploads\/2021\/09\/cropped-cropped-Logo_Oficial-300x290-1.png?fit=512%2C512&ssl=1\",\"contentUrl\":\"https:\/\/i0.wp.com\/munigoicoechea.go.cr\/inicio\/wp-content\/uploads\/2021\/09\/cropped-cropped-Logo_Oficial-300x290-1.png?fit=512%2C512&ssl=1\",\"width\":512,\"height\":512,\"caption\":\"Municipalidad de Goicoechea\"},\"image\":{\"@id\":\"https:\/\/munigoicoechea.go.cr\/inicio\/#\/schema\/logo\/image\/\"},\"sameAs\":[\"https:\/\/www.facebook.com\/munigoicooficial\/\",\"https:\/\/www.youtube.com\/channel\/UCdAVgrbooTmXJlBeYMusKiA?reload=9\"]}]}<\/script>\n<!-- \/ Yoast SEO plugin. -->","yoast_head_json":{"title":"Gu\u00eda Telef\u00f3nica &#8211; Municipalidad de Goicoechea","robots":{"index":"index","follow":"follow","max-snippet":"max-snippet:-1","max-image-preview":"max-image-preview:large","max-video-preview":"max-video-preview:-1"},"canonical":"https:\/\/munigoicoechea.go.cr\/inicio\/guia-telefonica\/","og_locale":"es_ES","og_type":"article","og_title":"Gu\u00eda Telef\u00f3nica &#8211; Municipalidad de Goicoechea","og_description":"Gu\u00eda Telef\u00f3nica Aqu\u00ed encontrar\u00e1s el contacto de cada una de nuestras direcciones. Oficina \u00a0Tel\u00e9fono \u00a0 Alcald\u00eda Municipal\u00a0 2527-6619 \u00a0 Archivo Central 2527-6643 \u00a0 Auditor\u00eda 2527-6618 \/ 2527-6631 \/ 2527-6688 \u00a0 Contabilidad\u00a0 2527-6630 \u00a0 Contralor\u00eda de Servicios 2527-6651 \u00a0 Departamento de Catastro 2527-6637 \u00a0 Departamento de Cobros, Licencias y Patentes 2527-6633 \/ 2527-6687 \u00a0 Departamento de [&hellip;]","og_url":"https:\/\/munigoicoechea.go.cr\/inicio\/guia-telefonica\/","og_site_name":"Municipalidad de Goicoechea","article_publisher":"https:\/\/www.facebook.com\/munigoicooficial\/","article_modified_time":"2024-10-07T18:55:36+00:00","og_image":[{"url":"https:\/\/munigoicoechea.go.cr\/inicio\/wp-content\/uploads\/2021\/09\/DIRECTORIO-100PX-15.png","type":"","width":"","height":""}],"twitter_card":"summary_large_image","twitter_misc":{"Tiempo de lectura":"1 minuto"},"schema":{"@context":"https:\/\/schema.org","@graph":[{"@type":"WebPage","@id":"https:\/\/munigoicoechea.go.cr\/inicio\/guia-telefonica\/","url":"https:\/\/munigoicoechea.go.cr\/inicio\/guia-telefonica\/","name":"Gu\u00eda Telef\u00f3nica &#8211; Municipalidad de Goicoechea","isPartOf":{"@id":"https:\/\/munigoicoechea.go.cr\/inicio\/#website"},"primaryImageOfPage":{"@id":"https:\/\/munigoicoechea.go.cr\/inicio\/guia-telefonica\/#primaryimage"},"image":{"@id":"https:\/\/munigoicoechea.go.cr\/inicio\/guia-telefonica\/#primaryimage"},"thumbnailUrl":"https:\/\/munigoicoechea.go.cr\/inicio\/wp-content\/uploads\/2021\/09\/DIRECTORIO-100PX-15.png","datePublished":"2021-09-02T18:12:05+00:00","dateModified":"2024-10-07T18:55:36+00:00","breadcrumb":{"@id":"https:\/\/munigoicoechea.go.cr\/inicio\/guia-telefonica\/#breadcrumb"},"inLanguage":"es","potentialAction":[{"@type":"ReadAction","target":["https:\/\/munigoicoechea.go.cr\/inicio\/guia-telefonica\/"]}]},{"@type":"ImageObject","inLanguage":"es","@id":"https:\/\/munigoicoechea.go.cr\/inicio\/guia-telefonica\/#primaryimage","url":"https:\/\/i0.wp.com\/munigoicoechea.go.cr\/inicio\/wp-content\/uploads\/2021\/09\/DIRECTORIO-100PX-15.png?fit=101%2C101&ssl=1","contentUrl":"https:\/\/i0.wp.com\/munigoicoechea.go.cr\/inicio\/wp-content\/uploads\/2021\/09\/DIRECTORIO-100PX-15.png?fit=101%2C101&ssl=1","width":101,"height":101,"caption":"Icono Directorio"},{"@type":"BreadcrumbList","@id":"https:\/\/munigoicoechea.go.cr\/inicio\/guia-telefonica\/#breadcrumb","itemListElement":[{"@type":"ListItem","position":1,"name":"Portada","item":"https:\/\/munigoicoechea.go.cr\/inicio\/"},{"@type":"ListItem","position":2,"name":"Gu\u00eda Telef\u00f3nica"}]},{"@type":"WebSite","@id":"https:\/\/munigoicoechea.go.cr\/inicio\/#website","url":"https:\/\/munigoicoechea.go.cr\/inicio\/","name":"Municipalidad de Goicoechea","description":"\u00a1Hacemos que las cosas sucedan!","publisher":{"@id":"https:\/\/munigoicoechea.go.cr\/inicio\/#organization"},"potentialAction":[{"@type":"SearchAction","target":{"@type":"EntryPoint","urlTemplate":"https:\/\/munigoicoechea.go.cr\/inicio\/?s={search_term_string}"},"query-input":{"@type":"PropertyValueSpecification","valueRequired":true,"valueName":"search_term_string"}}],"inLanguage":"es"},{"@type":"Organization","@id":"https:\/\/munigoicoechea.go.cr\/inicio\/#organization","name":"Municipalidad de Goicoechea","url":"https:\/\/munigoicoechea.go.cr\/inicio\/","logo":{"@type":"ImageObject","inLanguage":"es","@id":"https:\/\/munigoicoechea.go.cr\/inicio\/#\/schema\/logo\/image\/","url":"https:\/\/i0.wp.com\/munigoicoechea.go.cr\/inicio\/wp-content\/uploads\/2021\/09\/cropped-cropped-Logo_Oficial-300x290-1.png?fit=512%2C512&ssl=1","contentUrl":"https:\/\/i0.wp.com\/munigoicoechea.go.cr\/inicio\/wp-content\/uploads\/2021\/09\/cropped-cropped-Logo_Oficial-300x290-1.png?fit=512%2C512&ssl=1","width":512,"height":512,"caption":"Municipalidad de Goicoechea"},"image":{"@id":"https:\/\/munigoicoechea.go.cr\/inicio\/#\/schema\/logo\/image\/"},"sameAs":["https:\/\/www.facebook.com\/munigoicooficial\/","https:\/\/www.youtube.com\/channel\/UCdAVgrbooTmXJlBeYMusKiA?reload=9"]}]}},"jetpack_sharing_enabled":true,"_links":{"self":[{"href":"https:\/\/munigoicoechea.go.cr\/inicio\/wp-json\/wp\/v2\/pages\/5739","targetHints":{"allow":["GET"]}}],"collection":[{"href":"https:\/\/munigoicoechea.go.cr\/inicio\/wp-json\/wp\/v2\/pages"}],"about":[{"href":"https:\/\/munigoicoechea.go.cr\/inicio\/wp-json\/wp\/v2\/types\/page"}],"author":[{"embeddable":true,"href":"https:\/\/munigoicoechea.go.cr\/inicio\/wp-json\/wp\/v2\/users\/2"}],"replies":[{"embeddable":true,"href":"https:\/\/munigoicoechea.go.cr\/inicio\/wp-json\/wp\/v2\/comments?post=5739"}],"version-history":[{"count":114,"href":"https:\/\/munigoicoechea.go.cr\/inicio\/wp-json\/wp\/v2\/pages\/5739\/revisions"}],"predecessor-version":[{"id":12874,"href":"https:\/\/munigoicoechea.go.cr\/inicio\/wp-json\/wp\/v2\/pages\/5739\/revisions\/12874"}],"wp:attachment":[{"href":"https:\/\/munigoicoechea.go.cr\/inicio\/wp-json\/wp\/v2\/media?parent=5739"}],"curies":[{"name":"wp","href":"https:\/\/api.w.org\/{rel}","templated":true}]}}