{"id":6317,"date":"2021-09-14T23:26:59","date_gmt":"2021-09-14T23:26:59","guid":{"rendered":"https:\/\/munigoicoechea.go.cr\/inicio\/?page_id=6317"},"modified":"2025-11-12T21:43:08","modified_gmt":"2025-11-12T21:43:08","slug":"formularios","status":"publish","type":"page","link":"https:\/\/munigoicoechea.go.cr\/inicio\/formularios\/","title":{"rendered":"Formularios"},"content":{"rendered":"\t\t<div data-elementor-type=\"wp-page\" data-elementor-id=\"6317\" class=\"elementor elementor-6317\" data-elementor-post-type=\"page\">\n\t\t\t\t\t\t<section class=\"elementor-section elementor-top-section elementor-element elementor-element-2670d25 elementor-section-full_width elementor-section-height-default elementor-section-height-default\" data-id=\"2670d25\" data-element_type=\"section\" data-e-type=\"section\">\n\t\t\t\t\t\t<div class=\"elementor-container elementor-column-gap-no\">\n\t\t\t\t\t<div class=\"elementor-column elementor-col-100 elementor-top-column elementor-element elementor-element-d05d465\" data-id=\"d05d465\" data-element_type=\"column\" data-e-type=\"column\">\n\t\t\t<div class=\"elementor-widget-wrap elementor-element-populated\">\n\t\t\t\t\t\t<div class=\"elementor-element elementor-element-951c655 elementor-widget elementor-widget-spacer\" data-id=\"951c655\" data-element_type=\"widget\" data-e-type=\"widget\" data-widget_type=\"spacer.default\">\n\t\t\t\t<div class=\"elementor-widget-container\">\n\t\t\t\t\t\t\t<div class=\"elementor-spacer\">\n\t\t\t<div class=\"elementor-spacer-inner\"><\/div>\n\t\t<\/div>\n\t\t\t\t\t\t<\/div>\n\t\t\t\t<\/div>\n\t\t\t\t\t<\/div>\n\t\t<\/div>\n\t\t\t\t\t<\/div>\n\t\t<\/section>\n\t\t\t\t<section class=\"elementor-section elementor-top-section elementor-element elementor-element-8360dc1 elementor-section-full_width elementor-section-height-default elementor-section-height-default\" data-id=\"8360dc1\" data-element_type=\"section\" data-e-type=\"section\">\n\t\t\t\t\t\t<div class=\"elementor-container elementor-column-gap-no\">\n\t\t\t\t\t<div class=\"elementor-column elementor-col-100 elementor-top-column elementor-element elementor-element-bf878ee\" data-id=\"bf878ee\" data-element_type=\"column\" data-e-type=\"column\">\n\t\t\t<div class=\"elementor-widget-wrap\">\n\t\t\t\t\t\t\t<\/div>\n\t\t<\/div>\n\t\t\t\t\t<\/div>\n\t\t<\/section>\n\t\t\t\t<section class=\"elementor-section elementor-top-section elementor-element elementor-element-cb4f24a elementor-section-full_width elementor-section-height-default elementor-section-height-default\" data-id=\"cb4f24a\" data-element_type=\"section\" data-e-type=\"section\" data-settings=\"{&quot;background_background&quot;:&quot;classic&quot;}\">\n\t\t\t\t\t\t<div class=\"elementor-container elementor-column-gap-no\">\n\t\t\t\t\t<div class=\"elementor-column elementor-col-100 elementor-top-column elementor-element elementor-element-13ed191\" data-id=\"13ed191\" data-element_type=\"column\" data-e-type=\"column\">\n\t\t\t<div class=\"elementor-widget-wrap elementor-element-populated\">\n\t\t\t\t\t\t<div class=\"elementor-element elementor-element-cf906fa elementor-widget elementor-widget-spacer\" data-id=\"cf906fa\" data-element_type=\"widget\" data-e-type=\"widget\" data-widget_type=\"spacer.default\">\n\t\t\t\t<div class=\"elementor-widget-container\">\n\t\t\t\t\t\t\t<div class=\"elementor-spacer\">\n\t\t\t<div class=\"elementor-spacer-inner\"><\/div>\n\t\t<\/div>\n\t\t\t\t\t\t<\/div>\n\t\t\t\t<\/div>\n\t\t\t\t<div class=\"elementor-element elementor-element-0411542 elementor-widget elementor-widget-heading\" data-id=\"0411542\" data-element_type=\"widget\" data-e-type=\"widget\" data-widget_type=\"heading.default\">\n\t\t\t\t<div class=\"elementor-widget-container\">\n\t\t\t\t\t<h2 class=\"elementor-heading-title elementor-size-default\">Formularios<\/h2>\t\t\t\t<\/div>\n\t\t\t\t<\/div>\n\t\t\t\t<div class=\"elementor-element elementor-element-6a3f4df elementor-widget elementor-widget-text-editor\" data-id=\"6a3f4df\" data-element_type=\"widget\" data-e-type=\"widget\" data-widget_type=\"text-editor.default\">\n\t\t\t\t<div class=\"elementor-widget-container\">\n\t\t\t\t\t\t\t\t\t<p style=\"text-align: center;\">Encuentra aqu\u00ed los formularios correspondientes para cada tramite.<\/p>\t\t\t\t\t\t\t\t<\/div>\n\t\t\t\t<\/div>\n\t\t\t\t<div class=\"elementor-element elementor-element-ffb1ed5 elementor-widget elementor-widget-spacer\" data-id=\"ffb1ed5\" data-element_type=\"widget\" data-e-type=\"widget\" data-widget_type=\"spacer.default\">\n\t\t\t\t<div class=\"elementor-widget-container\">\n\t\t\t\t\t\t\t<div class=\"elementor-spacer\">\n\t\t\t<div class=\"elementor-spacer-inner\"><\/div>\n\t\t<\/div>\n\t\t\t\t\t\t<\/div>\n\t\t\t\t<\/div>\n\t\t\t\t\t<\/div>\n\t\t<\/div>\n\t\t\t\t\t<\/div>\n\t\t<\/section>\n\t\t\t\t<section class=\"elementor-section elementor-top-section elementor-element elementor-element-f3f0a34 elementor-section-boxed elementor-section-height-default elementor-section-height-default\" data-id=\"f3f0a34\" data-element_type=\"section\" data-e-type=\"section\">\n\t\t\t\t\t\t<div class=\"elementor-container elementor-column-gap-default\">\n\t\t\t\t\t<div class=\"elementor-column elementor-col-50 elementor-top-column elementor-element elementor-element-ebc0502\" data-id=\"ebc0502\" data-element_type=\"column\" data-e-type=\"column\">\n\t\t\t<div class=\"elementor-widget-wrap elementor-element-populated\">\n\t\t\t\t\t\t<div class=\"elementor-element elementor-element-ccfcb4a elementor-widget elementor-widget-spacer\" data-id=\"ccfcb4a\" data-element_type=\"widget\" data-e-type=\"widget\" data-widget_type=\"spacer.default\">\n\t\t\t\t<div class=\"elementor-widget-container\">\n\t\t\t\t\t\t\t<div class=\"elementor-spacer\">\n\t\t\t<div class=\"elementor-spacer-inner\"><\/div>\n\t\t<\/div>\n\t\t\t\t\t\t<\/div>\n\t\t\t\t<\/div>\n\t\t\t\t<div class=\"elementor-element elementor-element-64cb633 elementor-nav-menu__align-start elementor-nav-menu__text-align-center elementor-nav-menu--dropdown-tablet elementor-widget elementor-widget-nav-menu\" data-id=\"64cb633\" data-element_type=\"widget\" data-e-type=\"widget\" data-settings=\"{&quot;layout&quot;:&quot;vertical&quot;,&quot;submenu_icon&quot;:{&quot;value&quot;:&quot;&lt;i class=\\&quot;fas fa-caret-down\\&quot; aria-hidden=\\&quot;true\\&quot;&gt;&lt;\\\/i&gt;&quot;,&quot;library&quot;:&quot;fa-solid&quot;}}\" data-widget_type=\"nav-menu.default\">\n\t\t\t\t<div class=\"elementor-widget-container\">\n\t\t\t\t\t\t\t\t<nav aria-label=\"Men\u00fa\" class=\"elementor-nav-menu--main elementor-nav-menu__container elementor-nav-menu--layout-vertical e--pointer-none\">\n\t\t\t\t<ul id=\"menu-1-64cb633\" class=\"elementor-nav-menu sm-vertical\"><li class=\"menu-item menu-item-type-custom menu-item-object-custom menu-item-6796\"><a href=\"https:\/\/munigoicoechea.go.cr\/inicio\/plataforma-de-servicios\/\" class=\"elementor-item\">Formularios Plataforma de Servicios<\/a><\/li>\n<li class=\"menu-item menu-item-type-post_type menu-item-object-page menu-item-6508\"><a href=\"https:\/\/munigoicoechea.go.cr\/inicio\/declaracion-de-bienes-inmuebles\/\" class=\"elementor-item\">Formulario Declaraci\u00f3n de Bienes Inmuebles<\/a><\/li>\n<li class=\"menu-item menu-item-type-post_type menu-item-object-page menu-item-6553\"><a href=\"https:\/\/munigoicoechea.go.cr\/inicio\/formulario-declaracion-de-patentes\/\" class=\"elementor-item\">Formulario Declaraci\u00f3n de Patentes<\/a><\/li>\n<li class=\"menu-item menu-item-type-post_type menu-item-object-page menu-item-7283\"><a href=\"https:\/\/munigoicoechea.go.cr\/inicio\/solicitud-para-la-no-afectacion-del-impuesto-de-bienes-inmuebles-exoneracion\/\" class=\"elementor-item\">Solicitud para la NO afectaci\u00f3n del impuesto de bienes inmuebles (Exoneraci\u00f3n)<\/a><\/li>\n<\/ul>\t\t\t<\/nav>\n\t\t\t\t\t\t<nav class=\"elementor-nav-menu--dropdown elementor-nav-menu__container\" aria-hidden=\"true\">\n\t\t\t\t<ul id=\"menu-2-64cb633\" class=\"elementor-nav-menu sm-vertical\"><li class=\"menu-item menu-item-type-custom menu-item-object-custom menu-item-6796\"><a href=\"https:\/\/munigoicoechea.go.cr\/inicio\/plataforma-de-servicios\/\" class=\"elementor-item\" tabindex=\"-1\">Formularios Plataforma de Servicios<\/a><\/li>\n<li class=\"menu-item menu-item-type-post_type menu-item-object-page menu-item-6508\"><a href=\"https:\/\/munigoicoechea.go.cr\/inicio\/declaracion-de-bienes-inmuebles\/\" class=\"elementor-item\" tabindex=\"-1\">Formulario Declaraci\u00f3n de Bienes Inmuebles<\/a><\/li>\n<li class=\"menu-item menu-item-type-post_type menu-item-object-page menu-item-6553\"><a href=\"https:\/\/munigoicoechea.go.cr\/inicio\/formulario-declaracion-de-patentes\/\" class=\"elementor-item\" tabindex=\"-1\">Formulario Declaraci\u00f3n de Patentes<\/a><\/li>\n<li class=\"menu-item menu-item-type-post_type menu-item-object-page menu-item-7283\"><a href=\"https:\/\/munigoicoechea.go.cr\/inicio\/solicitud-para-la-no-afectacion-del-impuesto-de-bienes-inmuebles-exoneracion\/\" class=\"elementor-item\" tabindex=\"-1\">Solicitud para la NO afectaci\u00f3n del impuesto de bienes inmuebles (Exoneraci\u00f3n)<\/a><\/li>\n<\/ul>\t\t\t<\/nav>\n\t\t\t\t\t\t<\/div>\n\t\t\t\t<\/div>\n\t\t\t\t\t<\/div>\n\t\t<\/div>\n\t\t\t\t<div class=\"elementor-column elementor-col-50 elementor-top-column elementor-element elementor-element-b7c22ec\" data-id=\"b7c22ec\" data-element_type=\"column\" data-e-type=\"column\">\n\t\t\t<div class=\"elementor-widget-wrap elementor-element-populated\">\n\t\t\t\t\t\t<div class=\"elementor-element elementor-element-913ce3d elementor-widget elementor-widget-spacer\" data-id=\"913ce3d\" data-element_type=\"widget\" data-e-type=\"widget\" data-widget_type=\"spacer.default\">\n\t\t\t\t<div class=\"elementor-widget-container\">\n\t\t\t\t\t\t\t<div class=\"elementor-spacer\">\n\t\t\t<div class=\"elementor-spacer-inner\"><\/div>\n\t\t<\/div>\n\t\t\t\t\t\t<\/div>\n\t\t\t\t<\/div>\n\t\t\t\t<div class=\"elementor-element elementor-element-cba2c9d elementor-widget elementor-widget-text-editor\" data-id=\"cba2c9d\" data-element_type=\"widget\" data-e-type=\"widget\" data-widget_type=\"text-editor.default\">\n\t\t\t\t<div class=\"elementor-widget-container\">\n\t\t\t\t\t\t\t\t\t<p>La Municipalidad de Goicoechea pone a disposici\u00f3n el formulario \u00fanico a todos los interesados en solicitar alguno de los siguientes servicios municipales:<\/p><ul><li>Permisos de construcci\u00f3n.\u00a0<\/li><li>Visados municipales.<\/li><li>Certificados de uso de suelo.<\/li><li>Proyectos de urbanizaciones.<\/li><li>Patentes nuevas.<\/li><\/ul>\t\t\t\t\t\t\t\t<\/div>\n\t\t\t\t<\/div>\n\t\t\t\t<div class=\"elementor-element elementor-element-07b7fab elementor-widget elementor-widget-spacer\" data-id=\"07b7fab\" data-element_type=\"widget\" data-e-type=\"widget\" data-widget_type=\"spacer.default\">\n\t\t\t\t<div class=\"elementor-widget-container\">\n\t\t\t\t\t\t\t<div class=\"elementor-spacer\">\n\t\t\t<div class=\"elementor-spacer-inner\"><\/div>\n\t\t<\/div>\n\t\t\t\t\t\t<\/div>\n\t\t\t\t<\/div>\n\t\t\t\t\t<\/div>\n\t\t<\/div>\n\t\t\t\t\t<\/div>\n\t\t<\/section>\n\t\t\t\t<\/div>\n\t\t","protected":false},"excerpt":{"rendered":"<p>Formularios Encuentra aqu\u00ed los formularios correspondientes para cada tramite. La Municipalidad de Goicoechea pone a disposici\u00f3n el formulario \u00fanico a todos los interesados en solicitar alguno de los siguientes servicios municipales: Permisos de construcci\u00f3n.\u00a0 Visados municipales. Certificados de uso de suelo. Proyectos de urbanizaciones. Patentes nuevas.<\/p>\n","protected":false},"author":2,"featured_media":0,"parent":0,"menu_order":0,"comment_status":"closed","ping_status":"closed","template":"elementor_header_footer","meta":{"_monsterinsights_skip_tracking":false,"_monsterinsights_sitenote_active":false,"_monsterinsights_sitenote_note":"","_monsterinsights_sitenote_category":0,"_joinchat":[],"footnotes":""},"class_list":["post-6317","page","type-page","status-publish","hentry"],"aioseo_notices":[],"yoast_head":"<!-- This site is optimized with the Yoast SEO plugin v27.1.1 - https:\/\/yoast.com\/product\/yoast-seo-wordpress\/ -->\n<title>Formularios &#8211; Municipalidad de Goicoechea<\/title>\n<meta name=\"robots\" content=\"index, follow, max-snippet:-1, max-image-preview:large, max-video-preview:-1\" \/>\n<link rel=\"canonical\" href=\"https:\/\/munigoicoechea.go.cr\/inicio\/formularios\/\" \/>\n<meta property=\"og:locale\" content=\"es_ES\" \/>\n<meta property=\"og:type\" content=\"article\" \/>\n<meta property=\"og:title\" content=\"Formularios &#8211; Municipalidad de Goicoechea\" \/>\n<meta property=\"og:description\" content=\"Formularios Encuentra aqu\u00ed los formularios correspondientes para cada tramite. La Municipalidad de Goicoechea pone a disposici\u00f3n el formulario \u00fanico a todos los interesados en solicitar alguno de los siguientes servicios municipales: Permisos de construcci\u00f3n.\u00a0 Visados municipales. Certificados de uso de suelo. Proyectos de urbanizaciones. Patentes nuevas.\" \/>\n<meta property=\"og:url\" content=\"https:\/\/munigoicoechea.go.cr\/inicio\/formularios\/\" \/>\n<meta property=\"og:site_name\" content=\"Municipalidad de Goicoechea\" \/>\n<meta property=\"article:publisher\" content=\"https:\/\/www.facebook.com\/munigoicooficial\/\" \/>\n<meta property=\"article:modified_time\" content=\"2025-11-12T21:43:08+00:00\" \/>\n<meta name=\"twitter:card\" content=\"summary_large_image\" \/>\n<meta name=\"twitter:label1\" content=\"Tiempo de lectura\" \/>\n\t<meta name=\"twitter:data1\" content=\"1 minuto\" \/>\n<script type=\"application\/ld+json\" class=\"yoast-schema-graph\">{\"@context\":\"https:\/\/schema.org\",\"@graph\":[{\"@type\":\"WebPage\",\"@id\":\"https:\/\/munigoicoechea.go.cr\/inicio\/formularios\/\",\"url\":\"https:\/\/munigoicoechea.go.cr\/inicio\/formularios\/\",\"name\":\"Formularios &#8211; Municipalidad de Goicoechea\",\"isPartOf\":{\"@id\":\"https:\/\/munigoicoechea.go.cr\/inicio\/#website\"},\"datePublished\":\"2021-09-14T23:26:59+00:00\",\"dateModified\":\"2025-11-12T21:43:08+00:00\",\"breadcrumb\":{\"@id\":\"https:\/\/munigoicoechea.go.cr\/inicio\/formularios\/#breadcrumb\"},\"inLanguage\":\"es\",\"potentialAction\":[{\"@type\":\"ReadAction\",\"target\":[\"https:\/\/munigoicoechea.go.cr\/inicio\/formularios\/\"]}]},{\"@type\":\"BreadcrumbList\",\"@id\":\"https:\/\/munigoicoechea.go.cr\/inicio\/formularios\/#breadcrumb\",\"itemListElement\":[{\"@type\":\"ListItem\",\"position\":1,\"name\":\"Portada\",\"item\":\"https:\/\/munigoicoechea.go.cr\/inicio\/\"},{\"@type\":\"ListItem\",\"position\":2,\"name\":\"Formularios\"}]},{\"@type\":\"WebSite\",\"@id\":\"https:\/\/munigoicoechea.go.cr\/inicio\/#website\",\"url\":\"https:\/\/munigoicoechea.go.cr\/inicio\/\",\"name\":\"Municipalidad de Goicoechea\",\"description\":\"\u00a1Hacemos que las cosas sucedan!\",\"publisher\":{\"@id\":\"https:\/\/munigoicoechea.go.cr\/inicio\/#organization\"},\"potentialAction\":[{\"@type\":\"SearchAction\",\"target\":{\"@type\":\"EntryPoint\",\"urlTemplate\":\"https:\/\/munigoicoechea.go.cr\/inicio\/?s={search_term_string}\"},\"query-input\":{\"@type\":\"PropertyValueSpecification\",\"valueRequired\":true,\"valueName\":\"search_term_string\"}}],\"inLanguage\":\"es\"},{\"@type\":\"Organization\",\"@id\":\"https:\/\/munigoicoechea.go.cr\/inicio\/#organization\",\"name\":\"Municipalidad de Goicoechea\",\"url\":\"https:\/\/munigoicoechea.go.cr\/inicio\/\",\"logo\":{\"@type\":\"ImageObject\",\"inLanguage\":\"es\",\"@id\":\"https:\/\/munigoicoechea.go.cr\/inicio\/#\/schema\/logo\/image\/\",\"url\":\"https:\/\/i0.wp.com\/munigoicoechea.go.cr\/inicio\/wp-content\/uploads\/2021\/09\/cropped-cropped-Logo_Oficial-300x290-1.png?fit=512%2C512&ssl=1\",\"contentUrl\":\"https:\/\/i0.wp.com\/munigoicoechea.go.cr\/inicio\/wp-content\/uploads\/2021\/09\/cropped-cropped-Logo_Oficial-300x290-1.png?fit=512%2C512&ssl=1\",\"width\":512,\"height\":512,\"caption\":\"Municipalidad de Goicoechea\"},\"image\":{\"@id\":\"https:\/\/munigoicoechea.go.cr\/inicio\/#\/schema\/logo\/image\/\"},\"sameAs\":[\"https:\/\/www.facebook.com\/munigoicooficial\/\",\"https:\/\/www.youtube.com\/channel\/UCdAVgrbooTmXJlBeYMusKiA?reload=9\"]}]}<\/script>\n<!-- \/ Yoast SEO plugin. -->","yoast_head_json":{"title":"Formularios &#8211; Municipalidad de Goicoechea","robots":{"index":"index","follow":"follow","max-snippet":"max-snippet:-1","max-image-preview":"max-image-preview:large","max-video-preview":"max-video-preview:-1"},"canonical":"https:\/\/munigoicoechea.go.cr\/inicio\/formularios\/","og_locale":"es_ES","og_type":"article","og_title":"Formularios &#8211; Municipalidad de Goicoechea","og_description":"Formularios Encuentra aqu\u00ed los formularios correspondientes para cada tramite. La Municipalidad de Goicoechea pone a disposici\u00f3n el formulario \u00fanico a todos los interesados en solicitar alguno de los siguientes servicios municipales: Permisos de construcci\u00f3n.\u00a0 Visados municipales. Certificados de uso de suelo. Proyectos de urbanizaciones. Patentes nuevas.","og_url":"https:\/\/munigoicoechea.go.cr\/inicio\/formularios\/","og_site_name":"Municipalidad de Goicoechea","article_publisher":"https:\/\/www.facebook.com\/munigoicooficial\/","article_modified_time":"2025-11-12T21:43:08+00:00","twitter_card":"summary_large_image","twitter_misc":{"Tiempo de lectura":"1 minuto"},"schema":{"@context":"https:\/\/schema.org","@graph":[{"@type":"WebPage","@id":"https:\/\/munigoicoechea.go.cr\/inicio\/formularios\/","url":"https:\/\/munigoicoechea.go.cr\/inicio\/formularios\/","name":"Formularios &#8211; Municipalidad de Goicoechea","isPartOf":{"@id":"https:\/\/munigoicoechea.go.cr\/inicio\/#website"},"datePublished":"2021-09-14T23:26:59+00:00","dateModified":"2025-11-12T21:43:08+00:00","breadcrumb":{"@id":"https:\/\/munigoicoechea.go.cr\/inicio\/formularios\/#breadcrumb"},"inLanguage":"es","potentialAction":[{"@type":"ReadAction","target":["https:\/\/munigoicoechea.go.cr\/inicio\/formularios\/"]}]},{"@type":"BreadcrumbList","@id":"https:\/\/munigoicoechea.go.cr\/inicio\/formularios\/#breadcrumb","itemListElement":[{"@type":"ListItem","position":1,"name":"Portada","item":"https:\/\/munigoicoechea.go.cr\/inicio\/"},{"@type":"ListItem","position":2,"name":"Formularios"}]},{"@type":"WebSite","@id":"https:\/\/munigoicoechea.go.cr\/inicio\/#website","url":"https:\/\/munigoicoechea.go.cr\/inicio\/","name":"Municipalidad de Goicoechea","description":"\u00a1Hacemos que las cosas sucedan!","publisher":{"@id":"https:\/\/munigoicoechea.go.cr\/inicio\/#organization"},"potentialAction":[{"@type":"SearchAction","target":{"@type":"EntryPoint","urlTemplate":"https:\/\/munigoicoechea.go.cr\/inicio\/?s={search_term_string}"},"query-input":{"@type":"PropertyValueSpecification","valueRequired":true,"valueName":"search_term_string"}}],"inLanguage":"es"},{"@type":"Organization","@id":"https:\/\/munigoicoechea.go.cr\/inicio\/#organization","name":"Municipalidad de Goicoechea","url":"https:\/\/munigoicoechea.go.cr\/inicio\/","logo":{"@type":"ImageObject","inLanguage":"es","@id":"https:\/\/munigoicoechea.go.cr\/inicio\/#\/schema\/logo\/image\/","url":"https:\/\/i0.wp.com\/munigoicoechea.go.cr\/inicio\/wp-content\/uploads\/2021\/09\/cropped-cropped-Logo_Oficial-300x290-1.png?fit=512%2C512&ssl=1","contentUrl":"https:\/\/i0.wp.com\/munigoicoechea.go.cr\/inicio\/wp-content\/uploads\/2021\/09\/cropped-cropped-Logo_Oficial-300x290-1.png?fit=512%2C512&ssl=1","width":512,"height":512,"caption":"Municipalidad de Goicoechea"},"image":{"@id":"https:\/\/munigoicoechea.go.cr\/inicio\/#\/schema\/logo\/image\/"},"sameAs":["https:\/\/www.facebook.com\/munigoicooficial\/","https:\/\/www.youtube.com\/channel\/UCdAVgrbooTmXJlBeYMusKiA?reload=9"]}]}},"jetpack_sharing_enabled":true,"_links":{"self":[{"href":"https:\/\/munigoicoechea.go.cr\/inicio\/wp-json\/wp\/v2\/pages\/6317","targetHints":{"allow":["GET"]}}],"collection":[{"href":"https:\/\/munigoicoechea.go.cr\/inicio\/wp-json\/wp\/v2\/pages"}],"about":[{"href":"https:\/\/munigoicoechea.go.cr\/inicio\/wp-json\/wp\/v2\/types\/page"}],"author":[{"embeddable":true,"href":"https:\/\/munigoicoechea.go.cr\/inicio\/wp-json\/wp\/v2\/users\/2"}],"replies":[{"embeddable":true,"href":"https:\/\/munigoicoechea.go.cr\/inicio\/wp-json\/wp\/v2\/comments?post=6317"}],"version-history":[{"count":89,"href":"https:\/\/munigoicoechea.go.cr\/inicio\/wp-json\/wp\/v2\/pages\/6317\/revisions"}],"predecessor-version":[{"id":13503,"href":"https:\/\/munigoicoechea.go.cr\/inicio\/wp-json\/wp\/v2\/pages\/6317\/revisions\/13503"}],"wp:attachment":[{"href":"https:\/\/munigoicoechea.go.cr\/inicio\/wp-json\/wp\/v2\/media?parent=6317"}],"curies":[{"name":"wp","href":"https:\/\/api.w.org\/{rel}","templated":true}]}}