{"id":6348,"date":"2021-09-14T23:50:44","date_gmt":"2021-09-14T23:50:44","guid":{"rendered":"https:\/\/munigoicoechea.go.cr\/inicio\/?page_id=6348"},"modified":"2023-07-04T18:56:15","modified_gmt":"2023-07-04T18:56:15","slug":"oficina-de-la-mujer","status":"publish","type":"page","link":"https:\/\/munigoicoechea.go.cr\/inicio\/oficina-de-la-mujer\/","title":{"rendered":"Oficina de la mujer"},"content":{"rendered":"\t\t<div data-elementor-type=\"wp-page\" data-elementor-id=\"6348\" class=\"elementor elementor-6348\" data-elementor-post-type=\"page\">\n\t\t\t\t\t\t<section class=\"elementor-section elementor-top-section elementor-element elementor-element-87ff19d elementor-section-full_width elementor-section-height-default elementor-section-height-default\" data-id=\"87ff19d\" data-element_type=\"section\" data-e-type=\"section\" data-settings=\"{&quot;background_background&quot;:&quot;classic&quot;}\">\n\t\t\t\t\t\t<div class=\"elementor-container elementor-column-gap-no\">\n\t\t\t\t\t<div class=\"elementor-column elementor-col-100 elementor-top-column elementor-element elementor-element-de7f5b5\" data-id=\"de7f5b5\" data-element_type=\"column\" data-e-type=\"column\">\n\t\t\t<div class=\"elementor-widget-wrap elementor-element-populated\">\n\t\t\t\t\t\t<div class=\"elementor-element elementor-element-5048c91 elementor-widget elementor-widget-spacer\" data-id=\"5048c91\" data-element_type=\"widget\" data-e-type=\"widget\" data-widget_type=\"spacer.default\">\n\t\t\t\t<div class=\"elementor-widget-container\">\n\t\t\t\t\t\t\t<div class=\"elementor-spacer\">\n\t\t\t<div class=\"elementor-spacer-inner\"><\/div>\n\t\t<\/div>\n\t\t\t\t\t\t<\/div>\n\t\t\t\t<\/div>\n\t\t\t\t<div class=\"elementor-element elementor-element-27b5c45 elementor-widget elementor-widget-heading\" data-id=\"27b5c45\" data-element_type=\"widget\" data-e-type=\"widget\" data-widget_type=\"heading.default\">\n\t\t\t\t<div class=\"elementor-widget-container\">\n\t\t\t\t\t<h2 class=\"elementor-heading-title elementor-size-default\">Oficina de la Mujer<\/h2>\t\t\t\t<\/div>\n\t\t\t\t<\/div>\n\t\t\t\t<div class=\"elementor-element elementor-element-6715de1 elementor-widget elementor-widget-text-editor\" data-id=\"6715de1\" data-element_type=\"widget\" data-e-type=\"widget\" data-widget_type=\"text-editor.default\">\n\t\t\t\t<div class=\"elementor-widget-container\">\n\t\t\t\t\t\t\t\t\t<p>A continuaci\u00f3n se detallan las funciones y servicios que brinda la Oficina de la Mujer para los ciudadanos.<\/p>\t\t\t\t\t\t\t\t<\/div>\n\t\t\t\t<\/div>\n\t\t\t\t<div class=\"elementor-element elementor-element-afe1031 elementor-widget elementor-widget-spacer\" data-id=\"afe1031\" data-element_type=\"widget\" data-e-type=\"widget\" data-widget_type=\"spacer.default\">\n\t\t\t\t<div class=\"elementor-widget-container\">\n\t\t\t\t\t\t\t<div class=\"elementor-spacer\">\n\t\t\t<div class=\"elementor-spacer-inner\"><\/div>\n\t\t<\/div>\n\t\t\t\t\t\t<\/div>\n\t\t\t\t<\/div>\n\t\t\t\t\t<\/div>\n\t\t<\/div>\n\t\t\t\t\t<\/div>\n\t\t<\/section>\n\t\t\t\t<section class=\"elementor-section elementor-top-section elementor-element elementor-element-39cdfec elementor-section-boxed elementor-section-height-default elementor-section-height-default\" data-id=\"39cdfec\" data-element_type=\"section\" data-e-type=\"section\">\n\t\t\t\t\t\t<div class=\"elementor-container elementor-column-gap-default\">\n\t\t\t\t\t<div class=\"elementor-column elementor-col-100 elementor-top-column elementor-element elementor-element-894f190\" data-id=\"894f190\" data-element_type=\"column\" data-e-type=\"column\">\n\t\t\t<div class=\"elementor-widget-wrap elementor-element-populated\">\n\t\t\t\t\t\t<div class=\"elementor-element elementor-element-fd51302 elementor-widget elementor-widget-spacer\" data-id=\"fd51302\" data-element_type=\"widget\" data-e-type=\"widget\" data-widget_type=\"spacer.default\">\n\t\t\t\t<div class=\"elementor-widget-container\">\n\t\t\t\t\t\t\t<div class=\"elementor-spacer\">\n\t\t\t<div class=\"elementor-spacer-inner\"><\/div>\n\t\t<\/div>\n\t\t\t\t\t\t<\/div>\n\t\t\t\t<\/div>\n\t\t\t\t<div class=\"elementor-element elementor-element-ea384d0 elementor-widget elementor-widget-text-editor\" data-id=\"ea384d0\" data-element_type=\"widget\" data-e-type=\"widget\" data-widget_type=\"text-editor.default\">\n\t\t\t\t<div class=\"elementor-widget-container\">\n\t\t\t\t\t\t\t\t\t<p><span style=\"color: #003366; font-size: 14pt;\"><strong>La Oficina de la Mujer consta principalmente de 3 \u00e1reas:<\/strong><\/span><\/p><ul><li>Participaci\u00f3n ciudadana.<\/li><li>\u00c1rea de microempresa.<\/li><li>\u00c1rea de VIF.<\/li><\/ul><p>Trabaja espec\u00edficamente seis funciones que incluyen: la atenci\u00f3n, la prevenci\u00f3n, capacitaci\u00f3n, procedimiento, coordinaci\u00f3n y la investigaci\u00f3n, bajo los siguientes objetivos:<\/p><ul><li>\u00c1rea de Aplicaci\u00f3n.<\/li><li>\u00c1rea de Atenci\u00f3n y Prevenci\u00f3n de la Violencia Intrafamiliar.<\/li><li>\u00c1rea de Empresarial de las Mujeres.<\/li><li>\u00c1rea de Participaci\u00f3n Ciudadana.<\/li><\/ul><p><strong><span style=\"font-size: 14pt; color: #003366;\">Objetivo General<\/span><\/strong><\/p><ul><li>Brindar un espacio permanente de informaci\u00f3n, atenci\u00f3n y difusi\u00f3n de derechos de las mujeres<\/li><\/ul><p><span style=\"color: #003366; font-size: 14pt;\"><strong>Objetivos Espec\u00edficos:<\/strong><\/span><\/p><ul><li>Brindar atenci\u00f3n y seguimiento psicol\u00f3gico y social a las personas afectadas por la violencia intrafamiliar.<\/li><li>Abrir grupos especializados y de apoyo para las personas afectadas por la violencia intrafamiliar: grupo para mujeres sobrevivientes de violencia intrafamiliar, grupo para mujeres adultas sobrevivientes de abuso sexual infantil, grupo para madres educadoras de salud, grupo para ni\u00f1os y ni\u00f1as testigos de violencia intrafamiliar.<\/li><li>Brindar informaci\u00f3n y orientaci\u00f3n en el \u00e1mbito empresarial de acuerdo a los procesos productivos de cada una de las personas consultantes.<\/li><li>Abrir un espacio participativo que permita al grupo de mujeres emprendedoras compartir sus experiencias en el \u00e1mbito empresarial.<\/li><li>Identificar alternativas que logren dar respuesta a las necesidades existentes de las mujeres en el \u00e1mbito empresarial.<\/li><\/ul><p><span style=\"font-family: georgia, palatino, serif; font-size: 14pt;\">Consulte <em><a href=\"https:\/\/munigoicoechea.go.cr\/wp-content\/uploads\/2021\/05\/Politica-de-genero-Goicoechea-para-publicar.pdf\">AQU\u00cd<\/a><\/em> la pol\u00edtica para la igualdad y equidad entre hombres y mujeres en el cant\u00f3n de Goicoechea\u00a0<\/span><\/p><p><span style=\"color: #003366; font-size: 14pt;\"><strong>Contacto:<\/strong><\/span><\/p><p>Tel\u00e9fonos: 2527-6670 \/ 2527-6676 \/ 2527-6677<\/p><p>E-mail: <a href=\"mailto:ofim@munigoicoechea.go.cr\" target=\"_blank\" rel=\"noopener\">ofim@munigoicoechea.go.cr<\/a><\/p>\t\t\t\t\t\t\t\t<\/div>\n\t\t\t\t<\/div>\n\t\t\t\t\t<\/div>\n\t\t<\/div>\n\t\t\t\t\t<\/div>\n\t\t<\/section>\n\t\t\t\t<\/div>\n\t\t","protected":false},"excerpt":{"rendered":"<p>Oficina de la Mujer A continuaci\u00f3n se detallan las funciones y servicios que brinda la Oficina de la Mujer para los ciudadanos. La Oficina de la Mujer consta principalmente de 3 \u00e1reas: Participaci\u00f3n ciudadana. \u00c1rea de microempresa. \u00c1rea de VIF. Trabaja espec\u00edficamente seis funciones que incluyen: la atenci\u00f3n, la prevenci\u00f3n, capacitaci\u00f3n, procedimiento, coordinaci\u00f3n y la [&hellip;]<\/p>\n","protected":false},"author":37,"featured_media":0,"parent":0,"menu_order":0,"comment_status":"closed","ping_status":"closed","template":"elementor_header_footer","meta":{"_monsterinsights_skip_tracking":false,"_monsterinsights_sitenote_active":false,"_monsterinsights_sitenote_note":"","_monsterinsights_sitenote_category":0,"_joinchat":[],"footnotes":""},"class_list":["post-6348","page","type-page","status-publish","hentry"],"aioseo_notices":[],"yoast_head":"<!-- This site is optimized with the Yoast SEO plugin v27.1.1 - https:\/\/yoast.com\/product\/yoast-seo-wordpress\/ -->\n<title>Oficina de la mujer &#8211; Municipalidad de Goicoechea<\/title>\n<meta name=\"robots\" content=\"index, follow, max-snippet:-1, max-image-preview:large, max-video-preview:-1\" \/>\n<link rel=\"canonical\" href=\"https:\/\/munigoicoechea.go.cr\/inicio\/oficina-de-la-mujer\/\" \/>\n<meta property=\"og:locale\" content=\"es_ES\" \/>\n<meta property=\"og:type\" content=\"article\" \/>\n<meta property=\"og:title\" content=\"Oficina de la mujer &#8211; Municipalidad de Goicoechea\" \/>\n<meta property=\"og:description\" content=\"Oficina de la Mujer A continuaci\u00f3n se detallan las funciones y servicios que brinda la Oficina de la Mujer para los ciudadanos. La Oficina de la Mujer consta principalmente de 3 \u00e1reas: Participaci\u00f3n ciudadana. \u00c1rea de microempresa. \u00c1rea de VIF. Trabaja espec\u00edficamente seis funciones que incluyen: la atenci\u00f3n, la prevenci\u00f3n, capacitaci\u00f3n, procedimiento, coordinaci\u00f3n y la [&hellip;]\" \/>\n<meta property=\"og:url\" content=\"https:\/\/munigoicoechea.go.cr\/inicio\/oficina-de-la-mujer\/\" \/>\n<meta property=\"og:site_name\" content=\"Municipalidad de Goicoechea\" \/>\n<meta property=\"article:publisher\" content=\"https:\/\/www.facebook.com\/munigoicooficial\/\" \/>\n<meta property=\"article:modified_time\" content=\"2023-07-04T18:56:15+00:00\" \/>\n<meta name=\"twitter:card\" content=\"summary_large_image\" \/>\n<meta name=\"twitter:label1\" content=\"Tiempo de lectura\" \/>\n\t<meta name=\"twitter:data1\" content=\"2 minutos\" \/>\n<script type=\"application\/ld+json\" class=\"yoast-schema-graph\">{\"@context\":\"https:\/\/schema.org\",\"@graph\":[{\"@type\":\"WebPage\",\"@id\":\"https:\/\/munigoicoechea.go.cr\/inicio\/oficina-de-la-mujer\/\",\"url\":\"https:\/\/munigoicoechea.go.cr\/inicio\/oficina-de-la-mujer\/\",\"name\":\"Oficina de la mujer &#8211; Municipalidad de Goicoechea\",\"isPartOf\":{\"@id\":\"https:\/\/munigoicoechea.go.cr\/inicio\/#website\"},\"datePublished\":\"2021-09-14T23:50:44+00:00\",\"dateModified\":\"2023-07-04T18:56:15+00:00\",\"breadcrumb\":{\"@id\":\"https:\/\/munigoicoechea.go.cr\/inicio\/oficina-de-la-mujer\/#breadcrumb\"},\"inLanguage\":\"es\",\"potentialAction\":[{\"@type\":\"ReadAction\",\"target\":[\"https:\/\/munigoicoechea.go.cr\/inicio\/oficina-de-la-mujer\/\"]}]},{\"@type\":\"BreadcrumbList\",\"@id\":\"https:\/\/munigoicoechea.go.cr\/inicio\/oficina-de-la-mujer\/#breadcrumb\",\"itemListElement\":[{\"@type\":\"ListItem\",\"position\":1,\"name\":\"Portada\",\"item\":\"https:\/\/munigoicoechea.go.cr\/inicio\/\"},{\"@type\":\"ListItem\",\"position\":2,\"name\":\"Oficina de la mujer\"}]},{\"@type\":\"WebSite\",\"@id\":\"https:\/\/munigoicoechea.go.cr\/inicio\/#website\",\"url\":\"https:\/\/munigoicoechea.go.cr\/inicio\/\",\"name\":\"Municipalidad de Goicoechea\",\"description\":\"\u00a1Hacemos que las cosas sucedan!\",\"publisher\":{\"@id\":\"https:\/\/munigoicoechea.go.cr\/inicio\/#organization\"},\"potentialAction\":[{\"@type\":\"SearchAction\",\"target\":{\"@type\":\"EntryPoint\",\"urlTemplate\":\"https:\/\/munigoicoechea.go.cr\/inicio\/?s={search_term_string}\"},\"query-input\":{\"@type\":\"PropertyValueSpecification\",\"valueRequired\":true,\"valueName\":\"search_term_string\"}}],\"inLanguage\":\"es\"},{\"@type\":\"Organization\",\"@id\":\"https:\/\/munigoicoechea.go.cr\/inicio\/#organization\",\"name\":\"Municipalidad de Goicoechea\",\"url\":\"https:\/\/munigoicoechea.go.cr\/inicio\/\",\"logo\":{\"@type\":\"ImageObject\",\"inLanguage\":\"es\",\"@id\":\"https:\/\/munigoicoechea.go.cr\/inicio\/#\/schema\/logo\/image\/\",\"url\":\"https:\/\/i0.wp.com\/munigoicoechea.go.cr\/inicio\/wp-content\/uploads\/2021\/09\/cropped-cropped-Logo_Oficial-300x290-1.png?fit=512%2C512&ssl=1\",\"contentUrl\":\"https:\/\/i0.wp.com\/munigoicoechea.go.cr\/inicio\/wp-content\/uploads\/2021\/09\/cropped-cropped-Logo_Oficial-300x290-1.png?fit=512%2C512&ssl=1\",\"width\":512,\"height\":512,\"caption\":\"Municipalidad de Goicoechea\"},\"image\":{\"@id\":\"https:\/\/munigoicoechea.go.cr\/inicio\/#\/schema\/logo\/image\/\"},\"sameAs\":[\"https:\/\/www.facebook.com\/munigoicooficial\/\",\"https:\/\/www.youtube.com\/channel\/UCdAVgrbooTmXJlBeYMusKiA?reload=9\"]}]}<\/script>\n<!-- \/ Yoast SEO plugin. -->","yoast_head_json":{"title":"Oficina de la mujer &#8211; Municipalidad de Goicoechea","robots":{"index":"index","follow":"follow","max-snippet":"max-snippet:-1","max-image-preview":"max-image-preview:large","max-video-preview":"max-video-preview:-1"},"canonical":"https:\/\/munigoicoechea.go.cr\/inicio\/oficina-de-la-mujer\/","og_locale":"es_ES","og_type":"article","og_title":"Oficina de la mujer &#8211; Municipalidad de Goicoechea","og_description":"Oficina de la Mujer A continuaci\u00f3n se detallan las funciones y servicios que brinda la Oficina de la Mujer para los ciudadanos. La Oficina de la Mujer consta principalmente de 3 \u00e1reas: Participaci\u00f3n ciudadana. \u00c1rea de microempresa. \u00c1rea de VIF. Trabaja espec\u00edficamente seis funciones que incluyen: la atenci\u00f3n, la prevenci\u00f3n, capacitaci\u00f3n, procedimiento, coordinaci\u00f3n y la [&hellip;]","og_url":"https:\/\/munigoicoechea.go.cr\/inicio\/oficina-de-la-mujer\/","og_site_name":"Municipalidad de Goicoechea","article_publisher":"https:\/\/www.facebook.com\/munigoicooficial\/","article_modified_time":"2023-07-04T18:56:15+00:00","twitter_card":"summary_large_image","twitter_misc":{"Tiempo de lectura":"2 minutos"},"schema":{"@context":"https:\/\/schema.org","@graph":[{"@type":"WebPage","@id":"https:\/\/munigoicoechea.go.cr\/inicio\/oficina-de-la-mujer\/","url":"https:\/\/munigoicoechea.go.cr\/inicio\/oficina-de-la-mujer\/","name":"Oficina de la mujer &#8211; Municipalidad de Goicoechea","isPartOf":{"@id":"https:\/\/munigoicoechea.go.cr\/inicio\/#website"},"datePublished":"2021-09-14T23:50:44+00:00","dateModified":"2023-07-04T18:56:15+00:00","breadcrumb":{"@id":"https:\/\/munigoicoechea.go.cr\/inicio\/oficina-de-la-mujer\/#breadcrumb"},"inLanguage":"es","potentialAction":[{"@type":"ReadAction","target":["https:\/\/munigoicoechea.go.cr\/inicio\/oficina-de-la-mujer\/"]}]},{"@type":"BreadcrumbList","@id":"https:\/\/munigoicoechea.go.cr\/inicio\/oficina-de-la-mujer\/#breadcrumb","itemListElement":[{"@type":"ListItem","position":1,"name":"Portada","item":"https:\/\/munigoicoechea.go.cr\/inicio\/"},{"@type":"ListItem","position":2,"name":"Oficina de la mujer"}]},{"@type":"WebSite","@id":"https:\/\/munigoicoechea.go.cr\/inicio\/#website","url":"https:\/\/munigoicoechea.go.cr\/inicio\/","name":"Municipalidad de Goicoechea","description":"\u00a1Hacemos que las cosas sucedan!","publisher":{"@id":"https:\/\/munigoicoechea.go.cr\/inicio\/#organization"},"potentialAction":[{"@type":"SearchAction","target":{"@type":"EntryPoint","urlTemplate":"https:\/\/munigoicoechea.go.cr\/inicio\/?s={search_term_string}"},"query-input":{"@type":"PropertyValueSpecification","valueRequired":true,"valueName":"search_term_string"}}],"inLanguage":"es"},{"@type":"Organization","@id":"https:\/\/munigoicoechea.go.cr\/inicio\/#organization","name":"Municipalidad de Goicoechea","url":"https:\/\/munigoicoechea.go.cr\/inicio\/","logo":{"@type":"ImageObject","inLanguage":"es","@id":"https:\/\/munigoicoechea.go.cr\/inicio\/#\/schema\/logo\/image\/","url":"https:\/\/i0.wp.com\/munigoicoechea.go.cr\/inicio\/wp-content\/uploads\/2021\/09\/cropped-cropped-Logo_Oficial-300x290-1.png?fit=512%2C512&ssl=1","contentUrl":"https:\/\/i0.wp.com\/munigoicoechea.go.cr\/inicio\/wp-content\/uploads\/2021\/09\/cropped-cropped-Logo_Oficial-300x290-1.png?fit=512%2C512&ssl=1","width":512,"height":512,"caption":"Municipalidad de Goicoechea"},"image":{"@id":"https:\/\/munigoicoechea.go.cr\/inicio\/#\/schema\/logo\/image\/"},"sameAs":["https:\/\/www.facebook.com\/munigoicooficial\/","https:\/\/www.youtube.com\/channel\/UCdAVgrbooTmXJlBeYMusKiA?reload=9"]}]}},"jetpack_sharing_enabled":true,"_links":{"self":[{"href":"https:\/\/munigoicoechea.go.cr\/inicio\/wp-json\/wp\/v2\/pages\/6348","targetHints":{"allow":["GET"]}}],"collection":[{"href":"https:\/\/munigoicoechea.go.cr\/inicio\/wp-json\/wp\/v2\/pages"}],"about":[{"href":"https:\/\/munigoicoechea.go.cr\/inicio\/wp-json\/wp\/v2\/types\/page"}],"author":[{"embeddable":true,"href":"https:\/\/munigoicoechea.go.cr\/inicio\/wp-json\/wp\/v2\/users\/37"}],"replies":[{"embeddable":true,"href":"https:\/\/munigoicoechea.go.cr\/inicio\/wp-json\/wp\/v2\/comments?post=6348"}],"version-history":[{"count":66,"href":"https:\/\/munigoicoechea.go.cr\/inicio\/wp-json\/wp\/v2\/pages\/6348\/revisions"}],"predecessor-version":[{"id":10976,"href":"https:\/\/munigoicoechea.go.cr\/inicio\/wp-json\/wp\/v2\/pages\/6348\/revisions\/10976"}],"wp:attachment":[{"href":"https:\/\/munigoicoechea.go.cr\/inicio\/wp-json\/wp\/v2\/media?parent=6348"}],"curies":[{"name":"wp","href":"https:\/\/api.w.org\/{rel}","templated":true}]}}