{"id":6495,"date":"2021-09-15T04:31:44","date_gmt":"2021-09-15T04:31:44","guid":{"rendered":"https:\/\/munigoicoechea.go.cr\/inicio\/?page_id=6495"},"modified":"2023-07-04T18:54:20","modified_gmt":"2023-07-04T18:54:20","slug":"oficina-de-la-ninez","status":"publish","type":"page","link":"https:\/\/munigoicoechea.go.cr\/inicio\/oficina-de-la-ninez\/","title":{"rendered":"Oficina de la ni\u00f1ez"},"content":{"rendered":"\t\t<div data-elementor-type=\"wp-page\" data-elementor-id=\"6495\" class=\"elementor elementor-6495\" data-elementor-post-type=\"page\">\n\t\t\t\t\t\t<section class=\"elementor-section elementor-top-section elementor-element elementor-element-9220cf9 elementor-section-full_width elementor-section-height-default elementor-section-height-default\" data-id=\"9220cf9\" data-element_type=\"section\" data-e-type=\"section\" data-settings=\"{&quot;background_background&quot;:&quot;classic&quot;}\">\n\t\t\t\t\t\t<div class=\"elementor-container elementor-column-gap-no\">\n\t\t\t\t\t<div class=\"elementor-column elementor-col-100 elementor-top-column elementor-element elementor-element-c18db4e\" data-id=\"c18db4e\" data-element_type=\"column\" data-e-type=\"column\">\n\t\t\t<div class=\"elementor-widget-wrap elementor-element-populated\">\n\t\t\t\t\t\t<div class=\"elementor-element elementor-element-7c3dae7 elementor-widget elementor-widget-spacer\" data-id=\"7c3dae7\" data-element_type=\"widget\" data-e-type=\"widget\" data-widget_type=\"spacer.default\">\n\t\t\t\t<div class=\"elementor-widget-container\">\n\t\t\t\t\t\t\t<div class=\"elementor-spacer\">\n\t\t\t<div class=\"elementor-spacer-inner\"><\/div>\n\t\t<\/div>\n\t\t\t\t\t\t<\/div>\n\t\t\t\t<\/div>\n\t\t\t\t<div class=\"elementor-element elementor-element-66730c8 elementor-widget elementor-widget-heading\" data-id=\"66730c8\" data-element_type=\"widget\" data-e-type=\"widget\" data-widget_type=\"heading.default\">\n\t\t\t\t<div class=\"elementor-widget-container\">\n\t\t\t\t\t<h2 class=\"elementor-heading-title elementor-size-default\">Oficina de la Ni\u00f1ez y Adolescencia<\/h2>\t\t\t\t<\/div>\n\t\t\t\t<\/div>\n\t\t\t\t<div class=\"elementor-element elementor-element-7e5da67 elementor-widget elementor-widget-text-editor\" data-id=\"7e5da67\" data-element_type=\"widget\" data-e-type=\"widget\" data-widget_type=\"text-editor.default\">\n\t\t\t\t<div class=\"elementor-widget-container\">\n\t\t\t\t\t\t\t\t\t<p>A continuaci\u00f3n se detallan las funciones y servicios que brinda la Oficina de la Ni\u00f1ez y Adolescencia para los ciudadanos.<\/p>\t\t\t\t\t\t\t\t<\/div>\n\t\t\t\t<\/div>\n\t\t\t\t<div class=\"elementor-element elementor-element-5feb1df elementor-widget elementor-widget-spacer\" data-id=\"5feb1df\" data-element_type=\"widget\" data-e-type=\"widget\" data-widget_type=\"spacer.default\">\n\t\t\t\t<div class=\"elementor-widget-container\">\n\t\t\t\t\t\t\t<div class=\"elementor-spacer\">\n\t\t\t<div class=\"elementor-spacer-inner\"><\/div>\n\t\t<\/div>\n\t\t\t\t\t\t<\/div>\n\t\t\t\t<\/div>\n\t\t\t\t\t<\/div>\n\t\t<\/div>\n\t\t\t\t\t<\/div>\n\t\t<\/section>\n\t\t\t\t<section class=\"elementor-section elementor-top-section elementor-element elementor-element-f2594d2 elementor-section-boxed elementor-section-height-default elementor-section-height-default\" data-id=\"f2594d2\" data-element_type=\"section\" data-e-type=\"section\">\n\t\t\t\t\t\t<div class=\"elementor-container elementor-column-gap-default\">\n\t\t\t\t\t<div class=\"elementor-column elementor-col-100 elementor-top-column elementor-element elementor-element-59f1839\" data-id=\"59f1839\" data-element_type=\"column\" data-e-type=\"column\">\n\t\t\t<div class=\"elementor-widget-wrap elementor-element-populated\">\n\t\t\t\t\t\t<div class=\"elementor-element elementor-element-6c9db84 elementor-widget elementor-widget-spacer\" data-id=\"6c9db84\" data-element_type=\"widget\" data-e-type=\"widget\" data-widget_type=\"spacer.default\">\n\t\t\t\t<div class=\"elementor-widget-container\">\n\t\t\t\t\t\t\t<div class=\"elementor-spacer\">\n\t\t\t<div class=\"elementor-spacer-inner\"><\/div>\n\t\t<\/div>\n\t\t\t\t\t\t<\/div>\n\t\t\t\t<\/div>\n\t\t\t\t<div class=\"elementor-element elementor-element-be2df4f elementor-widget elementor-widget-text-editor\" data-id=\"be2df4f\" data-element_type=\"widget\" data-e-type=\"widget\" data-widget_type=\"text-editor.default\">\n\t\t\t\t<div class=\"elementor-widget-container\">\n\t\t\t\t\t\t\t\t\t<p>Con una intensa campa\u00f1a de talleres dedicados a todos aquellos que se sientan afectados por situaciones negativas de la vida, la \u201cOficina de la Ni\u00f1ez, Adolescencia y Adulto Mayor\u201d contin\u00faa desarrollando una gran labor en Goicoechea.<\/p><p>Temas como \u201cTaller de Habilidades Sociales para Adolescentes\u201d, \u201cEscuela para Padres\u201d, \u201cAnsiedad en Ni\u00f1os\u201d, \u201cAbuso sexual\u201d, \u201cD\u00e9ficit Atencional\u201d, y \u201cAbuso sexual en Adolescentes\u201d llenan por completo las instalaciones de la municipalidad local, dada la gran demanda que tienen estos temas.<\/p><p>El desarrollo es impartido por especialistas que toman nota de las consultas de los afectados e inician con ello todo un tratamiento profesional dirigido por un grupo de psic\u00f3logos.<\/p><p>Una muestra del \u00e9xito es que la cl\u00ednica Jim\u00e9nez N\u00fa\u00f1ez ha remitido a m\u00e1s de 300 personas para que sean atendidas por los funcionarios que dirige la psic\u00f3loga Ana Mu\u00f1oz, quien es la profesional que tiene a cargo este grandioso programa de atenci\u00f3n, as\u00ed como la direcci\u00f3n misma de la oficina. El gobierno local durante todos estos a\u00f1os de nuestra gesti\u00f3n ha realizado una labor fundamental en cuanto al \u00e1rea de Ni\u00f1ez y Adolescencia cumpliendo m\u00e1s all\u00e1 de los objetivos propuestos.<\/p><p>Esta oficina que naci\u00f3 sin recursos humanos ni materiales hoy responde a las necesidades psicol\u00f3gicas fundamentales de los ni\u00f1os, j\u00f3venes y sus familias.<\/p><p>La Pol\u00edtica de Ni\u00f1ez y Adolescencia constituye el resultado de un esfuerzo fundamental de Estado costarricense por responder coherentemente a esta tem\u00e1tica. Fue elaborada considerando al ni\u00f1o, ni\u00f1a o adolescente como eje central. Desde esta perspectiva se toman en cuenta las diversas etapas por las que pasan las personas menores de edad, abordando en forma integral cada una de \u00e9stas e incorporando los entornos en los que ellos se desenvuelven, los cuales representan factores claves que inciden en su desarrollo y en el cumplimiento de sus derechos.<\/p><p>De acuerdo a los mencionados lineamientos, la Oficina de Ni\u00f1ez y Adolescencia ha cubierto las poblaciones de ni\u00f1os, ni\u00f1as y adolescentes de las diversas comunidades de nuestro Cant\u00f3n, logrando que la pol\u00edtica p\u00fablica dictada en esta materia represente el inter\u00e9s y el compromiso de todos los actores sociales por la garant\u00eda de los derechos, el bienestar, desarrollo, protecci\u00f3n y participaci\u00f3n de todas las personas menores.<\/p><p>Esta pol\u00edtica debe de ser permanente dentro de nuestra gesti\u00f3n por lo que para su continuidad requerimos de procesos y recursos que demandan planificaci\u00f3n, tiempo y organizaci\u00f3n para que puedan hacerse efectivos. El cumplimiento de los objetivos propuestos en el tema de Ni\u00f1ez y Adolescencia en nuestro primer Plan de Gobierno al asumir la Alcald\u00eda, han sido cumplidos a cabalidad a pesar de las debilidades en materia de recursos humanos y materiales de esta Oficina. Sin embargo, para dar continuidad a nuestra gesti\u00f3n nos proponemos la puesta en marcha de los siguientes procesos integrales:<\/p><ul><li>Programa de Prevenci\u00f3n para la ni\u00f1ez y la adolescencia.<\/li><li>Promover los servicios gratuitos, p\u00fablicos y permanentes.<\/li><li>Disminuir \u00edndices de vulneraci\u00f3n de derechos en ni\u00f1os y adolescentes.<\/li><li>Mejorar la calidad de vida de los ni\u00f1os, j\u00f3venes y sus familias.<\/li><li>Programa de Rescate de ni\u00f1ez y adolescencia que viven en situaci\u00f3n de calle.<\/li><li>Brindar medidas de protecci\u00f3n hacia la ni\u00f1ez y la adolescencia en situaci\u00f3n de calle.<\/li><li>Apoyar gestiones con las instituciones del Estado con el fin de lograr el mejoramiento real de su situaci\u00f3n de vida.<\/li><li>Proyecto municipal mujeres emprendedoras.<\/li><li>Continuar la labor realizada, evaluando sus fortalezas y debilidades con el fin de lograr la respuesta integral asertiva.<\/li><li>Dar seguimiento y concreci\u00f3n a los programas de capacitaci\u00f3n t\u00e9cnica iniciada con el convenio Municipalidad- Instituto Nacional de Aprendizaje a mujeres de los distintos distritos del Cant\u00f3n.<\/li><li>Desarrollar un programa espec\u00edfico con las empresas del Cant\u00f3n para las mujeres capacitadas t\u00e9cnicamente.<\/li><\/ul><p>\u00a0<\/p><p><b>Contacto:<br \/><\/b>Oficina de Ni\u00f1ez y Adolescencia<br \/>Tel\u00e9fono: 2527-6673<\/p><p>E-mail: ana.munoz@munigoicoechea.go.cr<\/p>\t\t\t\t\t\t\t\t<\/div>\n\t\t\t\t<\/div>\n\t\t\t\t\t<\/div>\n\t\t<\/div>\n\t\t\t\t\t<\/div>\n\t\t<\/section>\n\t\t\t\t<\/div>\n\t\t","protected":false},"excerpt":{"rendered":"<p>Oficina de la Ni\u00f1ez y Adolescencia A continuaci\u00f3n se detallan las funciones y servicios que brinda la Oficina de la Ni\u00f1ez y Adolescencia para los ciudadanos. Con una intensa campa\u00f1a de talleres dedicados a todos aquellos que se sientan afectados por situaciones negativas de la vida, la \u201cOficina de la Ni\u00f1ez, Adolescencia y Adulto Mayor\u201d [&hellip;]<\/p>\n","protected":false},"author":37,"featured_media":0,"parent":0,"menu_order":0,"comment_status":"closed","ping_status":"closed","template":"elementor_header_footer","meta":{"_monsterinsights_skip_tracking":false,"_monsterinsights_sitenote_active":false,"_monsterinsights_sitenote_note":"","_monsterinsights_sitenote_category":0,"_joinchat":[],"footnotes":""},"class_list":["post-6495","page","type-page","status-publish","hentry"],"aioseo_notices":[],"yoast_head":"<!-- This site is optimized with the Yoast SEO plugin v27.1.1 - https:\/\/yoast.com\/product\/yoast-seo-wordpress\/ -->\n<title>Oficina de la ni\u00f1ez &#8211; Municipalidad de Goicoechea<\/title>\n<meta name=\"robots\" content=\"index, follow, max-snippet:-1, max-image-preview:large, max-video-preview:-1\" \/>\n<link rel=\"canonical\" href=\"https:\/\/munigoicoechea.go.cr\/inicio\/oficina-de-la-ninez\/\" \/>\n<meta property=\"og:locale\" content=\"es_ES\" \/>\n<meta property=\"og:type\" content=\"article\" \/>\n<meta property=\"og:title\" content=\"Oficina de la ni\u00f1ez &#8211; Municipalidad de Goicoechea\" \/>\n<meta property=\"og:description\" content=\"Oficina de la Ni\u00f1ez y Adolescencia A continuaci\u00f3n se detallan las funciones y servicios que brinda la Oficina de la Ni\u00f1ez y Adolescencia para los ciudadanos. Con una intensa campa\u00f1a de talleres dedicados a todos aquellos que se sientan afectados por situaciones negativas de la vida, la \u201cOficina de la Ni\u00f1ez, Adolescencia y Adulto Mayor\u201d [&hellip;]\" \/>\n<meta property=\"og:url\" content=\"https:\/\/munigoicoechea.go.cr\/inicio\/oficina-de-la-ninez\/\" \/>\n<meta property=\"og:site_name\" content=\"Municipalidad de Goicoechea\" \/>\n<meta property=\"article:publisher\" content=\"https:\/\/www.facebook.com\/munigoicooficial\/\" \/>\n<meta property=\"article:modified_time\" content=\"2023-07-04T18:54:20+00:00\" \/>\n<meta name=\"twitter:card\" content=\"summary_large_image\" \/>\n<meta name=\"twitter:label1\" content=\"Tiempo de lectura\" \/>\n\t<meta name=\"twitter:data1\" content=\"3 minutos\" \/>\n<script type=\"application\/ld+json\" class=\"yoast-schema-graph\">{\"@context\":\"https:\/\/schema.org\",\"@graph\":[{\"@type\":\"WebPage\",\"@id\":\"https:\/\/munigoicoechea.go.cr\/inicio\/oficina-de-la-ninez\/\",\"url\":\"https:\/\/munigoicoechea.go.cr\/inicio\/oficina-de-la-ninez\/\",\"name\":\"Oficina de la ni\u00f1ez &#8211; Municipalidad de Goicoechea\",\"isPartOf\":{\"@id\":\"https:\/\/munigoicoechea.go.cr\/inicio\/#website\"},\"datePublished\":\"2021-09-15T04:31:44+00:00\",\"dateModified\":\"2023-07-04T18:54:20+00:00\",\"breadcrumb\":{\"@id\":\"https:\/\/munigoicoechea.go.cr\/inicio\/oficina-de-la-ninez\/#breadcrumb\"},\"inLanguage\":\"es\",\"potentialAction\":[{\"@type\":\"ReadAction\",\"target\":[\"https:\/\/munigoicoechea.go.cr\/inicio\/oficina-de-la-ninez\/\"]}]},{\"@type\":\"BreadcrumbList\",\"@id\":\"https:\/\/munigoicoechea.go.cr\/inicio\/oficina-de-la-ninez\/#breadcrumb\",\"itemListElement\":[{\"@type\":\"ListItem\",\"position\":1,\"name\":\"Portada\",\"item\":\"https:\/\/munigoicoechea.go.cr\/inicio\/\"},{\"@type\":\"ListItem\",\"position\":2,\"name\":\"Oficina de la ni\u00f1ez\"}]},{\"@type\":\"WebSite\",\"@id\":\"https:\/\/munigoicoechea.go.cr\/inicio\/#website\",\"url\":\"https:\/\/munigoicoechea.go.cr\/inicio\/\",\"name\":\"Municipalidad de Goicoechea\",\"description\":\"\u00a1Hacemos que las cosas sucedan!\",\"publisher\":{\"@id\":\"https:\/\/munigoicoechea.go.cr\/inicio\/#organization\"},\"potentialAction\":[{\"@type\":\"SearchAction\",\"target\":{\"@type\":\"EntryPoint\",\"urlTemplate\":\"https:\/\/munigoicoechea.go.cr\/inicio\/?s={search_term_string}\"},\"query-input\":{\"@type\":\"PropertyValueSpecification\",\"valueRequired\":true,\"valueName\":\"search_term_string\"}}],\"inLanguage\":\"es\"},{\"@type\":\"Organization\",\"@id\":\"https:\/\/munigoicoechea.go.cr\/inicio\/#organization\",\"name\":\"Municipalidad de Goicoechea\",\"url\":\"https:\/\/munigoicoechea.go.cr\/inicio\/\",\"logo\":{\"@type\":\"ImageObject\",\"inLanguage\":\"es\",\"@id\":\"https:\/\/munigoicoechea.go.cr\/inicio\/#\/schema\/logo\/image\/\",\"url\":\"https:\/\/i0.wp.com\/munigoicoechea.go.cr\/inicio\/wp-content\/uploads\/2021\/09\/cropped-cropped-Logo_Oficial-300x290-1.png?fit=512%2C512&ssl=1\",\"contentUrl\":\"https:\/\/i0.wp.com\/munigoicoechea.go.cr\/inicio\/wp-content\/uploads\/2021\/09\/cropped-cropped-Logo_Oficial-300x290-1.png?fit=512%2C512&ssl=1\",\"width\":512,\"height\":512,\"caption\":\"Municipalidad de Goicoechea\"},\"image\":{\"@id\":\"https:\/\/munigoicoechea.go.cr\/inicio\/#\/schema\/logo\/image\/\"},\"sameAs\":[\"https:\/\/www.facebook.com\/munigoicooficial\/\",\"https:\/\/www.youtube.com\/channel\/UCdAVgrbooTmXJlBeYMusKiA?reload=9\"]}]}<\/script>\n<!-- \/ Yoast SEO plugin. -->","yoast_head_json":{"title":"Oficina de la ni\u00f1ez &#8211; Municipalidad de Goicoechea","robots":{"index":"index","follow":"follow","max-snippet":"max-snippet:-1","max-image-preview":"max-image-preview:large","max-video-preview":"max-video-preview:-1"},"canonical":"https:\/\/munigoicoechea.go.cr\/inicio\/oficina-de-la-ninez\/","og_locale":"es_ES","og_type":"article","og_title":"Oficina de la ni\u00f1ez &#8211; Municipalidad de Goicoechea","og_description":"Oficina de la Ni\u00f1ez y Adolescencia A continuaci\u00f3n se detallan las funciones y servicios que brinda la Oficina de la Ni\u00f1ez y Adolescencia para los ciudadanos. Con una intensa campa\u00f1a de talleres dedicados a todos aquellos que se sientan afectados por situaciones negativas de la vida, la \u201cOficina de la Ni\u00f1ez, Adolescencia y Adulto Mayor\u201d [&hellip;]","og_url":"https:\/\/munigoicoechea.go.cr\/inicio\/oficina-de-la-ninez\/","og_site_name":"Municipalidad de Goicoechea","article_publisher":"https:\/\/www.facebook.com\/munigoicooficial\/","article_modified_time":"2023-07-04T18:54:20+00:00","twitter_card":"summary_large_image","twitter_misc":{"Tiempo de lectura":"3 minutos"},"schema":{"@context":"https:\/\/schema.org","@graph":[{"@type":"WebPage","@id":"https:\/\/munigoicoechea.go.cr\/inicio\/oficina-de-la-ninez\/","url":"https:\/\/munigoicoechea.go.cr\/inicio\/oficina-de-la-ninez\/","name":"Oficina de la ni\u00f1ez &#8211; Municipalidad de Goicoechea","isPartOf":{"@id":"https:\/\/munigoicoechea.go.cr\/inicio\/#website"},"datePublished":"2021-09-15T04:31:44+00:00","dateModified":"2023-07-04T18:54:20+00:00","breadcrumb":{"@id":"https:\/\/munigoicoechea.go.cr\/inicio\/oficina-de-la-ninez\/#breadcrumb"},"inLanguage":"es","potentialAction":[{"@type":"ReadAction","target":["https:\/\/munigoicoechea.go.cr\/inicio\/oficina-de-la-ninez\/"]}]},{"@type":"BreadcrumbList","@id":"https:\/\/munigoicoechea.go.cr\/inicio\/oficina-de-la-ninez\/#breadcrumb","itemListElement":[{"@type":"ListItem","position":1,"name":"Portada","item":"https:\/\/munigoicoechea.go.cr\/inicio\/"},{"@type":"ListItem","position":2,"name":"Oficina de la ni\u00f1ez"}]},{"@type":"WebSite","@id":"https:\/\/munigoicoechea.go.cr\/inicio\/#website","url":"https:\/\/munigoicoechea.go.cr\/inicio\/","name":"Municipalidad de Goicoechea","description":"\u00a1Hacemos que las cosas sucedan!","publisher":{"@id":"https:\/\/munigoicoechea.go.cr\/inicio\/#organization"},"potentialAction":[{"@type":"SearchAction","target":{"@type":"EntryPoint","urlTemplate":"https:\/\/munigoicoechea.go.cr\/inicio\/?s={search_term_string}"},"query-input":{"@type":"PropertyValueSpecification","valueRequired":true,"valueName":"search_term_string"}}],"inLanguage":"es"},{"@type":"Organization","@id":"https:\/\/munigoicoechea.go.cr\/inicio\/#organization","name":"Municipalidad de Goicoechea","url":"https:\/\/munigoicoechea.go.cr\/inicio\/","logo":{"@type":"ImageObject","inLanguage":"es","@id":"https:\/\/munigoicoechea.go.cr\/inicio\/#\/schema\/logo\/image\/","url":"https:\/\/i0.wp.com\/munigoicoechea.go.cr\/inicio\/wp-content\/uploads\/2021\/09\/cropped-cropped-Logo_Oficial-300x290-1.png?fit=512%2C512&ssl=1","contentUrl":"https:\/\/i0.wp.com\/munigoicoechea.go.cr\/inicio\/wp-content\/uploads\/2021\/09\/cropped-cropped-Logo_Oficial-300x290-1.png?fit=512%2C512&ssl=1","width":512,"height":512,"caption":"Municipalidad de Goicoechea"},"image":{"@id":"https:\/\/munigoicoechea.go.cr\/inicio\/#\/schema\/logo\/image\/"},"sameAs":["https:\/\/www.facebook.com\/munigoicooficial\/","https:\/\/www.youtube.com\/channel\/UCdAVgrbooTmXJlBeYMusKiA?reload=9"]}]}},"jetpack_sharing_enabled":true,"_links":{"self":[{"href":"https:\/\/munigoicoechea.go.cr\/inicio\/wp-json\/wp\/v2\/pages\/6495","targetHints":{"allow":["GET"]}}],"collection":[{"href":"https:\/\/munigoicoechea.go.cr\/inicio\/wp-json\/wp\/v2\/pages"}],"about":[{"href":"https:\/\/munigoicoechea.go.cr\/inicio\/wp-json\/wp\/v2\/types\/page"}],"author":[{"embeddable":true,"href":"https:\/\/munigoicoechea.go.cr\/inicio\/wp-json\/wp\/v2\/users\/37"}],"replies":[{"embeddable":true,"href":"https:\/\/munigoicoechea.go.cr\/inicio\/wp-json\/wp\/v2\/comments?post=6495"}],"version-history":[{"count":25,"href":"https:\/\/munigoicoechea.go.cr\/inicio\/wp-json\/wp\/v2\/pages\/6495\/revisions"}],"predecessor-version":[{"id":10973,"href":"https:\/\/munigoicoechea.go.cr\/inicio\/wp-json\/wp\/v2\/pages\/6495\/revisions\/10973"}],"wp:attachment":[{"href":"https:\/\/munigoicoechea.go.cr\/inicio\/wp-json\/wp\/v2\/media?parent=6495"}],"curies":[{"name":"wp","href":"https:\/\/api.w.org\/{rel}","templated":true}]}}