{"id":6497,"date":"2021-09-15T04:34:19","date_gmt":"2021-09-15T04:34:19","guid":{"rendered":"https:\/\/munigoicoechea.go.cr\/inicio\/?page_id=6497"},"modified":"2025-11-12T21:45:18","modified_gmt":"2025-11-12T21:45:18","slug":"declaracion-de-bienes-inmuebles","status":"publish","type":"page","link":"https:\/\/munigoicoechea.go.cr\/inicio\/declaracion-de-bienes-inmuebles\/","title":{"rendered":"Formulario Declaraci\u00f3n de Bienes Inmuebles"},"content":{"rendered":"\t\t<div data-elementor-type=\"wp-page\" data-elementor-id=\"6497\" class=\"elementor elementor-6497\" data-elementor-post-type=\"page\">\n\t\t\t\t\t\t<section class=\"elementor-section elementor-top-section elementor-element elementor-element-00d7704 elementor-section-full_width elementor-section-height-default elementor-section-height-default\" data-id=\"00d7704\" data-element_type=\"section\" data-e-type=\"section\">\n\t\t\t\t\t\t<div class=\"elementor-container elementor-column-gap-no\">\n\t\t\t\t\t<div class=\"elementor-column elementor-col-100 elementor-top-column elementor-element elementor-element-54192b0\" data-id=\"54192b0\" data-element_type=\"column\" data-e-type=\"column\">\n\t\t\t<div class=\"elementor-widget-wrap\">\n\t\t\t\t\t\t\t<\/div>\n\t\t<\/div>\n\t\t\t\t\t<\/div>\n\t\t<\/section>\n\t\t\t\t<section class=\"elementor-section elementor-top-section elementor-element elementor-element-cd9ad52 elementor-section-boxed elementor-section-height-default elementor-section-height-default\" data-id=\"cd9ad52\" data-element_type=\"section\" data-e-type=\"section\">\n\t\t\t\t\t\t<div class=\"elementor-container elementor-column-gap-default\">\n\t\t\t\t\t<div class=\"elementor-column elementor-col-33 elementor-top-column elementor-element elementor-element-4df3ace\" data-id=\"4df3ace\" data-element_type=\"column\" data-e-type=\"column\">\n\t\t\t<div class=\"elementor-widget-wrap elementor-element-populated\">\n\t\t\t\t\t\t<div class=\"elementor-element elementor-element-690c920 elementor-nav-menu__align-start elementor-nav-menu__text-align-center elementor-nav-menu--dropdown-tablet elementor-widget elementor-widget-nav-menu\" data-id=\"690c920\" data-element_type=\"widget\" data-e-type=\"widget\" data-settings=\"{&quot;layout&quot;:&quot;vertical&quot;,&quot;submenu_icon&quot;:{&quot;value&quot;:&quot;&lt;i class=\\&quot;fas fa-caret-down\\&quot; aria-hidden=\\&quot;true\\&quot;&gt;&lt;\\\/i&gt;&quot;,&quot;library&quot;:&quot;fa-solid&quot;}}\" data-widget_type=\"nav-menu.default\">\n\t\t\t\t<div class=\"elementor-widget-container\">\n\t\t\t\t\t\t\t\t<nav aria-label=\"Men\u00fa\" class=\"elementor-nav-menu--main elementor-nav-menu__container elementor-nav-menu--layout-vertical e--pointer-none\">\n\t\t\t\t<ul id=\"menu-1-690c920\" class=\"elementor-nav-menu sm-vertical\"><li class=\"menu-item menu-item-type-custom menu-item-object-custom menu-item-6796\"><a href=\"https:\/\/munigoicoechea.go.cr\/inicio\/plataforma-de-servicios\/\" class=\"elementor-item\">Formularios Plataforma de Servicios<\/a><\/li>\n<li class=\"menu-item menu-item-type-post_type menu-item-object-page menu-item-6508\"><a href=\"https:\/\/munigoicoechea.go.cr\/inicio\/declaracion-de-bienes-inmuebles\/\" class=\"elementor-item\">Formulario Declaraci\u00f3n de Bienes Inmuebles<\/a><\/li>\n<li class=\"menu-item menu-item-type-post_type menu-item-object-page menu-item-6553\"><a href=\"https:\/\/munigoicoechea.go.cr\/inicio\/formulario-declaracion-de-patentes\/\" class=\"elementor-item\">Formulario Declaraci\u00f3n de Patentes<\/a><\/li>\n<li class=\"menu-item menu-item-type-post_type menu-item-object-page menu-item-7283\"><a href=\"https:\/\/munigoicoechea.go.cr\/inicio\/solicitud-para-la-no-afectacion-del-impuesto-de-bienes-inmuebles-exoneracion\/\" class=\"elementor-item\">Solicitud para la NO afectaci\u00f3n del impuesto de bienes inmuebles (Exoneraci\u00f3n)<\/a><\/li>\n<\/ul>\t\t\t<\/nav>\n\t\t\t\t\t\t<nav class=\"elementor-nav-menu--dropdown elementor-nav-menu__container\" aria-hidden=\"true\">\n\t\t\t\t<ul id=\"menu-2-690c920\" class=\"elementor-nav-menu sm-vertical\"><li class=\"menu-item menu-item-type-custom menu-item-object-custom menu-item-6796\"><a href=\"https:\/\/munigoicoechea.go.cr\/inicio\/plataforma-de-servicios\/\" class=\"elementor-item\" tabindex=\"-1\">Formularios Plataforma de Servicios<\/a><\/li>\n<li class=\"menu-item menu-item-type-post_type menu-item-object-page menu-item-6508\"><a href=\"https:\/\/munigoicoechea.go.cr\/inicio\/declaracion-de-bienes-inmuebles\/\" class=\"elementor-item\" tabindex=\"-1\">Formulario Declaraci\u00f3n de Bienes Inmuebles<\/a><\/li>\n<li class=\"menu-item menu-item-type-post_type menu-item-object-page menu-item-6553\"><a href=\"https:\/\/munigoicoechea.go.cr\/inicio\/formulario-declaracion-de-patentes\/\" class=\"elementor-item\" tabindex=\"-1\">Formulario Declaraci\u00f3n de Patentes<\/a><\/li>\n<li class=\"menu-item menu-item-type-post_type menu-item-object-page menu-item-7283\"><a href=\"https:\/\/munigoicoechea.go.cr\/inicio\/solicitud-para-la-no-afectacion-del-impuesto-de-bienes-inmuebles-exoneracion\/\" class=\"elementor-item\" tabindex=\"-1\">Solicitud para la NO afectaci\u00f3n del impuesto de bienes inmuebles (Exoneraci\u00f3n)<\/a><\/li>\n<\/ul>\t\t\t<\/nav>\n\t\t\t\t\t\t<\/div>\n\t\t\t\t<\/div>\n\t\t\t\t\t<\/div>\n\t\t<\/div>\n\t\t\t\t<div class=\"elementor-column elementor-col-66 elementor-top-column elementor-element elementor-element-ec7d762\" data-id=\"ec7d762\" data-element_type=\"column\" data-e-type=\"column\">\n\t\t\t<div class=\"elementor-widget-wrap elementor-element-populated\">\n\t\t\t\t\t\t<div class=\"elementor-element elementor-element-c24274e elementor-widget elementor-widget-spacer\" data-id=\"c24274e\" data-element_type=\"widget\" data-e-type=\"widget\" data-widget_type=\"spacer.default\">\n\t\t\t\t<div class=\"elementor-widget-container\">\n\t\t\t\t\t\t\t<div class=\"elementor-spacer\">\n\t\t\t<div class=\"elementor-spacer-inner\"><\/div>\n\t\t<\/div>\n\t\t\t\t\t\t<\/div>\n\t\t\t\t<\/div>\n\t\t\t\t<div class=\"elementor-element elementor-element-dd15122 elementor-widget elementor-widget-heading\" data-id=\"dd15122\" data-element_type=\"widget\" data-e-type=\"widget\" data-widget_type=\"heading.default\">\n\t\t\t\t<div class=\"elementor-widget-container\">\n\t\t\t\t\t<h2 class=\"elementor-heading-title elementor-size-default\">Formulario declaraci\u00f3n de bienes inmuebles<\/h2>\t\t\t\t<\/div>\n\t\t\t\t<\/div>\n\t\t\t\t<div class=\"elementor-element elementor-element-81786ea elementor-widget elementor-widget-text-editor\" data-id=\"81786ea\" data-element_type=\"widget\" data-e-type=\"widget\" data-widget_type=\"text-editor.default\">\n\t\t\t\t<div class=\"elementor-widget-container\">\n\t\t\t\t\t\t\t\t\t<p><strong><a href=\"https:\/\/munigoicoechea.go.cr\/inicio\/wp-content\/uploads\/2025\/02\/M.Goico-Declaracion-de-Bienes-Inmuebles.pdf\" target=\"_blank\" rel=\"noopener\">AQU\u00cd<\/a>\u00a0puede descargar el formulario de la Declaraci\u00f3n de Bienes Inmuebles.<\/strong><\/p><p><strong><a href=\"https:\/\/munigoicoechea.go.cr\/inicio\/wp-content\/uploads\/2025\/02\/M.Goico-Instructivo-Declaracion-BI.pdf\">AQU\u00cd<\/a> puede descargar el instructivo para completar la declaraci\u00f3n de bienes inmuebles.<\/strong><\/p><div class=\"xdj266r x11i5rnm xat24cr x1mh8g0r x1vvkbs x126k92a\"><div dir=\"auto\"><p><strong>DECLARACIONES DE BIENES INMUEBLES SE RECIBEN TODO EL A\u00d1O<\/strong><\/p><p>El Departamento de Catastro de la Municipalidad de Goicoechea informa a la ciudadan\u00eda:<\/p><\/div><\/div><div class=\"x11i5rnm xat24cr x1mh8g0r x1vvkbs xtlvy1s x126k92a\"><div dir=\"auto\"><p>Al contribuyente se le recibir\u00e1, cualquier d\u00eda del a\u00f1o, la declaraci\u00f3n de bienes inmuebles de su propiedad.<\/p><\/div><\/div><div class=\"x11i5rnm xat24cr x1mh8g0r x1vvkbs xtlvy1s x126k92a\"><div dir=\"auto\"><p>Este es un tr\u00e1mite que se realiza CADA CINCO A\u00d1OS.<\/p><\/div><\/div><div class=\"x11i5rnm xat24cr x1mh8g0r x1vvkbs xtlvy1s x126k92a\"><div dir=\"auto\"><p>Hay dos opciones:<\/p><\/div><\/div><div class=\"x11i5rnm xat24cr x1mh8g0r x1vvkbs xtlvy1s x126k92a\"><div dir=\"auto\"><p>1. Que el due\u00f1o presente el formulario en el segundo piso del Palacio Municipal. Una persona autorizada con un poder tambi\u00e9n puede hacerlo.<\/p><\/div><\/div><div class=\"x11i5rnm xat24cr x1mh8g0r x1vvkbs xtlvy1s x126k92a\"><div dir=\"auto\"><p>2. Completarlo y enviarlo al correo:<\/p><\/div><\/div><div class=\"x11i5rnm xat24cr x1mh8g0r x1vvkbs xtlvy1s x126k92a\"><div dir=\"auto\"><p><strong><em><a href=\"mailto:catastro.avaluos@munigoicoechea.go.cr\">catastro.avaluos@munigoicoechea.go.cr<\/a><\/em><\/strong> con firma digital.<\/p><p>Adjuntar copia de la c\u00e9dula. Si se trata de una persona jur\u00eddica debe incluir la personer\u00eda al d\u00eda y copia de la c\u00e9dula de uno de los representantes.<\/p><\/div><\/div><div class=\"x11i5rnm xat24cr x1mh8g0r x1vvkbs xtlvy1s x126k92a\"><div dir=\"auto\"><p><span style=\"font-size: 18pt;\"><strong>EV\u00cdTESE MULTAS<\/strong><\/span><\/p><\/div><\/div><div class=\"x11i5rnm xat24cr x1mh8g0r x1vvkbs xtlvy1s x126k92a\"><div dir=\"auto\"><strong><em>CUALQUIER INFORMACI\u00d3N, LLAME AL 2527-6640 \/ 2527-6637<\/em><\/strong><\/div><\/div>\t\t\t\t\t\t\t\t<\/div>\n\t\t\t\t<\/div>\n\t\t\t\t<div class=\"elementor-element elementor-element-660eed5 elementor-widget elementor-widget-spacer\" data-id=\"660eed5\" data-element_type=\"widget\" data-e-type=\"widget\" data-widget_type=\"spacer.default\">\n\t\t\t\t<div class=\"elementor-widget-container\">\n\t\t\t\t\t\t\t<div class=\"elementor-spacer\">\n\t\t\t<div class=\"elementor-spacer-inner\"><\/div>\n\t\t<\/div>\n\t\t\t\t\t\t<\/div>\n\t\t\t\t<\/div>\n\t\t\t\t\t<\/div>\n\t\t<\/div>\n\t\t\t\t\t<\/div>\n\t\t<\/section>\n\t\t\t\t<\/div>\n\t\t","protected":false},"excerpt":{"rendered":"<p>Formulario declaraci\u00f3n de bienes inmuebles AQU\u00cd\u00a0puede descargar el formulario de la Declaraci\u00f3n de Bienes Inmuebles. AQU\u00cd puede descargar el instructivo para completar la declaraci\u00f3n de bienes inmuebles. DECLARACIONES DE BIENES INMUEBLES SE RECIBEN TODO EL A\u00d1O El Departamento de Catastro de la Municipalidad de Goicoechea informa a la ciudadan\u00eda: Al contribuyente se le recibir\u00e1, cualquier [&hellip;]<\/p>\n","protected":false},"author":2,"featured_media":0,"parent":0,"menu_order":0,"comment_status":"closed","ping_status":"closed","template":"elementor_header_footer","meta":{"_monsterinsights_skip_tracking":false,"_monsterinsights_sitenote_active":false,"_monsterinsights_sitenote_note":"","_monsterinsights_sitenote_category":0,"_joinchat":[],"footnotes":""},"class_list":["post-6497","page","type-page","status-publish","hentry"],"aioseo_notices":[],"yoast_head":"<!-- This site is optimized with the Yoast SEO plugin v27.1.1 - https:\/\/yoast.com\/product\/yoast-seo-wordpress\/ -->\n<title>Formulario Declaraci\u00f3n de Bienes Inmuebles &#8211; Municipalidad de Goicoechea<\/title>\n<meta name=\"robots\" content=\"index, follow, max-snippet:-1, max-image-preview:large, max-video-preview:-1\" \/>\n<link rel=\"canonical\" href=\"https:\/\/munigoicoechea.go.cr\/inicio\/declaracion-de-bienes-inmuebles\/\" \/>\n<meta property=\"og:locale\" content=\"es_ES\" \/>\n<meta property=\"og:type\" content=\"article\" \/>\n<meta property=\"og:title\" content=\"Formulario Declaraci\u00f3n de Bienes Inmuebles &#8211; Municipalidad de Goicoechea\" \/>\n<meta property=\"og:description\" content=\"Formulario declaraci\u00f3n de bienes inmuebles AQU\u00cd\u00a0puede descargar el formulario de la Declaraci\u00f3n de Bienes Inmuebles. AQU\u00cd puede descargar el instructivo para completar la declaraci\u00f3n de bienes inmuebles. DECLARACIONES DE BIENES INMUEBLES SE RECIBEN TODO EL A\u00d1O El Departamento de Catastro de la Municipalidad de Goicoechea informa a la ciudadan\u00eda: Al contribuyente se le recibir\u00e1, cualquier [&hellip;]\" \/>\n<meta property=\"og:url\" content=\"https:\/\/munigoicoechea.go.cr\/inicio\/declaracion-de-bienes-inmuebles\/\" \/>\n<meta property=\"og:site_name\" content=\"Municipalidad de Goicoechea\" \/>\n<meta property=\"article:publisher\" content=\"https:\/\/www.facebook.com\/munigoicooficial\/\" \/>\n<meta property=\"article:modified_time\" content=\"2025-11-12T21:45:18+00:00\" \/>\n<meta name=\"twitter:card\" content=\"summary_large_image\" \/>\n<meta name=\"twitter:label1\" content=\"Tiempo de lectura\" \/>\n\t<meta name=\"twitter:data1\" content=\"1 minuto\" \/>\n<script type=\"application\/ld+json\" class=\"yoast-schema-graph\">{\"@context\":\"https:\/\/schema.org\",\"@graph\":[{\"@type\":\"WebPage\",\"@id\":\"https:\/\/munigoicoechea.go.cr\/inicio\/declaracion-de-bienes-inmuebles\/\",\"url\":\"https:\/\/munigoicoechea.go.cr\/inicio\/declaracion-de-bienes-inmuebles\/\",\"name\":\"Formulario Declaraci\u00f3n de Bienes Inmuebles &#8211; Municipalidad de Goicoechea\",\"isPartOf\":{\"@id\":\"https:\/\/munigoicoechea.go.cr\/inicio\/#website\"},\"datePublished\":\"2021-09-15T04:34:19+00:00\",\"dateModified\":\"2025-11-12T21:45:18+00:00\",\"breadcrumb\":{\"@id\":\"https:\/\/munigoicoechea.go.cr\/inicio\/declaracion-de-bienes-inmuebles\/#breadcrumb\"},\"inLanguage\":\"es\",\"potentialAction\":[{\"@type\":\"ReadAction\",\"target\":[\"https:\/\/munigoicoechea.go.cr\/inicio\/declaracion-de-bienes-inmuebles\/\"]}]},{\"@type\":\"BreadcrumbList\",\"@id\":\"https:\/\/munigoicoechea.go.cr\/inicio\/declaracion-de-bienes-inmuebles\/#breadcrumb\",\"itemListElement\":[{\"@type\":\"ListItem\",\"position\":1,\"name\":\"Portada\",\"item\":\"https:\/\/munigoicoechea.go.cr\/inicio\/\"},{\"@type\":\"ListItem\",\"position\":2,\"name\":\"Formulario Declaraci\u00f3n de Bienes Inmuebles\"}]},{\"@type\":\"WebSite\",\"@id\":\"https:\/\/munigoicoechea.go.cr\/inicio\/#website\",\"url\":\"https:\/\/munigoicoechea.go.cr\/inicio\/\",\"name\":\"Municipalidad de Goicoechea\",\"description\":\"\u00a1Hacemos que las cosas sucedan!\",\"publisher\":{\"@id\":\"https:\/\/munigoicoechea.go.cr\/inicio\/#organization\"},\"potentialAction\":[{\"@type\":\"SearchAction\",\"target\":{\"@type\":\"EntryPoint\",\"urlTemplate\":\"https:\/\/munigoicoechea.go.cr\/inicio\/?s={search_term_string}\"},\"query-input\":{\"@type\":\"PropertyValueSpecification\",\"valueRequired\":true,\"valueName\":\"search_term_string\"}}],\"inLanguage\":\"es\"},{\"@type\":\"Organization\",\"@id\":\"https:\/\/munigoicoechea.go.cr\/inicio\/#organization\",\"name\":\"Municipalidad de Goicoechea\",\"url\":\"https:\/\/munigoicoechea.go.cr\/inicio\/\",\"logo\":{\"@type\":\"ImageObject\",\"inLanguage\":\"es\",\"@id\":\"https:\/\/munigoicoechea.go.cr\/inicio\/#\/schema\/logo\/image\/\",\"url\":\"https:\/\/i0.wp.com\/munigoicoechea.go.cr\/inicio\/wp-content\/uploads\/2021\/09\/cropped-cropped-Logo_Oficial-300x290-1.png?fit=512%2C512&ssl=1\",\"contentUrl\":\"https:\/\/i0.wp.com\/munigoicoechea.go.cr\/inicio\/wp-content\/uploads\/2021\/09\/cropped-cropped-Logo_Oficial-300x290-1.png?fit=512%2C512&ssl=1\",\"width\":512,\"height\":512,\"caption\":\"Municipalidad de Goicoechea\"},\"image\":{\"@id\":\"https:\/\/munigoicoechea.go.cr\/inicio\/#\/schema\/logo\/image\/\"},\"sameAs\":[\"https:\/\/www.facebook.com\/munigoicooficial\/\",\"https:\/\/www.youtube.com\/channel\/UCdAVgrbooTmXJlBeYMusKiA?reload=9\"]}]}<\/script>\n<!-- \/ Yoast SEO plugin. -->","yoast_head_json":{"title":"Formulario Declaraci\u00f3n de Bienes Inmuebles &#8211; Municipalidad de Goicoechea","robots":{"index":"index","follow":"follow","max-snippet":"max-snippet:-1","max-image-preview":"max-image-preview:large","max-video-preview":"max-video-preview:-1"},"canonical":"https:\/\/munigoicoechea.go.cr\/inicio\/declaracion-de-bienes-inmuebles\/","og_locale":"es_ES","og_type":"article","og_title":"Formulario Declaraci\u00f3n de Bienes Inmuebles &#8211; Municipalidad de Goicoechea","og_description":"Formulario declaraci\u00f3n de bienes inmuebles AQU\u00cd\u00a0puede descargar el formulario de la Declaraci\u00f3n de Bienes Inmuebles. AQU\u00cd puede descargar el instructivo para completar la declaraci\u00f3n de bienes inmuebles. DECLARACIONES DE BIENES INMUEBLES SE RECIBEN TODO EL A\u00d1O El Departamento de Catastro de la Municipalidad de Goicoechea informa a la ciudadan\u00eda: Al contribuyente se le recibir\u00e1, cualquier [&hellip;]","og_url":"https:\/\/munigoicoechea.go.cr\/inicio\/declaracion-de-bienes-inmuebles\/","og_site_name":"Municipalidad de Goicoechea","article_publisher":"https:\/\/www.facebook.com\/munigoicooficial\/","article_modified_time":"2025-11-12T21:45:18+00:00","twitter_card":"summary_large_image","twitter_misc":{"Tiempo de lectura":"1 minuto"},"schema":{"@context":"https:\/\/schema.org","@graph":[{"@type":"WebPage","@id":"https:\/\/munigoicoechea.go.cr\/inicio\/declaracion-de-bienes-inmuebles\/","url":"https:\/\/munigoicoechea.go.cr\/inicio\/declaracion-de-bienes-inmuebles\/","name":"Formulario Declaraci\u00f3n de Bienes Inmuebles &#8211; Municipalidad de Goicoechea","isPartOf":{"@id":"https:\/\/munigoicoechea.go.cr\/inicio\/#website"},"datePublished":"2021-09-15T04:34:19+00:00","dateModified":"2025-11-12T21:45:18+00:00","breadcrumb":{"@id":"https:\/\/munigoicoechea.go.cr\/inicio\/declaracion-de-bienes-inmuebles\/#breadcrumb"},"inLanguage":"es","potentialAction":[{"@type":"ReadAction","target":["https:\/\/munigoicoechea.go.cr\/inicio\/declaracion-de-bienes-inmuebles\/"]}]},{"@type":"BreadcrumbList","@id":"https:\/\/munigoicoechea.go.cr\/inicio\/declaracion-de-bienes-inmuebles\/#breadcrumb","itemListElement":[{"@type":"ListItem","position":1,"name":"Portada","item":"https:\/\/munigoicoechea.go.cr\/inicio\/"},{"@type":"ListItem","position":2,"name":"Formulario Declaraci\u00f3n de Bienes Inmuebles"}]},{"@type":"WebSite","@id":"https:\/\/munigoicoechea.go.cr\/inicio\/#website","url":"https:\/\/munigoicoechea.go.cr\/inicio\/","name":"Municipalidad de Goicoechea","description":"\u00a1Hacemos que las cosas sucedan!","publisher":{"@id":"https:\/\/munigoicoechea.go.cr\/inicio\/#organization"},"potentialAction":[{"@type":"SearchAction","target":{"@type":"EntryPoint","urlTemplate":"https:\/\/munigoicoechea.go.cr\/inicio\/?s={search_term_string}"},"query-input":{"@type":"PropertyValueSpecification","valueRequired":true,"valueName":"search_term_string"}}],"inLanguage":"es"},{"@type":"Organization","@id":"https:\/\/munigoicoechea.go.cr\/inicio\/#organization","name":"Municipalidad de Goicoechea","url":"https:\/\/munigoicoechea.go.cr\/inicio\/","logo":{"@type":"ImageObject","inLanguage":"es","@id":"https:\/\/munigoicoechea.go.cr\/inicio\/#\/schema\/logo\/image\/","url":"https:\/\/i0.wp.com\/munigoicoechea.go.cr\/inicio\/wp-content\/uploads\/2021\/09\/cropped-cropped-Logo_Oficial-300x290-1.png?fit=512%2C512&ssl=1","contentUrl":"https:\/\/i0.wp.com\/munigoicoechea.go.cr\/inicio\/wp-content\/uploads\/2021\/09\/cropped-cropped-Logo_Oficial-300x290-1.png?fit=512%2C512&ssl=1","width":512,"height":512,"caption":"Municipalidad de Goicoechea"},"image":{"@id":"https:\/\/munigoicoechea.go.cr\/inicio\/#\/schema\/logo\/image\/"},"sameAs":["https:\/\/www.facebook.com\/munigoicooficial\/","https:\/\/www.youtube.com\/channel\/UCdAVgrbooTmXJlBeYMusKiA?reload=9"]}]}},"jetpack_sharing_enabled":true,"_links":{"self":[{"href":"https:\/\/munigoicoechea.go.cr\/inicio\/wp-json\/wp\/v2\/pages\/6497","targetHints":{"allow":["GET"]}}],"collection":[{"href":"https:\/\/munigoicoechea.go.cr\/inicio\/wp-json\/wp\/v2\/pages"}],"about":[{"href":"https:\/\/munigoicoechea.go.cr\/inicio\/wp-json\/wp\/v2\/types\/page"}],"author":[{"embeddable":true,"href":"https:\/\/munigoicoechea.go.cr\/inicio\/wp-json\/wp\/v2\/users\/2"}],"replies":[{"embeddable":true,"href":"https:\/\/munigoicoechea.go.cr\/inicio\/wp-json\/wp\/v2\/comments?post=6497"}],"version-history":[{"count":62,"href":"https:\/\/munigoicoechea.go.cr\/inicio\/wp-json\/wp\/v2\/pages\/6497\/revisions"}],"predecessor-version":[{"id":13510,"href":"https:\/\/munigoicoechea.go.cr\/inicio\/wp-json\/wp\/v2\/pages\/6497\/revisions\/13510"}],"wp:attachment":[{"href":"https:\/\/munigoicoechea.go.cr\/inicio\/wp-json\/wp\/v2\/media?parent=6497"}],"curies":[{"name":"wp","href":"https:\/\/api.w.org\/{rel}","templated":true}]}}