{"id":6542,"date":"2021-09-15T04:46:47","date_gmt":"2021-09-15T04:46:47","guid":{"rendered":"https:\/\/munigoicoechea.go.cr\/inicio\/?page_id=6542"},"modified":"2024-11-11T15:48:56","modified_gmt":"2024-11-11T15:48:56","slug":"oficina-de-la-diversidad","status":"publish","type":"page","link":"https:\/\/munigoicoechea.go.cr\/inicio\/oficina-de-la-diversidad\/","title":{"rendered":"Oficina de la diversidad"},"content":{"rendered":"\t\t<div data-elementor-type=\"wp-page\" data-elementor-id=\"6542\" class=\"elementor elementor-6542\" data-elementor-post-type=\"page\">\n\t\t\t\t\t\t<section class=\"elementor-section elementor-top-section elementor-element elementor-element-691cdc1 elementor-section-full_width elementor-section-height-default elementor-section-height-default\" data-id=\"691cdc1\" data-element_type=\"section\" data-e-type=\"section\" data-settings=\"{&quot;background_background&quot;:&quot;classic&quot;}\">\n\t\t\t\t\t\t<div class=\"elementor-container elementor-column-gap-no\">\n\t\t\t\t\t<div class=\"elementor-column elementor-col-100 elementor-top-column elementor-element elementor-element-8082834\" data-id=\"8082834\" data-element_type=\"column\" data-e-type=\"column\">\n\t\t\t<div class=\"elementor-widget-wrap elementor-element-populated\">\n\t\t\t\t\t\t<div class=\"elementor-element elementor-element-fce41d5 elementor-widget elementor-widget-spacer\" data-id=\"fce41d5\" data-element_type=\"widget\" data-e-type=\"widget\" data-widget_type=\"spacer.default\">\n\t\t\t\t<div class=\"elementor-widget-container\">\n\t\t\t\t\t\t\t<div class=\"elementor-spacer\">\n\t\t\t<div class=\"elementor-spacer-inner\"><\/div>\n\t\t<\/div>\n\t\t\t\t\t\t<\/div>\n\t\t\t\t<\/div>\n\t\t\t\t<div class=\"elementor-element elementor-element-21fa9df elementor-widget elementor-widget-heading\" data-id=\"21fa9df\" data-element_type=\"widget\" data-e-type=\"widget\" data-widget_type=\"heading.default\">\n\t\t\t\t<div class=\"elementor-widget-container\">\n\t\t\t\t\t<h2 class=\"elementor-heading-title elementor-size-default\">Oficina de la Diversidad<\/h2>\t\t\t\t<\/div>\n\t\t\t\t<\/div>\n\t\t\t\t<div class=\"elementor-element elementor-element-7d7569e elementor-widget elementor-widget-text-editor\" data-id=\"7d7569e\" data-element_type=\"widget\" data-e-type=\"widget\" data-widget_type=\"text-editor.default\">\n\t\t\t\t<div class=\"elementor-widget-container\">\n\t\t\t\t\t\t\t\t\t<p>A continuaci\u00f3n se detallan las funciones y servicios que brinda la Oficina de la Diversidad para los ciudadanos.<\/p>\t\t\t\t\t\t\t\t<\/div>\n\t\t\t\t<\/div>\n\t\t\t\t<div class=\"elementor-element elementor-element-51d537d elementor-widget elementor-widget-spacer\" data-id=\"51d537d\" data-element_type=\"widget\" data-e-type=\"widget\" data-widget_type=\"spacer.default\">\n\t\t\t\t<div class=\"elementor-widget-container\">\n\t\t\t\t\t\t\t<div class=\"elementor-spacer\">\n\t\t\t<div class=\"elementor-spacer-inner\"><\/div>\n\t\t<\/div>\n\t\t\t\t\t\t<\/div>\n\t\t\t\t<\/div>\n\t\t\t\t\t<\/div>\n\t\t<\/div>\n\t\t\t\t\t<\/div>\n\t\t<\/section>\n\t\t\t\t<section class=\"elementor-section elementor-top-section elementor-element elementor-element-2d4d9b7 elementor-section-boxed elementor-section-height-default elementor-section-height-default\" data-id=\"2d4d9b7\" data-element_type=\"section\" data-e-type=\"section\">\n\t\t\t\t\t\t<div class=\"elementor-container elementor-column-gap-default\">\n\t\t\t\t\t<div class=\"elementor-column elementor-col-100 elementor-top-column elementor-element elementor-element-036d0d0\" data-id=\"036d0d0\" data-element_type=\"column\" data-e-type=\"column\">\n\t\t\t<div class=\"elementor-widget-wrap elementor-element-populated\">\n\t\t\t\t\t\t<div class=\"elementor-element elementor-element-2de12e3 elementor-widget elementor-widget-spacer\" data-id=\"2de12e3\" data-element_type=\"widget\" data-e-type=\"widget\" data-widget_type=\"spacer.default\">\n\t\t\t\t<div class=\"elementor-widget-container\">\n\t\t\t\t\t\t\t<div class=\"elementor-spacer\">\n\t\t\t<div class=\"elementor-spacer-inner\"><\/div>\n\t\t<\/div>\n\t\t\t\t\t\t<\/div>\n\t\t\t\t<\/div>\n\t\t\t\t<div class=\"elementor-element elementor-element-93704f2 elementor-widget elementor-widget-text-editor\" data-id=\"93704f2\" data-element_type=\"widget\" data-e-type=\"widget\" data-widget_type=\"text-editor.default\">\n\t\t\t\t<div class=\"elementor-widget-container\">\n\t\t\t\t\t\t\t\t\t<p><span style=\"color: #1c3d77;\"><strong><span style=\"font-size: 14pt;\">FUNCIONES<\/span><\/strong><\/span><\/p><ul><li>Velar por la promoci\u00f3n y defensa de la Declaraci\u00f3n Universal de Los Derechos Humanos.<\/li><li>Sensibilizaci\u00f3n dentro de la instituci\u00f3n Municipal y del Cant\u00f3n de Goicoechea.<\/li><li>Promoci\u00f3n de la igualdad y equidad de las personas que son v\u00edctimas de alg\u00fan tipo de discriminaci\u00f3n.<\/li><li>Integraci\u00f3n, Representatividad Social. Capacitaciones.<\/li><li>Promoci\u00f3n del Reglamento Interno contra la Discriminaci\u00f3n.<\/li><li>Divulgaci\u00f3n, comunicaci\u00f3n.<\/li><li>Apertura al cambio.<\/li><li>Direccionamiento de acciones, alianzas estrat\u00e9gicas locales y externas.<\/li><li>Movilizaci\u00f3n de iniciativas populares.<\/li><\/ul><p><span style=\"font-size: 14pt; color: #1c3d77;\"><strong>DECLARATORIA DEL CANT\u00d3N LIBRE DE ESTIGMA Y DISCRIMINACI\u00d3N<\/strong><\/span><\/p><p>Consulte la pol\u00edtica p\u00fablica cantonal <strong><a href=\"https:\/\/munigoicoechea.go.cr\/inicio\/wp-content\/uploads\/2024\/11\/declaratoria-libreestigma.pdf\" target=\"_blank\" rel=\"noopener\">AQU\u00cd<\/a><\/strong><\/p><p><b><span style=\"color: #1c3d77;\">Funcionario a cargo:<\/span><br \/><\/b>Licda. Roc\u00edo S\u00e1nchez Jim\u00e9nez<br \/>Jefa a.i. Oficina de Diversidad<br \/>Tel\u00e9fono: 2527-6679<\/p>\t\t\t\t\t\t\t\t<\/div>\n\t\t\t\t<\/div>\n\t\t\t\t\t<\/div>\n\t\t<\/div>\n\t\t\t\t\t<\/div>\n\t\t<\/section>\n\t\t\t\t<\/div>\n\t\t","protected":false},"excerpt":{"rendered":"<p>Oficina de la Diversidad A continuaci\u00f3n se detallan las funciones y servicios que brinda la Oficina de la Diversidad para los ciudadanos. FUNCIONES Velar por la promoci\u00f3n y defensa de la Declaraci\u00f3n Universal de Los Derechos Humanos. Sensibilizaci\u00f3n dentro de la instituci\u00f3n Municipal y del Cant\u00f3n de Goicoechea. Promoci\u00f3n de la igualdad y equidad de [&hellip;]<\/p>\n","protected":false},"author":37,"featured_media":0,"parent":0,"menu_order":0,"comment_status":"closed","ping_status":"closed","template":"elementor_header_footer","meta":{"_monsterinsights_skip_tracking":false,"_monsterinsights_sitenote_active":false,"_monsterinsights_sitenote_note":"","_monsterinsights_sitenote_category":0,"_joinchat":[],"footnotes":""},"class_list":["post-6542","page","type-page","status-publish","hentry"],"aioseo_notices":[],"yoast_head":"<!-- This site is optimized with the Yoast SEO plugin v27.1.1 - https:\/\/yoast.com\/product\/yoast-seo-wordpress\/ -->\n<title>Oficina de la diversidad &#8211; Municipalidad de Goicoechea<\/title>\n<meta name=\"robots\" content=\"index, follow, max-snippet:-1, max-image-preview:large, max-video-preview:-1\" \/>\n<link rel=\"canonical\" href=\"https:\/\/munigoicoechea.go.cr\/inicio\/oficina-de-la-diversidad\/\" \/>\n<meta property=\"og:locale\" content=\"es_ES\" \/>\n<meta property=\"og:type\" content=\"article\" \/>\n<meta property=\"og:title\" content=\"Oficina de la diversidad &#8211; Municipalidad de Goicoechea\" \/>\n<meta property=\"og:description\" content=\"Oficina de la Diversidad A continuaci\u00f3n se detallan las funciones y servicios que brinda la Oficina de la Diversidad para los ciudadanos. FUNCIONES Velar por la promoci\u00f3n y defensa de la Declaraci\u00f3n Universal de Los Derechos Humanos. Sensibilizaci\u00f3n dentro de la instituci\u00f3n Municipal y del Cant\u00f3n de Goicoechea. Promoci\u00f3n de la igualdad y equidad de [&hellip;]\" \/>\n<meta property=\"og:url\" content=\"https:\/\/munigoicoechea.go.cr\/inicio\/oficina-de-la-diversidad\/\" \/>\n<meta property=\"og:site_name\" content=\"Municipalidad de Goicoechea\" \/>\n<meta property=\"article:publisher\" content=\"https:\/\/www.facebook.com\/munigoicooficial\/\" \/>\n<meta property=\"article:modified_time\" content=\"2024-11-11T15:48:56+00:00\" \/>\n<meta name=\"twitter:card\" content=\"summary_large_image\" \/>\n<meta name=\"twitter:label1\" content=\"Tiempo de lectura\" \/>\n\t<meta name=\"twitter:data1\" content=\"1 minuto\" \/>\n<script type=\"application\/ld+json\" class=\"yoast-schema-graph\">{\"@context\":\"https:\/\/schema.org\",\"@graph\":[{\"@type\":\"WebPage\",\"@id\":\"https:\/\/munigoicoechea.go.cr\/inicio\/oficina-de-la-diversidad\/\",\"url\":\"https:\/\/munigoicoechea.go.cr\/inicio\/oficina-de-la-diversidad\/\",\"name\":\"Oficina de la diversidad &#8211; Municipalidad de Goicoechea\",\"isPartOf\":{\"@id\":\"https:\/\/munigoicoechea.go.cr\/inicio\/#website\"},\"datePublished\":\"2021-09-15T04:46:47+00:00\",\"dateModified\":\"2024-11-11T15:48:56+00:00\",\"breadcrumb\":{\"@id\":\"https:\/\/munigoicoechea.go.cr\/inicio\/oficina-de-la-diversidad\/#breadcrumb\"},\"inLanguage\":\"es\",\"potentialAction\":[{\"@type\":\"ReadAction\",\"target\":[\"https:\/\/munigoicoechea.go.cr\/inicio\/oficina-de-la-diversidad\/\"]}]},{\"@type\":\"BreadcrumbList\",\"@id\":\"https:\/\/munigoicoechea.go.cr\/inicio\/oficina-de-la-diversidad\/#breadcrumb\",\"itemListElement\":[{\"@type\":\"ListItem\",\"position\":1,\"name\":\"Portada\",\"item\":\"https:\/\/munigoicoechea.go.cr\/inicio\/\"},{\"@type\":\"ListItem\",\"position\":2,\"name\":\"Oficina de la diversidad\"}]},{\"@type\":\"WebSite\",\"@id\":\"https:\/\/munigoicoechea.go.cr\/inicio\/#website\",\"url\":\"https:\/\/munigoicoechea.go.cr\/inicio\/\",\"name\":\"Municipalidad de Goicoechea\",\"description\":\"\u00a1Hacemos que las cosas sucedan!\",\"publisher\":{\"@id\":\"https:\/\/munigoicoechea.go.cr\/inicio\/#organization\"},\"potentialAction\":[{\"@type\":\"SearchAction\",\"target\":{\"@type\":\"EntryPoint\",\"urlTemplate\":\"https:\/\/munigoicoechea.go.cr\/inicio\/?s={search_term_string}\"},\"query-input\":{\"@type\":\"PropertyValueSpecification\",\"valueRequired\":true,\"valueName\":\"search_term_string\"}}],\"inLanguage\":\"es\"},{\"@type\":\"Organization\",\"@id\":\"https:\/\/munigoicoechea.go.cr\/inicio\/#organization\",\"name\":\"Municipalidad de Goicoechea\",\"url\":\"https:\/\/munigoicoechea.go.cr\/inicio\/\",\"logo\":{\"@type\":\"ImageObject\",\"inLanguage\":\"es\",\"@id\":\"https:\/\/munigoicoechea.go.cr\/inicio\/#\/schema\/logo\/image\/\",\"url\":\"https:\/\/i0.wp.com\/munigoicoechea.go.cr\/inicio\/wp-content\/uploads\/2021\/09\/cropped-cropped-Logo_Oficial-300x290-1.png?fit=512%2C512&ssl=1\",\"contentUrl\":\"https:\/\/i0.wp.com\/munigoicoechea.go.cr\/inicio\/wp-content\/uploads\/2021\/09\/cropped-cropped-Logo_Oficial-300x290-1.png?fit=512%2C512&ssl=1\",\"width\":512,\"height\":512,\"caption\":\"Municipalidad de Goicoechea\"},\"image\":{\"@id\":\"https:\/\/munigoicoechea.go.cr\/inicio\/#\/schema\/logo\/image\/\"},\"sameAs\":[\"https:\/\/www.facebook.com\/munigoicooficial\/\",\"https:\/\/www.youtube.com\/channel\/UCdAVgrbooTmXJlBeYMusKiA?reload=9\"]}]}<\/script>\n<!-- \/ Yoast SEO plugin. -->","yoast_head_json":{"title":"Oficina de la diversidad &#8211; Municipalidad de Goicoechea","robots":{"index":"index","follow":"follow","max-snippet":"max-snippet:-1","max-image-preview":"max-image-preview:large","max-video-preview":"max-video-preview:-1"},"canonical":"https:\/\/munigoicoechea.go.cr\/inicio\/oficina-de-la-diversidad\/","og_locale":"es_ES","og_type":"article","og_title":"Oficina de la diversidad &#8211; Municipalidad de Goicoechea","og_description":"Oficina de la Diversidad A continuaci\u00f3n se detallan las funciones y servicios que brinda la Oficina de la Diversidad para los ciudadanos. FUNCIONES Velar por la promoci\u00f3n y defensa de la Declaraci\u00f3n Universal de Los Derechos Humanos. Sensibilizaci\u00f3n dentro de la instituci\u00f3n Municipal y del Cant\u00f3n de Goicoechea. Promoci\u00f3n de la igualdad y equidad de [&hellip;]","og_url":"https:\/\/munigoicoechea.go.cr\/inicio\/oficina-de-la-diversidad\/","og_site_name":"Municipalidad de Goicoechea","article_publisher":"https:\/\/www.facebook.com\/munigoicooficial\/","article_modified_time":"2024-11-11T15:48:56+00:00","twitter_card":"summary_large_image","twitter_misc":{"Tiempo de lectura":"1 minuto"},"schema":{"@context":"https:\/\/schema.org","@graph":[{"@type":"WebPage","@id":"https:\/\/munigoicoechea.go.cr\/inicio\/oficina-de-la-diversidad\/","url":"https:\/\/munigoicoechea.go.cr\/inicio\/oficina-de-la-diversidad\/","name":"Oficina de la diversidad &#8211; Municipalidad de Goicoechea","isPartOf":{"@id":"https:\/\/munigoicoechea.go.cr\/inicio\/#website"},"datePublished":"2021-09-15T04:46:47+00:00","dateModified":"2024-11-11T15:48:56+00:00","breadcrumb":{"@id":"https:\/\/munigoicoechea.go.cr\/inicio\/oficina-de-la-diversidad\/#breadcrumb"},"inLanguage":"es","potentialAction":[{"@type":"ReadAction","target":["https:\/\/munigoicoechea.go.cr\/inicio\/oficina-de-la-diversidad\/"]}]},{"@type":"BreadcrumbList","@id":"https:\/\/munigoicoechea.go.cr\/inicio\/oficina-de-la-diversidad\/#breadcrumb","itemListElement":[{"@type":"ListItem","position":1,"name":"Portada","item":"https:\/\/munigoicoechea.go.cr\/inicio\/"},{"@type":"ListItem","position":2,"name":"Oficina de la diversidad"}]},{"@type":"WebSite","@id":"https:\/\/munigoicoechea.go.cr\/inicio\/#website","url":"https:\/\/munigoicoechea.go.cr\/inicio\/","name":"Municipalidad de Goicoechea","description":"\u00a1Hacemos que las cosas sucedan!","publisher":{"@id":"https:\/\/munigoicoechea.go.cr\/inicio\/#organization"},"potentialAction":[{"@type":"SearchAction","target":{"@type":"EntryPoint","urlTemplate":"https:\/\/munigoicoechea.go.cr\/inicio\/?s={search_term_string}"},"query-input":{"@type":"PropertyValueSpecification","valueRequired":true,"valueName":"search_term_string"}}],"inLanguage":"es"},{"@type":"Organization","@id":"https:\/\/munigoicoechea.go.cr\/inicio\/#organization","name":"Municipalidad de Goicoechea","url":"https:\/\/munigoicoechea.go.cr\/inicio\/","logo":{"@type":"ImageObject","inLanguage":"es","@id":"https:\/\/munigoicoechea.go.cr\/inicio\/#\/schema\/logo\/image\/","url":"https:\/\/i0.wp.com\/munigoicoechea.go.cr\/inicio\/wp-content\/uploads\/2021\/09\/cropped-cropped-Logo_Oficial-300x290-1.png?fit=512%2C512&ssl=1","contentUrl":"https:\/\/i0.wp.com\/munigoicoechea.go.cr\/inicio\/wp-content\/uploads\/2021\/09\/cropped-cropped-Logo_Oficial-300x290-1.png?fit=512%2C512&ssl=1","width":512,"height":512,"caption":"Municipalidad de Goicoechea"},"image":{"@id":"https:\/\/munigoicoechea.go.cr\/inicio\/#\/schema\/logo\/image\/"},"sameAs":["https:\/\/www.facebook.com\/munigoicooficial\/","https:\/\/www.youtube.com\/channel\/UCdAVgrbooTmXJlBeYMusKiA?reload=9"]}]}},"jetpack_sharing_enabled":true,"_links":{"self":[{"href":"https:\/\/munigoicoechea.go.cr\/inicio\/wp-json\/wp\/v2\/pages\/6542","targetHints":{"allow":["GET"]}}],"collection":[{"href":"https:\/\/munigoicoechea.go.cr\/inicio\/wp-json\/wp\/v2\/pages"}],"about":[{"href":"https:\/\/munigoicoechea.go.cr\/inicio\/wp-json\/wp\/v2\/types\/page"}],"author":[{"embeddable":true,"href":"https:\/\/munigoicoechea.go.cr\/inicio\/wp-json\/wp\/v2\/users\/37"}],"replies":[{"embeddable":true,"href":"https:\/\/munigoicoechea.go.cr\/inicio\/wp-json\/wp\/v2\/comments?post=6542"}],"version-history":[{"count":22,"href":"https:\/\/munigoicoechea.go.cr\/inicio\/wp-json\/wp\/v2\/pages\/6542\/revisions"}],"predecessor-version":[{"id":12896,"href":"https:\/\/munigoicoechea.go.cr\/inicio\/wp-json\/wp\/v2\/pages\/6542\/revisions\/12896"}],"wp:attachment":[{"href":"https:\/\/munigoicoechea.go.cr\/inicio\/wp-json\/wp\/v2\/media?parent=6542"}],"curies":[{"name":"wp","href":"https:\/\/api.w.org\/{rel}","templated":true}]}}