{"id":6642,"date":"2021-09-15T06:17:05","date_gmt":"2021-09-15T06:17:05","guid":{"rendered":"https:\/\/munigoicoechea.go.cr\/inicio\/?page_id=6642"},"modified":"2022-06-08T18:57:43","modified_gmt":"2022-06-08T18:57:43","slug":"policia-municipal","status":"publish","type":"page","link":"https:\/\/munigoicoechea.go.cr\/inicio\/policia-municipal\/","title":{"rendered":"Polic\u00eda Municipal"},"content":{"rendered":"\t\t<div data-elementor-type=\"wp-page\" data-elementor-id=\"6642\" class=\"elementor elementor-6642\" data-elementor-post-type=\"page\">\n\t\t\t\t\t\t<section class=\"elementor-section elementor-top-section elementor-element elementor-element-dc6da36 elementor-section-full_width elementor-section-height-default elementor-section-height-default\" data-id=\"dc6da36\" data-element_type=\"section\" data-e-type=\"section\">\n\t\t\t\t\t\t<div class=\"elementor-container elementor-column-gap-no\">\n\t\t\t\t\t<div class=\"elementor-column elementor-col-100 elementor-top-column elementor-element elementor-element-a055c3c\" data-id=\"a055c3c\" data-element_type=\"column\" data-e-type=\"column\">\n\t\t\t<div class=\"elementor-widget-wrap elementor-element-populated\">\n\t\t\t\t\t\t<div class=\"elementor-element elementor-element-eb56c76 elementor-widget elementor-widget-spacer\" data-id=\"eb56c76\" data-element_type=\"widget\" data-e-type=\"widget\" data-widget_type=\"spacer.default\">\n\t\t\t\t<div class=\"elementor-widget-container\">\n\t\t\t\t\t\t\t<div class=\"elementor-spacer\">\n\t\t\t<div class=\"elementor-spacer-inner\"><\/div>\n\t\t<\/div>\n\t\t\t\t\t\t<\/div>\n\t\t\t\t<\/div>\n\t\t\t\t\t<\/div>\n\t\t<\/div>\n\t\t\t\t\t<\/div>\n\t\t<\/section>\n\t\t\t\t<section class=\"elementor-section elementor-top-section elementor-element elementor-element-1c85455 elementor-section-full_width elementor-section-height-default elementor-section-height-default\" data-id=\"1c85455\" data-element_type=\"section\" data-e-type=\"section\" data-settings=\"{&quot;background_background&quot;:&quot;classic&quot;}\">\n\t\t\t\t\t\t<div class=\"elementor-container elementor-column-gap-no\">\n\t\t\t\t\t<div class=\"elementor-column elementor-col-100 elementor-top-column elementor-element elementor-element-5c32595\" data-id=\"5c32595\" data-element_type=\"column\" data-e-type=\"column\">\n\t\t\t<div class=\"elementor-widget-wrap elementor-element-populated\">\n\t\t\t\t\t\t<div class=\"elementor-element elementor-element-386bd8f elementor-widget elementor-widget-spacer\" data-id=\"386bd8f\" data-element_type=\"widget\" data-e-type=\"widget\" data-widget_type=\"spacer.default\">\n\t\t\t\t<div class=\"elementor-widget-container\">\n\t\t\t\t\t\t\t<div class=\"elementor-spacer\">\n\t\t\t<div class=\"elementor-spacer-inner\"><\/div>\n\t\t<\/div>\n\t\t\t\t\t\t<\/div>\n\t\t\t\t<\/div>\n\t\t\t\t<div class=\"elementor-element elementor-element-508231c elementor-widget elementor-widget-heading\" data-id=\"508231c\" data-element_type=\"widget\" data-e-type=\"widget\" data-widget_type=\"heading.default\">\n\t\t\t\t<div class=\"elementor-widget-container\">\n\t\t\t\t\t<h2 class=\"elementor-heading-title elementor-size-default\">Polic\u00eda Municipal<\/h2>\t\t\t\t<\/div>\n\t\t\t\t<\/div>\n\t\t\t\t<div class=\"elementor-element elementor-element-a0614ea elementor-widget elementor-widget-text-editor\" data-id=\"a0614ea\" data-element_type=\"widget\" data-e-type=\"widget\" data-widget_type=\"text-editor.default\">\n\t\t\t\t<div class=\"elementor-widget-container\">\n\t\t\t\t\t\t\t\t\t<p>\u00a0Brindar seguridad a nuestro cant\u00f3n es nuestra principal funci\u00f3n.<\/p>\t\t\t\t\t\t\t\t<\/div>\n\t\t\t\t<\/div>\n\t\t\t\t<div class=\"elementor-element elementor-element-6b70b15 elementor-widget elementor-widget-spacer\" data-id=\"6b70b15\" data-element_type=\"widget\" data-e-type=\"widget\" data-widget_type=\"spacer.default\">\n\t\t\t\t<div class=\"elementor-widget-container\">\n\t\t\t\t\t\t\t<div class=\"elementor-spacer\">\n\t\t\t<div class=\"elementor-spacer-inner\"><\/div>\n\t\t<\/div>\n\t\t\t\t\t\t<\/div>\n\t\t\t\t<\/div>\n\t\t\t\t\t<\/div>\n\t\t<\/div>\n\t\t\t\t\t<\/div>\n\t\t<\/section>\n\t\t\t\t<section class=\"elementor-section elementor-top-section elementor-element elementor-element-383e9c8 elementor-section-boxed elementor-section-height-default elementor-section-height-default\" data-id=\"383e9c8\" data-element_type=\"section\" data-e-type=\"section\">\n\t\t\t\t\t\t<div class=\"elementor-container elementor-column-gap-default\">\n\t\t\t\t\t<div class=\"elementor-column elementor-col-100 elementor-top-column elementor-element elementor-element-cd6626a\" data-id=\"cd6626a\" data-element_type=\"column\" data-e-type=\"column\">\n\t\t\t<div class=\"elementor-widget-wrap elementor-element-populated\">\n\t\t\t\t\t\t<div class=\"elementor-element elementor-element-35e17b6 elementor-widget elementor-widget-spacer\" data-id=\"35e17b6\" data-element_type=\"widget\" data-e-type=\"widget\" data-widget_type=\"spacer.default\">\n\t\t\t\t<div class=\"elementor-widget-container\">\n\t\t\t\t\t\t\t<div class=\"elementor-spacer\">\n\t\t\t<div class=\"elementor-spacer-inner\"><\/div>\n\t\t<\/div>\n\t\t\t\t\t\t<\/div>\n\t\t\t\t<\/div>\n\t\t\t\t<div class=\"elementor-element elementor-element-d7d9284 elementor-widget elementor-widget-text-editor\" data-id=\"d7d9284\" data-element_type=\"widget\" data-e-type=\"widget\" data-widget_type=\"text-editor.default\">\n\t\t\t\t<div class=\"elementor-widget-container\">\n\t\t\t\t\t\t\t\t\t<p><span style=\"font-family: arial, helvetica, sans-serif; font-size: 18pt;\"><strong>\u00bfQui\u00e9nes somos?<\/strong><\/span><\/p><p>La Polic\u00eda Municipal de Goicoechea inici\u00f3 labores el 1.\u00b0 de diciembre del 2020, con el objetivo de realizar brindar un servicio de respuesta en materia de seguridad ciudadana en beneficio de todos los habitantes y comercio del cant\u00f3n o para visitantes en general.<\/p><p>A inicios del 2021 se ampliaron las funciones para este cuerpo policial y se empezaron a ver los frutos del esfuerzo y dedicaci\u00f3n de cada oficial de polic\u00eda, aumentaron los cumplimientos contra la delincuencia en el sector de Guadalupe y sus alrededores, esto respalda la labor que se hace d\u00eda con d\u00eda, se puede indicar que a la fecha somos una polic\u00eda PREVENTIVA Y DIN\u00c1MICA, desarroll\u00e1ndose en diferentes campos de acci\u00f3n. Un cuerpo policial que tiene como prioridad la prevenci\u00f3n del delito mediante el apoyo a la necesidad comunal donde estamos listos siempre para servir y en conjunto con las dem\u00e1s instituciones para velar la seguridad ciudadana.<\/p><p><span style=\"font-family: arial, helvetica, sans-serif; font-size: 14pt;\"><strong>Algunas de nuestras funciones son:<\/strong><\/span><\/p><ul><li>Mantener el orden p\u00fablico y el resguardo de los bienes muebles e inmuebles del municipio y la comunidad.<\/li><li>Colaborar con la comunidad en programas para el mejoramiento de la seguridad de los ciudadanos y prevenci\u00f3n del delito.<\/li><li>Brindar la vigilancia y seguridad necesaria en los diferentes acontecimientos que efect\u00faa el municipio.<\/li><li>Colaborar con los ciudadanos en la atenci\u00f3n de aquellos aspectos que pongan el peligro vidas humanas.<\/li><li>Colaborar con los dem\u00e1s entes policiales, autoridades judiciales y organismos de investigaci\u00f3n y prevenci\u00f3n del delito.<\/li><li>Realizar la suspensi\u00f3n total o parcial de puestos de ventas cuando se detecten anomal\u00edas o no se respete lo establecido por ley.<\/li><li>Aplicar las normas y leyes que regulan todo lo relacionado con las ventas callejeras y ferias.<\/li><\/ul><p>Se invita a toda la ciudadan\u00eda a informarse de los trabajos que realiza d\u00eda con d\u00eda la Polic\u00eda Municipal de Goicoechea mediante nuestras redes sociales:<\/p><p>\u00a0<strong>Polic\u00eda Municipal de Goicoechea.<\/strong><\/p><p><strong>Contactos:<\/strong><\/p><p><strong>Central Telef\u00f3nica Polic\u00eda Municipal de Goicoechea<\/strong><\/p><p><strong>Tel\u00e9fonos: 2527-6608 \/ 2527-6606<\/strong><\/p><p><strong>Horario de lunes a viernes, de 9 a. m. a 9 p. m; s\u00e1bados, de 6 a. m. a 6 p. m. y domingos, de 8 a. m. a 8 p. m.<\/strong>\u00f3<\/p>\t\t\t\t\t\t\t\t<\/div>\n\t\t\t\t<\/div>\n\t\t\t\t\t<\/div>\n\t\t<\/div>\n\t\t\t\t\t<\/div>\n\t\t<\/section>\n\t\t\t\t<\/div>\n\t\t","protected":false},"excerpt":{"rendered":"<p>Polic\u00eda Municipal \u00a0Brindar seguridad a nuestro cant\u00f3n es nuestra principal funci\u00f3n. \u00bfQui\u00e9nes somos? La Polic\u00eda Municipal de Goicoechea inici\u00f3 labores el 1.\u00b0 de diciembre del 2020, con el objetivo de realizar brindar un servicio de respuesta en materia de seguridad ciudadana en beneficio de todos los habitantes y comercio del cant\u00f3n o para visitantes en [&hellip;]<\/p>\n","protected":false},"author":37,"featured_media":0,"parent":0,"menu_order":0,"comment_status":"closed","ping_status":"closed","template":"elementor_header_footer","meta":{"_monsterinsights_skip_tracking":false,"_monsterinsights_sitenote_active":false,"_monsterinsights_sitenote_note":"","_monsterinsights_sitenote_category":0,"_joinchat":[],"footnotes":""},"class_list":["post-6642","page","type-page","status-publish","hentry"],"aioseo_notices":[],"yoast_head":"<!-- This site is optimized with the Yoast SEO plugin v27.1.1 - https:\/\/yoast.com\/product\/yoast-seo-wordpress\/ -->\n<title>Polic\u00eda Municipal &#8211; Municipalidad de Goicoechea<\/title>\n<meta name=\"robots\" content=\"index, follow, max-snippet:-1, max-image-preview:large, max-video-preview:-1\" \/>\n<link rel=\"canonical\" href=\"https:\/\/munigoicoechea.go.cr\/inicio\/policia-municipal\/\" \/>\n<meta property=\"og:locale\" content=\"es_ES\" \/>\n<meta property=\"og:type\" content=\"article\" \/>\n<meta property=\"og:title\" content=\"Polic\u00eda Municipal &#8211; Municipalidad de Goicoechea\" \/>\n<meta property=\"og:description\" content=\"Polic\u00eda Municipal \u00a0Brindar seguridad a nuestro cant\u00f3n es nuestra principal funci\u00f3n. \u00bfQui\u00e9nes somos? La Polic\u00eda Municipal de Goicoechea inici\u00f3 labores el 1.\u00b0 de diciembre del 2020, con el objetivo de realizar brindar un servicio de respuesta en materia de seguridad ciudadana en beneficio de todos los habitantes y comercio del cant\u00f3n o para visitantes en [&hellip;]\" \/>\n<meta property=\"og:url\" content=\"https:\/\/munigoicoechea.go.cr\/inicio\/policia-municipal\/\" \/>\n<meta property=\"og:site_name\" content=\"Municipalidad de Goicoechea\" \/>\n<meta property=\"article:publisher\" content=\"https:\/\/www.facebook.com\/munigoicooficial\/\" \/>\n<meta property=\"article:modified_time\" content=\"2022-06-08T18:57:43+00:00\" \/>\n<meta name=\"twitter:card\" content=\"summary_large_image\" \/>\n<meta name=\"twitter:label1\" content=\"Tiempo de lectura\" \/>\n\t<meta name=\"twitter:data1\" content=\"2 minutos\" \/>\n<script type=\"application\/ld+json\" class=\"yoast-schema-graph\">{\"@context\":\"https:\/\/schema.org\",\"@graph\":[{\"@type\":\"WebPage\",\"@id\":\"https:\/\/munigoicoechea.go.cr\/inicio\/policia-municipal\/\",\"url\":\"https:\/\/munigoicoechea.go.cr\/inicio\/policia-municipal\/\",\"name\":\"Polic\u00eda Municipal &#8211; Municipalidad de Goicoechea\",\"isPartOf\":{\"@id\":\"https:\/\/munigoicoechea.go.cr\/inicio\/#website\"},\"datePublished\":\"2021-09-15T06:17:05+00:00\",\"dateModified\":\"2022-06-08T18:57:43+00:00\",\"breadcrumb\":{\"@id\":\"https:\/\/munigoicoechea.go.cr\/inicio\/policia-municipal\/#breadcrumb\"},\"inLanguage\":\"es\",\"potentialAction\":[{\"@type\":\"ReadAction\",\"target\":[\"https:\/\/munigoicoechea.go.cr\/inicio\/policia-municipal\/\"]}]},{\"@type\":\"BreadcrumbList\",\"@id\":\"https:\/\/munigoicoechea.go.cr\/inicio\/policia-municipal\/#breadcrumb\",\"itemListElement\":[{\"@type\":\"ListItem\",\"position\":1,\"name\":\"Portada\",\"item\":\"https:\/\/munigoicoechea.go.cr\/inicio\/\"},{\"@type\":\"ListItem\",\"position\":2,\"name\":\"Polic\u00eda Municipal\"}]},{\"@type\":\"WebSite\",\"@id\":\"https:\/\/munigoicoechea.go.cr\/inicio\/#website\",\"url\":\"https:\/\/munigoicoechea.go.cr\/inicio\/\",\"name\":\"Municipalidad de Goicoechea\",\"description\":\"\u00a1Hacemos que las cosas sucedan!\",\"publisher\":{\"@id\":\"https:\/\/munigoicoechea.go.cr\/inicio\/#organization\"},\"potentialAction\":[{\"@type\":\"SearchAction\",\"target\":{\"@type\":\"EntryPoint\",\"urlTemplate\":\"https:\/\/munigoicoechea.go.cr\/inicio\/?s={search_term_string}\"},\"query-input\":{\"@type\":\"PropertyValueSpecification\",\"valueRequired\":true,\"valueName\":\"search_term_string\"}}],\"inLanguage\":\"es\"},{\"@type\":\"Organization\",\"@id\":\"https:\/\/munigoicoechea.go.cr\/inicio\/#organization\",\"name\":\"Municipalidad de Goicoechea\",\"url\":\"https:\/\/munigoicoechea.go.cr\/inicio\/\",\"logo\":{\"@type\":\"ImageObject\",\"inLanguage\":\"es\",\"@id\":\"https:\/\/munigoicoechea.go.cr\/inicio\/#\/schema\/logo\/image\/\",\"url\":\"https:\/\/i0.wp.com\/munigoicoechea.go.cr\/inicio\/wp-content\/uploads\/2021\/09\/cropped-cropped-Logo_Oficial-300x290-1.png?fit=512%2C512&ssl=1\",\"contentUrl\":\"https:\/\/i0.wp.com\/munigoicoechea.go.cr\/inicio\/wp-content\/uploads\/2021\/09\/cropped-cropped-Logo_Oficial-300x290-1.png?fit=512%2C512&ssl=1\",\"width\":512,\"height\":512,\"caption\":\"Municipalidad de Goicoechea\"},\"image\":{\"@id\":\"https:\/\/munigoicoechea.go.cr\/inicio\/#\/schema\/logo\/image\/\"},\"sameAs\":[\"https:\/\/www.facebook.com\/munigoicooficial\/\",\"https:\/\/www.youtube.com\/channel\/UCdAVgrbooTmXJlBeYMusKiA?reload=9\"]}]}<\/script>\n<!-- \/ Yoast SEO plugin. -->","yoast_head_json":{"title":"Polic\u00eda Municipal &#8211; Municipalidad de Goicoechea","robots":{"index":"index","follow":"follow","max-snippet":"max-snippet:-1","max-image-preview":"max-image-preview:large","max-video-preview":"max-video-preview:-1"},"canonical":"https:\/\/munigoicoechea.go.cr\/inicio\/policia-municipal\/","og_locale":"es_ES","og_type":"article","og_title":"Polic\u00eda Municipal &#8211; Municipalidad de Goicoechea","og_description":"Polic\u00eda Municipal \u00a0Brindar seguridad a nuestro cant\u00f3n es nuestra principal funci\u00f3n. \u00bfQui\u00e9nes somos? La Polic\u00eda Municipal de Goicoechea inici\u00f3 labores el 1.\u00b0 de diciembre del 2020, con el objetivo de realizar brindar un servicio de respuesta en materia de seguridad ciudadana en beneficio de todos los habitantes y comercio del cant\u00f3n o para visitantes en [&hellip;]","og_url":"https:\/\/munigoicoechea.go.cr\/inicio\/policia-municipal\/","og_site_name":"Municipalidad de Goicoechea","article_publisher":"https:\/\/www.facebook.com\/munigoicooficial\/","article_modified_time":"2022-06-08T18:57:43+00:00","twitter_card":"summary_large_image","twitter_misc":{"Tiempo de lectura":"2 minutos"},"schema":{"@context":"https:\/\/schema.org","@graph":[{"@type":"WebPage","@id":"https:\/\/munigoicoechea.go.cr\/inicio\/policia-municipal\/","url":"https:\/\/munigoicoechea.go.cr\/inicio\/policia-municipal\/","name":"Polic\u00eda Municipal &#8211; Municipalidad de Goicoechea","isPartOf":{"@id":"https:\/\/munigoicoechea.go.cr\/inicio\/#website"},"datePublished":"2021-09-15T06:17:05+00:00","dateModified":"2022-06-08T18:57:43+00:00","breadcrumb":{"@id":"https:\/\/munigoicoechea.go.cr\/inicio\/policia-municipal\/#breadcrumb"},"inLanguage":"es","potentialAction":[{"@type":"ReadAction","target":["https:\/\/munigoicoechea.go.cr\/inicio\/policia-municipal\/"]}]},{"@type":"BreadcrumbList","@id":"https:\/\/munigoicoechea.go.cr\/inicio\/policia-municipal\/#breadcrumb","itemListElement":[{"@type":"ListItem","position":1,"name":"Portada","item":"https:\/\/munigoicoechea.go.cr\/inicio\/"},{"@type":"ListItem","position":2,"name":"Polic\u00eda Municipal"}]},{"@type":"WebSite","@id":"https:\/\/munigoicoechea.go.cr\/inicio\/#website","url":"https:\/\/munigoicoechea.go.cr\/inicio\/","name":"Municipalidad de Goicoechea","description":"\u00a1Hacemos que las cosas sucedan!","publisher":{"@id":"https:\/\/munigoicoechea.go.cr\/inicio\/#organization"},"potentialAction":[{"@type":"SearchAction","target":{"@type":"EntryPoint","urlTemplate":"https:\/\/munigoicoechea.go.cr\/inicio\/?s={search_term_string}"},"query-input":{"@type":"PropertyValueSpecification","valueRequired":true,"valueName":"search_term_string"}}],"inLanguage":"es"},{"@type":"Organization","@id":"https:\/\/munigoicoechea.go.cr\/inicio\/#organization","name":"Municipalidad de Goicoechea","url":"https:\/\/munigoicoechea.go.cr\/inicio\/","logo":{"@type":"ImageObject","inLanguage":"es","@id":"https:\/\/munigoicoechea.go.cr\/inicio\/#\/schema\/logo\/image\/","url":"https:\/\/i0.wp.com\/munigoicoechea.go.cr\/inicio\/wp-content\/uploads\/2021\/09\/cropped-cropped-Logo_Oficial-300x290-1.png?fit=512%2C512&ssl=1","contentUrl":"https:\/\/i0.wp.com\/munigoicoechea.go.cr\/inicio\/wp-content\/uploads\/2021\/09\/cropped-cropped-Logo_Oficial-300x290-1.png?fit=512%2C512&ssl=1","width":512,"height":512,"caption":"Municipalidad de Goicoechea"},"image":{"@id":"https:\/\/munigoicoechea.go.cr\/inicio\/#\/schema\/logo\/image\/"},"sameAs":["https:\/\/www.facebook.com\/munigoicooficial\/","https:\/\/www.youtube.com\/channel\/UCdAVgrbooTmXJlBeYMusKiA?reload=9"]}]}},"jetpack_sharing_enabled":true,"_links":{"self":[{"href":"https:\/\/munigoicoechea.go.cr\/inicio\/wp-json\/wp\/v2\/pages\/6642","targetHints":{"allow":["GET"]}}],"collection":[{"href":"https:\/\/munigoicoechea.go.cr\/inicio\/wp-json\/wp\/v2\/pages"}],"about":[{"href":"https:\/\/munigoicoechea.go.cr\/inicio\/wp-json\/wp\/v2\/types\/page"}],"author":[{"embeddable":true,"href":"https:\/\/munigoicoechea.go.cr\/inicio\/wp-json\/wp\/v2\/users\/37"}],"replies":[{"embeddable":true,"href":"https:\/\/munigoicoechea.go.cr\/inicio\/wp-json\/wp\/v2\/comments?post=6642"}],"version-history":[{"count":43,"href":"https:\/\/munigoicoechea.go.cr\/inicio\/wp-json\/wp\/v2\/pages\/6642\/revisions"}],"predecessor-version":[{"id":9064,"href":"https:\/\/munigoicoechea.go.cr\/inicio\/wp-json\/wp\/v2\/pages\/6642\/revisions\/9064"}],"wp:attachment":[{"href":"https:\/\/munigoicoechea.go.cr\/inicio\/wp-json\/wp\/v2\/media?parent=6642"}],"curies":[{"name":"wp","href":"https:\/\/api.w.org\/{rel}","templated":true}]}}